{"id":207,"date":"2021-12-03T14:44:19","date_gmt":"2021-12-03T14:44:19","guid":{"rendered":"https:\/\/anuario2021.torrefuerte.bo\/?page_id=207"},"modified":"2021-12-31T15:27:30","modified_gmt":"2021-12-31T15:27:30","slug":"blindando-tu-hogar-del-enemigo","status":"publish","type":"page","link":"https:\/\/anuario2021.torrefuerte.bo\/index.php\/red-de-matrimonios\/blindando-tu-hogar-del-enemigo\/","title":{"rendered":"BLINDANDO TU HOGAR DEL ENEMIGO"},"content":{"rendered":"\n<p>El matrimonio, una instituci\u00f3n creada por Dios, un pilar fundamental en la sociedad, una traves\u00eda donde el esposo y la esposa quieren crecer en el amor del uno por el otro y experimentar la vida a plenitud. Pero lo que parece ser algo f\u00e1cil a veces se ve como un sue\u00f1o dif\u00edcil de alcanzar.<\/p>\n\n\n\n<p>Es por esta raz\u00f3n, que en esta oportunidad la Sub Red de Matrimonios Norte, liderada por Iver y Paola Von Borries, junto a su discipulado, realizaron el Seminario <strong>Blindando tu hogar del enemigo<\/strong>, donde, 6 matrimonios de l\u00edderes compartieron los siguientes temas:<\/p>\n\n\n\n<p>\u00b7 &nbsp; El prop\u00f3sito de Dios a trav\u00e9s del Matrimonio<\/p>\n\n\n\n<p>\u00b7 &nbsp; Instruyendo a los hijos en los caminos de Dios<\/p>\n\n\n\n<p>\u00b7 &nbsp; Finanzas en el hogar<\/p>\n\n\n\n<p>\u00b7 &nbsp; El perd\u00f3n &#8211; una clave en tu hogar<\/p>\n\n\n\n<p>\u00b7 &nbsp; Ceder &#8211; no es perder<\/p>\n\n\n\n<p>\u00b7 &nbsp; La adoraci\u00f3n en la familia<\/p>\n\n\n\n<p>Fueron dos sesiones online con una asistencia de 70 parejas de la Red de Matrimonios de TORRE FUERTE, un hermoso tiempo de ministraci\u00f3n a las familias de nuestra Casa.<\/p>\n\n\n\n<figure class=\"wp-block-image size-full\"><img loading=\"lazy\" decoding=\"async\" width=\"1024\" height=\"715\" src=\"http:\/\/anuario2021.torrefuerte.bo\/wp-content\/uploads\/2021\/12\/BLindando_02-1.jpg\" alt=\"\" class=\"wp-image-709\"\/><\/figure>\n\n\n\n<figure class=\"wp-block-image size-full\"><img loading=\"lazy\" decoding=\"async\" width=\"996\" height=\"447\" src=\"http:\/\/anuario2021.torrefuerte.bo\/wp-content\/uploads\/2021\/12\/BLindando_03-1.jpg\" alt=\"\" class=\"wp-image-710\"\/><\/figure>\n\n\n\n<figure class=\"wp-block-image size-full\"><img loading=\"lazy\" decoding=\"async\" width=\"810\" height=\"536\" src=\"http:\/\/anuario2021.torrefuerte.bo\/wp-content\/uploads\/2021\/12\/BLindando_04-1.jpg\" alt=\"\" class=\"wp-image-711\"\/><\/figure>\n\n\n\n<div class=\"wp-block-image\"><figure class=\"aligncenter size-full\"><img loading=\"lazy\" decoding=\"async\" width=\"696\" height=\"598\" src=\"http:\/\/anuario2021.torrefuerte.bo\/wp-content\/uploads\/2021\/12\/BLindando_05-1.jpg\" alt=\"\" class=\"wp-image-712\"\/><\/figure><\/div>\n\n\n\n<figure class=\"wp-block-image size-full\"><img loading=\"lazy\" decoding=\"async\" width=\"1012\" height=\"465\" src=\"http:\/\/anuario2021.torrefuerte.bo\/wp-content\/uploads\/2021\/12\/BLindando_06-1.jpg\" alt=\"\" class=\"wp-image-713\"\/><\/figure>\n\n\n\n<figure class=\"wp-block-image size-full\"><img loading=\"lazy\" decoding=\"async\" width=\"1024\" height=\"669\" src=\"http:\/\/anuario2021.torrefuerte.bo\/wp-content\/uploads\/2021\/12\/BLindando_07-1.jpg\" alt=\"\" class=\"wp-image-714\"\/><\/figure>\n\n\n\n<figure class=\"wp-block-image size-full\"><img loading=\"lazy\" decoding=\"async\" width=\"1280\" height=\"720\" src=\"http:\/\/anuario2021.torrefuerte.bo\/wp-content\/uploads\/2021\/12\/WhatsApp-Image-2021-12-15-at-1.57.56-PM-1.jpeg\" alt=\"\" class=\"wp-image-715\"\/><\/figure>\n\n\n\n<p class=\"has-text-align-center\"><p class=\"has-text-align-center\"><input type=\"button\" value=\"Volver\" class=\"alg_back_button_input \" style=\"\" onclick=\"window.history.back()\" \/><\/p><\/p>\n","protected":false},"excerpt":{"rendered":"<p>El matrimonio, una instituci\u00f3n creada por Dios, un pilar fundamental en la sociedad, una traves\u00eda donde el esposo y la esposa quieren crecer en el amor del uno por el otro y experimentar la vida a plenitud. Pero lo que parece ser algo f\u00e1cil a &hellip; <a href=\"https:\/\/anuario2021.torrefuerte.bo\/index.php\/red-de-matrimonios\/blindando-tu-hogar-del-enemigo\/\" class=\"more-link\"><span>Seguir leyendo<span class=\"screen-reader-text\">BLINDANDO TU HOGAR DEL ENEMIGO<\/span><\/span><\/a><\/p>\n","protected":false},"author":2,"featured_media":208,"parent":196,"menu_order":1,"comment_status":"closed","ping_status":"closed","template":"","meta":{"footnotes":""},"class_list":["post-207","page","type-page","status-publish","has-post-thumbnail","hentry"],"_links":{"self":[{"href":"https:\/\/anuario2021.torrefuerte.bo\/index.php\/wp-json\/wp\/v2\/pages\/207","targetHints":{"allow":["GET"]}}],"collection":[{"href":"https:\/\/anuario2021.torrefuerte.bo\/index.php\/wp-json\/wp\/v2\/pages"}],"about":[{"href":"https:\/\/anuario2021.torrefuerte.bo\/index.php\/wp-json\/wp\/v2\/types\/page"}],"author":[{"embeddable":true,"href":"https:\/\/anuario2021.torrefuerte.bo\/index.php\/wp-json\/wp\/v2\/users\/2"}],"replies":[{"embeddable":true,"href":"https:\/\/anuario2021.torrefuerte.bo\/index.php\/wp-json\/wp\/v2\/comments?post=207"}],"version-history":[{"count":4,"href":"https:\/\/anuario2021.torrefuerte.bo\/index.php\/wp-json\/wp\/v2\/pages\/207\/revisions"}],"predecessor-version":[{"id":815,"href":"https:\/\/anuario2021.torrefuerte.bo\/index.php\/wp-json\/wp\/v2\/pages\/207\/revisions\/815"}],"up":[{"embeddable":true,"href":"https:\/\/anuario2021.torrefuerte.bo\/index.php\/wp-json\/wp\/v2\/pages\/196"}],"wp:featuredmedia":[{"embeddable":true,"href":"https:\/\/anuario2021.torrefuerte.bo\/index.php\/wp-json\/wp\/v2\/media\/208"}],"wp:attachment":[{"href":"https:\/\/anuario2021.torrefuerte.bo\/index.php\/wp-json\/wp\/v2\/media?parent=207"}],"curies":[{"name":"wp","href":"https:\/\/api.w.org\/{rel}","templated":true}]}}