{"id":210,"date":"2021-12-03T14:48:37","date_gmt":"2021-12-03T14:48:37","guid":{"rendered":"https:\/\/anuario2021.torrefuerte.bo\/?page_id=210"},"modified":"2021-12-31T15:27:48","modified_gmt":"2021-12-31T15:27:48","slug":"ayuno-y-oracion-por-las-proximas-generaciones","status":"publish","type":"page","link":"https:\/\/anuario2021.torrefuerte.bo\/index.php\/red-de-matrimonios\/ayuno-y-oracion-por-las-proximas-generaciones\/","title":{"rendered":"AYUNO Y ORACI\u00d3N POR LAS PR\u00d3XIMAS GENERACIONES"},"content":{"rendered":"\n<p>El anhelo de Dios es que familias enteras crezcan en el amor y conocimiento del Se\u00f1or, en ese mismo anhelo, la Red de Matrimonios se pusieron de acuerdo para entrar en una jornada de 4 d\u00edas de oraci\u00f3n y ayuno por las pr\u00f3ximas generaciones (nuestros hijos); concluyendo en una Reuni\u00f3n General de alabanza, oraci\u00f3n e intercesi\u00f3n.<\/p>\n\n\n\n<p>Esta oraci\u00f3n e intercesi\u00f3n fue guiada por la poderosa y preciosa presencia del Esp\u00edritu Santo que obr\u00f3 en la vida y las familias de nuestra Casa. Junto al Pr. Gonzalo Zenteno y su esposa Mar\u00eda Luisa L\u00f3pez,&nbsp;padres, abuelos y t\u00edos clamaron en oraci\u00f3n por la vida, salud, profesi\u00f3n, trabajo, relaciones de la futura generaci\u00f3n que hoy podemos ver como se levantan con poder en las familias de TORRE FUERTE.<\/p>\n\n\n<div  id=\"jtg-268\" class=\"modula modula-gallery modula-creative-gallery\" data-config=\"{&quot;height&quot;:800,&quot;tabletHeight&quot;:800,&quot;mobileHeight&quot;:800,&quot;desktopHeight&quot;:800,&quot;enableTwitter&quot;:false,&quot;enableWhatsapp&quot;:false,&quot;enableFacebook&quot;:false,&quot;enablePinterest&quot;:false,&quot;enableLinkedin&quot;:false,&quot;enableEmail&quot;:false,&quot;randomFactor&quot;:0.5,&quot;type&quot;:&quot;creative-gallery&quot;,&quot;columns&quot;:12,&quot;gutter&quot;:10,&quot;mobileGutter&quot;:3,&quot;tabletGutter&quot;:5,&quot;desktopGutter&quot;:10,&quot;enableResponsive&quot;:&quot;0&quot;,&quot;tabletColumns&quot;:&quot;2&quot;,&quot;mobileColumns&quot;:&quot;1&quot;,&quot;lazyLoad&quot;:0,&quot;lightboxOpts&quot;:{&quot;animated&quot;:true,&quot;Thumbs&quot;:{&quot;type&quot;:&quot;modern&quot;,&quot;showOnStart&quot;:false},&quot;Toolbar&quot;:{&quot;display&quot;:{&quot;right&quot;:[&quot;close&quot;]},&quot;enabled&quot;:true},&quot;Carousel&quot;:{&quot;Panzoom&quot;:{&quot;touch&quot;:true},&quot;infinite&quot;:false},&quot;keyboard&quot;:{&quot;Escape&quot;:&quot;close&quot;,&quot;Delete&quot;:&quot;close&quot;,&quot;Backspace&quot;:&quot;close&quot;,&quot;PageUp&quot;:false,&quot;PageDown&quot;:false,&quot;ArrowUp&quot;:false,&quot;ArrowDown&quot;:false,&quot;ArrowRight&quot;:false,&quot;ArrowLeft&quot;:false},&quot;touch&quot;:false,&quot;backdropClick&quot;:false,&quot;l10n&quot;:{&quot;CLOSE&quot;:&quot;Cerrar&quot;,&quot;NEXT&quot;:&quot;Siguiente&quot;,&quot;PREV&quot;:&quot;Anterior&quot;,&quot;Error&quot;:&quot;No se ha podido cargar el contenido solicitado. Por favor, int\\u00e9ntalo de nuevo m\\u00e1s tarde.&quot;,&quot;PLAY_START&quot;:&quot;Empezar la presentaci\\u00f3n&quot;,&quot;PLAY_STOP&quot;:&quot;Pausar la presentaci\\u00f3n&quot;,&quot;FULL_SCREEN&quot;:&quot;Pantalla completa&quot;,&quot;THUMBS&quot;:&quot;Miniaturas&quot;,&quot;DOWNLOAD&quot;:&quot;Descargar&quot;,&quot;SHARE&quot;:&quot;Compartir&quot;,&quot;ZOOM&quot;:&quot;Zoom&quot;,&quot;EMAIL&quot;:&quot;Here is the link to the image : %%image_link%% and this is the link to the gallery : %%gallery_link%%&quot;,&quot;MODAL&quot;:&quot;Puedes cerrar este contenido emergente con la tecla ESC&quot;,&quot;ERROR&quot;:&quot;Algo ha ido mal, pro favor, prueba de nuevo m\\u00e1s tarde&quot;,&quot;IMAGE_ERROR&quot;:&quot;Imagen no encontrada&quot;,&quot;ELEMENT_NOT_FOUND&quot;:&quot;No se ha encontrado el elemento HTML&quot;,&quot;AJAX_NOT_FOUND&quot;:&quot;Error al cargar AJAX: No encontrado&quot;,&quot;AJAX_FORBIDDEN&quot;:&quot;Error al cargar AJAX: Prohibido&quot;,&quot;IFRAME_ERROR&quot;:&quot;Error al cargar la p\\u00e1gina&quot;,&quot;TOGGLE_ZOOM&quot;:&quot;Alternar nivel de ampliar\\\/acercar&quot;,&quot;TOGGLE_THUMBS&quot;:&quot;Alternar miniaturas&quot;,&quot;TOGGLE_SLIDESHOW&quot;:&quot;Alternar diapositiva&quot;,&quot;TOGGLE_FULLSCREEN&quot;:&quot;Cambiar al modo de pantalla completa&quot;},&quot;Images&quot;:{&quot;Panzoom&quot;:{&quot;maxScale&quot;:2}},&quot;mainClass&quot;:&quot;modula-fancybox-container modula-lightbox-jtg-268&quot;,&quot;Html&quot;:{&quot;videoAutoplay&quot;:0,&quot;videoTpl&quot;:&quot;&lt;video class=\\&quot;fancybox__html5video\\&quot; controls muted playsinline controlsList controlsList=\\&quot;nodownload\\&quot; poster=\\&quot;{{poster}}\\&quot; src=\\&quot;{{src}}\\&quot; type=\\&quot;{{format}}\\&quot; &gt;  Sorry, your browser doesn&#039;t support embedded videos, &lt;a href=\\&quot;{{src}}\\&quot;&gt; download &lt;\\\/a&gt; and watch with your favorite video player! &lt;\\\/video&gt;&quot;}},&quot;inView&quot;:false,&quot;email_subject&quot;:&quot;Check out this awesome image !!&quot;,&quot;email_message&quot;:&quot;Here is the link to the image : %%image_link%% and this is the link to the gallery : %%gallery_link%%&quot;,&quot;lightbox&quot;:&quot;fancybox&quot;}\">\n\n\t\n\t<div  class=\"modula-items\">\n\t\t<div class=\"modula-item effect-pufrobo\" >\n\t<div class=\"modula-item-overlay\"><\/div>\n\n\t<div class=\"modula-item-content\">\n\n\t\t<a data-image-id=\"263\" role=\"button\" tabindex=\"0\" rel=\"jtg-268\" data-caption=\"\" aria-label=\"Abrir la imagen en una caja de luz\" class=\"tile-inner modula-item-link\"><\/a><img loading=\"lazy\" decoding=\"async\" class=\"pic wp-image-263\"  data-valign=\"middle\" data-halign=\"center\" alt=\"\" data-full=\"https:\/\/anuario2021.torrefuerte.bo\/wp-content\/uploads\/2021\/12\/OracionAyuno_14.jpg\" title=\"OracionAyuno_14\" crop=\"\" width=\"1920\" height=\"1031\" src=\"https:\/\/anuario2021.torrefuerte.bo\/wp-content\/uploads\/2021\/12\/OracionAyuno_14.jpg\" data-src=\"https:\/\/anuario2021.torrefuerte.bo\/wp-content\/uploads\/2021\/12\/OracionAyuno_14.jpg\" data-caption=\"\" srcset=\"https:\/\/anuario2021.torrefuerte.bo\/wp-content\/uploads\/2021\/12\/OracionAyuno_14.jpg 1920w, https:\/\/anuario2021.torrefuerte.bo\/wp-content\/uploads\/2021\/12\/OracionAyuno_14-1536x825.jpg 1536w\" sizes=\"auto, (max-width: 1920px) 100vw, 1920px\" \/>\n\t\t<div class=\"figc no-description\">\n\t\t\t<div class=\"figc-inner\">\n\t\t\t\t\t\t\t\t\t\t\t\t\t\t\t<\/div>\n\t\t<\/div>\n\n\t<\/div>\n\n<\/div><div class=\"modula-item effect-pufrobo\" >\n\t<div class=\"modula-item-overlay\"><\/div>\n\n\t<div class=\"modula-item-content\">\n\n\t\t<a data-image-id=\"262\" role=\"button\" tabindex=\"0\" rel=\"jtg-268\" data-caption=\"\" aria-label=\"Abrir la imagen en una caja de luz\" class=\"tile-inner modula-item-link\"><\/a><img loading=\"lazy\" decoding=\"async\" class=\"pic wp-image-262\"  data-valign=\"middle\" data-halign=\"center\" alt=\"\" data-full=\"https:\/\/anuario2021.torrefuerte.bo\/wp-content\/uploads\/2021\/12\/OracionAyuno_13.jpg\" title=\"OracionAyuno_13\" crop=\"\" width=\"1920\" height=\"1062\" src=\"https:\/\/anuario2021.torrefuerte.bo\/wp-content\/uploads\/2021\/12\/OracionAyuno_13.jpg\" data-src=\"https:\/\/anuario2021.torrefuerte.bo\/wp-content\/uploads\/2021\/12\/OracionAyuno_13.jpg\" data-caption=\"\" srcset=\"https:\/\/anuario2021.torrefuerte.bo\/wp-content\/uploads\/2021\/12\/OracionAyuno_13.jpg 1920w, https:\/\/anuario2021.torrefuerte.bo\/wp-content\/uploads\/2021\/12\/OracionAyuno_13-1536x850.jpg 1536w\" sizes=\"auto, (max-width: 1920px) 100vw, 1920px\" \/>\n\t\t<div class=\"figc no-description\">\n\t\t\t<div class=\"figc-inner\">\n\t\t\t\t\t\t\t\t\t\t\t\t\t\t\t<\/div>\n\t\t<\/div>\n\n\t<\/div>\n\n<\/div><div class=\"modula-item effect-pufrobo\" >\n\t<div class=\"modula-item-overlay\"><\/div>\n\n\t<div class=\"modula-item-content\">\n\n\t\t<a data-image-id=\"261\" role=\"button\" tabindex=\"0\" rel=\"jtg-268\" data-caption=\"\" aria-label=\"Abrir la imagen en una caja de luz\" class=\"tile-inner modula-item-link\"><\/a><img loading=\"lazy\" decoding=\"async\" class=\"pic wp-image-261\"  data-valign=\"middle\" data-halign=\"center\" alt=\"\" data-full=\"https:\/\/anuario2021.torrefuerte.bo\/wp-content\/uploads\/2021\/12\/OracionAyuno_12.jpg\" title=\"OracionAyuno_12\" crop=\"\" width=\"1920\" height=\"1537\" src=\"https:\/\/anuario2021.torrefuerte.bo\/wp-content\/uploads\/2021\/12\/OracionAyuno_12.jpg\" data-src=\"https:\/\/anuario2021.torrefuerte.bo\/wp-content\/uploads\/2021\/12\/OracionAyuno_12.jpg\" data-caption=\"\" srcset=\"https:\/\/anuario2021.torrefuerte.bo\/wp-content\/uploads\/2021\/12\/OracionAyuno_12.jpg 1920w, https:\/\/anuario2021.torrefuerte.bo\/wp-content\/uploads\/2021\/12\/OracionAyuno_12-1536x1230.jpg 1536w\" sizes=\"auto, (max-width: 1920px) 100vw, 1920px\" \/>\n\t\t<div class=\"figc no-description\">\n\t\t\t<div class=\"figc-inner\">\n\t\t\t\t\t\t\t\t\t\t\t\t\t\t\t<\/div>\n\t\t<\/div>\n\n\t<\/div>\n\n<\/div><div class=\"modula-item effect-pufrobo\" >\n\t<div class=\"modula-item-overlay\"><\/div>\n\n\t<div class=\"modula-item-content\">\n\n\t\t<a data-image-id=\"260\" role=\"button\" tabindex=\"0\" rel=\"jtg-268\" data-caption=\"\" aria-label=\"Abrir la imagen en una caja de luz\" class=\"tile-inner modula-item-link\"><\/a><img loading=\"lazy\" decoding=\"async\" class=\"pic wp-image-260\"  data-valign=\"middle\" data-halign=\"center\" alt=\"\" data-full=\"https:\/\/anuario2021.torrefuerte.bo\/wp-content\/uploads\/2021\/12\/OracionAyuno_11.jpg\" title=\"OracionAyuno_11\" crop=\"\" width=\"1920\" height=\"1107\" src=\"https:\/\/anuario2021.torrefuerte.bo\/wp-content\/uploads\/2021\/12\/OracionAyuno_11.jpg\" data-src=\"https:\/\/anuario2021.torrefuerte.bo\/wp-content\/uploads\/2021\/12\/OracionAyuno_11.jpg\" data-caption=\"\" srcset=\"https:\/\/anuario2021.torrefuerte.bo\/wp-content\/uploads\/2021\/12\/OracionAyuno_11.jpg 1920w, https:\/\/anuario2021.torrefuerte.bo\/wp-content\/uploads\/2021\/12\/OracionAyuno_11-1536x886.jpg 1536w\" sizes=\"auto, (max-width: 1920px) 100vw, 1920px\" \/>\n\t\t<div class=\"figc no-description\">\n\t\t\t<div class=\"figc-inner\">\n\t\t\t\t\t\t\t\t\t\t\t\t\t\t\t<\/div>\n\t\t<\/div>\n\n\t<\/div>\n\n<\/div><div class=\"modula-item effect-pufrobo\" >\n\t<div class=\"modula-item-overlay\"><\/div>\n\n\t<div class=\"modula-item-content\">\n\n\t\t<a data-image-id=\"259\" role=\"button\" tabindex=\"0\" rel=\"jtg-268\" data-caption=\"\" aria-label=\"Abrir la imagen en una caja de luz\" class=\"tile-inner modula-item-link\"><\/a><img loading=\"lazy\" decoding=\"async\" class=\"pic wp-image-259\"  data-valign=\"middle\" data-halign=\"center\" alt=\"\" data-full=\"https:\/\/anuario2021.torrefuerte.bo\/wp-content\/uploads\/2021\/12\/OracionAyuno_10.jpg\" title=\"OracionAyuno_10\" crop=\"\" width=\"1920\" height=\"1102\" src=\"https:\/\/anuario2021.torrefuerte.bo\/wp-content\/uploads\/2021\/12\/OracionAyuno_10.jpg\" data-src=\"https:\/\/anuario2021.torrefuerte.bo\/wp-content\/uploads\/2021\/12\/OracionAyuno_10.jpg\" data-caption=\"\" srcset=\"https:\/\/anuario2021.torrefuerte.bo\/wp-content\/uploads\/2021\/12\/OracionAyuno_10.jpg 1920w, https:\/\/anuario2021.torrefuerte.bo\/wp-content\/uploads\/2021\/12\/OracionAyuno_10-1536x882.jpg 1536w\" sizes=\"auto, (max-width: 1920px) 100vw, 1920px\" \/>\n\t\t<div class=\"figc no-description\">\n\t\t\t<div class=\"figc-inner\">\n\t\t\t\t\t\t\t\t\t\t\t\t\t\t\t<\/div>\n\t\t<\/div>\n\n\t<\/div>\n\n<\/div><div class=\"modula-item effect-pufrobo\" >\n\t<div class=\"modula-item-overlay\"><\/div>\n\n\t<div class=\"modula-item-content\">\n\n\t\t<a data-image-id=\"258\" role=\"button\" tabindex=\"0\" rel=\"jtg-268\" data-caption=\"\" aria-label=\"Abrir la imagen en una caja de luz\" class=\"tile-inner modula-item-link\"><\/a><img loading=\"lazy\" decoding=\"async\" class=\"pic wp-image-258\"  data-valign=\"middle\" data-halign=\"center\" alt=\"\" data-full=\"https:\/\/anuario2021.torrefuerte.bo\/wp-content\/uploads\/2021\/12\/OracionAyuno_09.jpg\" title=\"OracionAyuno_09\" crop=\"\" width=\"1920\" height=\"1280\" src=\"https:\/\/anuario2021.torrefuerte.bo\/wp-content\/uploads\/2021\/12\/OracionAyuno_09.jpg\" data-src=\"https:\/\/anuario2021.torrefuerte.bo\/wp-content\/uploads\/2021\/12\/OracionAyuno_09.jpg\" data-caption=\"\" srcset=\"https:\/\/anuario2021.torrefuerte.bo\/wp-content\/uploads\/2021\/12\/OracionAyuno_09.jpg 1920w, https:\/\/anuario2021.torrefuerte.bo\/wp-content\/uploads\/2021\/12\/OracionAyuno_09-1536x1024.jpg 1536w\" sizes=\"auto, (max-width: 1920px) 100vw, 1920px\" \/>\n\t\t<div class=\"figc no-description\">\n\t\t\t<div class=\"figc-inner\">\n\t\t\t\t\t\t\t\t\t\t\t\t\t\t\t<\/div>\n\t\t<\/div>\n\n\t<\/div>\n\n<\/div><div class=\"modula-item effect-pufrobo\" >\n\t<div class=\"modula-item-overlay\"><\/div>\n\n\t<div class=\"modula-item-content\">\n\n\t\t<a data-image-id=\"257\" role=\"button\" tabindex=\"0\" rel=\"jtg-268\" data-caption=\"\" aria-label=\"Abrir la imagen en una caja de luz\" class=\"tile-inner modula-item-link\"><\/a><img loading=\"lazy\" decoding=\"async\" class=\"pic wp-image-257\"  data-valign=\"middle\" data-halign=\"center\" alt=\"\" data-full=\"https:\/\/anuario2021.torrefuerte.bo\/wp-content\/uploads\/2021\/12\/OracionAyuno_08.jpg\" title=\"OracionAyuno_08\" crop=\"\" width=\"1920\" height=\"1280\" src=\"https:\/\/anuario2021.torrefuerte.bo\/wp-content\/uploads\/2021\/12\/OracionAyuno_08.jpg\" data-src=\"https:\/\/anuario2021.torrefuerte.bo\/wp-content\/uploads\/2021\/12\/OracionAyuno_08.jpg\" data-caption=\"\" srcset=\"https:\/\/anuario2021.torrefuerte.bo\/wp-content\/uploads\/2021\/12\/OracionAyuno_08.jpg 1920w, https:\/\/anuario2021.torrefuerte.bo\/wp-content\/uploads\/2021\/12\/OracionAyuno_08-1536x1024.jpg 1536w\" sizes=\"auto, (max-width: 1920px) 100vw, 1920px\" \/>\n\t\t<div class=\"figc no-description\">\n\t\t\t<div class=\"figc-inner\">\n\t\t\t\t\t\t\t\t\t\t\t\t\t\t\t<\/div>\n\t\t<\/div>\n\n\t<\/div>\n\n<\/div><div class=\"modula-item effect-pufrobo\" >\n\t<div class=\"modula-item-overlay\"><\/div>\n\n\t<div class=\"modula-item-content\">\n\n\t\t<a data-image-id=\"250\" role=\"button\" tabindex=\"0\" rel=\"jtg-268\" data-caption=\"\" aria-label=\"Abrir la imagen en una caja de luz\" class=\"tile-inner modula-item-link\"><\/a><img loading=\"lazy\" decoding=\"async\" class=\"pic wp-image-250\"  data-valign=\"middle\" data-halign=\"center\" alt=\"\" data-full=\"https:\/\/anuario2021.torrefuerte.bo\/wp-content\/uploads\/2021\/12\/OracionAyuno_01.jpg\" title=\"OracionAyuno_01\" crop=\"\" width=\"1200\" height=\"800\" src=\"https:\/\/anuario2021.torrefuerte.bo\/wp-content\/uploads\/2021\/12\/OracionAyuno_01.jpg\" data-src=\"https:\/\/anuario2021.torrefuerte.bo\/wp-content\/uploads\/2021\/12\/OracionAyuno_01.jpg\" data-caption=\"\"\/>\n\t\t<div class=\"figc no-description\">\n\t\t\t<div class=\"figc-inner\">\n\t\t\t\t\t\t\t\t\t\t\t\t\t\t\t<\/div>\n\t\t<\/div>\n\n\t<\/div>\n\n<\/div><div class=\"modula-item effect-pufrobo\" >\n\t<div class=\"modula-item-overlay\"><\/div>\n\n\t<div class=\"modula-item-content\">\n\n\t\t<a data-image-id=\"251\" role=\"button\" tabindex=\"0\" rel=\"jtg-268\" data-caption=\"\" aria-label=\"Abrir la imagen en una caja de luz\" class=\"tile-inner modula-item-link\"><\/a><img loading=\"lazy\" decoding=\"async\" class=\"pic wp-image-251\"  data-valign=\"middle\" data-halign=\"center\" alt=\"\" data-full=\"https:\/\/anuario2021.torrefuerte.bo\/wp-content\/uploads\/2021\/12\/OracionAyuno_02.jpg\" title=\"OracionAyuno_02\" crop=\"\" width=\"1200\" height=\"1472\" src=\"https:\/\/anuario2021.torrefuerte.bo\/wp-content\/uploads\/2021\/12\/OracionAyuno_02.jpg\" data-src=\"https:\/\/anuario2021.torrefuerte.bo\/wp-content\/uploads\/2021\/12\/OracionAyuno_02.jpg\" data-caption=\"\"\/>\n\t\t<div class=\"figc no-description\">\n\t\t\t<div class=\"figc-inner\">\n\t\t\t\t\t\t\t\t\t\t\t\t\t\t\t<\/div>\n\t\t<\/div>\n\n\t<\/div>\n\n<\/div><div class=\"modula-item effect-pufrobo\" >\n\t<div class=\"modula-item-overlay\"><\/div>\n\n\t<div class=\"modula-item-content\">\n\n\t\t<a data-image-id=\"252\" role=\"button\" tabindex=\"0\" rel=\"jtg-268\" data-caption=\"\" aria-label=\"Abrir la imagen en una caja de luz\" class=\"tile-inner modula-item-link\"><\/a><img loading=\"lazy\" decoding=\"async\" class=\"pic wp-image-252\"  data-valign=\"middle\" data-halign=\"center\" alt=\"\" data-full=\"https:\/\/anuario2021.torrefuerte.bo\/wp-content\/uploads\/2021\/12\/OracionAyuno_03.jpg\" title=\"OracionAyuno_03\" crop=\"\" width=\"1200\" height=\"837\" src=\"https:\/\/anuario2021.torrefuerte.bo\/wp-content\/uploads\/2021\/12\/OracionAyuno_03.jpg\" data-src=\"https:\/\/anuario2021.torrefuerte.bo\/wp-content\/uploads\/2021\/12\/OracionAyuno_03.jpg\" data-caption=\"\"\/>\n\t\t<div class=\"figc no-description\">\n\t\t\t<div class=\"figc-inner\">\n\t\t\t\t\t\t\t\t\t\t\t\t\t\t\t<\/div>\n\t\t<\/div>\n\n\t<\/div>\n\n<\/div><div class=\"modula-item effect-pufrobo\" >\n\t<div class=\"modula-item-overlay\"><\/div>\n\n\t<div class=\"modula-item-content\">\n\n\t\t<a data-image-id=\"253\" role=\"button\" tabindex=\"0\" rel=\"jtg-268\" data-caption=\"\" aria-label=\"Abrir la imagen en una caja de luz\" class=\"tile-inner modula-item-link\"><\/a><img loading=\"lazy\" decoding=\"async\" class=\"pic wp-image-253\"  data-valign=\"middle\" data-halign=\"center\" alt=\"\" data-full=\"https:\/\/anuario2021.torrefuerte.bo\/wp-content\/uploads\/2021\/12\/OracionAyuno_04.jpg\" title=\"OracionAyuno_04\" crop=\"\" width=\"1920\" height=\"702\" src=\"https:\/\/anuario2021.torrefuerte.bo\/wp-content\/uploads\/2021\/12\/OracionAyuno_04.jpg\" data-src=\"https:\/\/anuario2021.torrefuerte.bo\/wp-content\/uploads\/2021\/12\/OracionAyuno_04.jpg\" data-caption=\"\" srcset=\"https:\/\/anuario2021.torrefuerte.bo\/wp-content\/uploads\/2021\/12\/OracionAyuno_04.jpg 1920w, https:\/\/anuario2021.torrefuerte.bo\/wp-content\/uploads\/2021\/12\/OracionAyuno_04-1536x562.jpg 1536w\" sizes=\"auto, (max-width: 1920px) 100vw, 1920px\" \/>\n\t\t<div class=\"figc no-description\">\n\t\t\t<div class=\"figc-inner\">\n\t\t\t\t\t\t\t\t\t\t\t\t\t\t\t<\/div>\n\t\t<\/div>\n\n\t<\/div>\n\n<\/div><div class=\"modula-item effect-pufrobo\" >\n\t<div class=\"modula-item-overlay\"><\/div>\n\n\t<div class=\"modula-item-content\">\n\n\t\t<a data-image-id=\"254\" role=\"button\" tabindex=\"0\" rel=\"jtg-268\" data-caption=\"\" aria-label=\"Abrir la imagen en una caja de luz\" class=\"tile-inner modula-item-link\"><\/a><img loading=\"lazy\" decoding=\"async\" class=\"pic wp-image-254\"  data-valign=\"middle\" data-halign=\"center\" alt=\"\" data-full=\"https:\/\/anuario2021.torrefuerte.bo\/wp-content\/uploads\/2021\/12\/OracionAyuno_05.jpg\" title=\"OracionAyuno_05\" crop=\"\" width=\"1200\" height=\"1506\" src=\"https:\/\/anuario2021.torrefuerte.bo\/wp-content\/uploads\/2021\/12\/OracionAyuno_05.jpg\" data-src=\"https:\/\/anuario2021.torrefuerte.bo\/wp-content\/uploads\/2021\/12\/OracionAyuno_05.jpg\" data-caption=\"\"\/>\n\t\t<div class=\"figc no-description\">\n\t\t\t<div class=\"figc-inner\">\n\t\t\t\t\t\t\t\t\t\t\t\t\t\t\t<\/div>\n\t\t<\/div>\n\n\t<\/div>\n\n<\/div><div class=\"modula-item effect-pufrobo\" >\n\t<div class=\"modula-item-overlay\"><\/div>\n\n\t<div class=\"modula-item-content\">\n\n\t\t<a data-image-id=\"255\" role=\"button\" tabindex=\"0\" rel=\"jtg-268\" data-caption=\"\" aria-label=\"Abrir la imagen en una caja de luz\" class=\"tile-inner modula-item-link\"><\/a><img loading=\"lazy\" decoding=\"async\" class=\"pic wp-image-255\"  data-valign=\"middle\" data-halign=\"center\" alt=\"\" data-full=\"https:\/\/anuario2021.torrefuerte.bo\/wp-content\/uploads\/2021\/12\/OracionAyuno_06.jpg\" title=\"OracionAyuno_06\" crop=\"\" width=\"1920\" height=\"1363\" src=\"https:\/\/anuario2021.torrefuerte.bo\/wp-content\/uploads\/2021\/12\/OracionAyuno_06.jpg\" data-src=\"https:\/\/anuario2021.torrefuerte.bo\/wp-content\/uploads\/2021\/12\/OracionAyuno_06.jpg\" data-caption=\"\" srcset=\"https:\/\/anuario2021.torrefuerte.bo\/wp-content\/uploads\/2021\/12\/OracionAyuno_06.jpg 1920w, https:\/\/anuario2021.torrefuerte.bo\/wp-content\/uploads\/2021\/12\/OracionAyuno_06-1536x1090.jpg 1536w\" sizes=\"auto, (max-width: 1920px) 100vw, 1920px\" \/>\n\t\t<div class=\"figc no-description\">\n\t\t\t<div class=\"figc-inner\">\n\t\t\t\t\t\t\t\t\t\t\t\t\t\t\t<\/div>\n\t\t<\/div>\n\n\t<\/div>\n\n<\/div><div class=\"modula-item effect-pufrobo\" >\n\t<div class=\"modula-item-overlay\"><\/div>\n\n\t<div class=\"modula-item-content\">\n\n\t\t<a data-image-id=\"256\" role=\"button\" tabindex=\"0\" rel=\"jtg-268\" data-caption=\"\" aria-label=\"Abrir la imagen en una caja de luz\" class=\"tile-inner modula-item-link\"><\/a><img loading=\"lazy\" decoding=\"async\" class=\"pic wp-image-256\"  data-valign=\"middle\" data-halign=\"center\" alt=\"\" data-full=\"https:\/\/anuario2021.torrefuerte.bo\/wp-content\/uploads\/2021\/12\/OracionAyuno_07.jpg\" title=\"OracionAyuno_07\" crop=\"\" width=\"1920\" height=\"987\" src=\"https:\/\/anuario2021.torrefuerte.bo\/wp-content\/uploads\/2021\/12\/OracionAyuno_07.jpg\" data-src=\"https:\/\/anuario2021.torrefuerte.bo\/wp-content\/uploads\/2021\/12\/OracionAyuno_07.jpg\" data-caption=\"\" srcset=\"https:\/\/anuario2021.torrefuerte.bo\/wp-content\/uploads\/2021\/12\/OracionAyuno_07.jpg 1920w, https:\/\/anuario2021.torrefuerte.bo\/wp-content\/uploads\/2021\/12\/OracionAyuno_07-1536x790.jpg 1536w\" sizes=\"auto, (max-width: 1920px) 100vw, 1920px\" \/>\n\t\t<div class=\"figc no-description\">\n\t\t\t<div class=\"figc-inner\">\n\t\t\t\t\t\t\t\t\t\t\t\t\t\t\t<\/div>\n\t\t<\/div>\n\n\t<\/div>\n\n<\/div>\t\t\n\t<\/div>\n\n\t\n\t\n\t<script type=\"application\/ld+json\">\n\t{\n\t\t\"@context\": \"http:\/\/schema.org\",\n\t\t\"@type\"   : \"ImageGallery\",\n\t\t\"id\"      : \"https:\/\/anuario2021.torrefuerte.bo\/index.php\/red-de-matrimonios\/ayuno-y-oracion-por-las-proximas-generaciones\/\",\n\t\t\"url\"     : \"https:\/\/anuario2021.torrefuerte.bo\/index.php\/red-de-matrimonios\/ayuno-y-oracion-por-las-proximas-generaciones\/\"\n\t}\n\n\t<\/script>\n\n\t\n<\/div>\n\n\n\n<p class=\"has-text-align-center\"><p class=\"has-text-align-center\"><input type=\"button\" value=\"Volver\" class=\"alg_back_button_input \" style=\"\" onclick=\"window.history.back()\" \/><\/p><\/p>\n","protected":false},"excerpt":{"rendered":"<p>El anhelo de Dios es que familias enteras crezcan en el amor y conocimiento del Se\u00f1or, en ese mismo anhelo, la Red de Matrimonios se pusieron de acuerdo para entrar en una jornada de 4 d\u00edas de oraci\u00f3n y ayuno por las pr\u00f3ximas generaciones (nuestros &hellip; <a href=\"https:\/\/anuario2021.torrefuerte.bo\/index.php\/red-de-matrimonios\/ayuno-y-oracion-por-las-proximas-generaciones\/\" class=\"more-link\"><span>Seguir leyendo<span class=\"screen-reader-text\">AYUNO Y ORACI\u00d3N POR LAS PR\u00d3XIMAS GENERACIONES<\/span><\/span><\/a><\/p>\n","protected":false},"author":2,"featured_media":211,"parent":196,"menu_order":2,"comment_status":"closed","ping_status":"closed","template":"","meta":{"footnotes":""},"class_list":["post-210","page","type-page","status-publish","has-post-thumbnail","hentry"],"_links":{"self":[{"href":"https:\/\/anuario2021.torrefuerte.bo\/index.php\/wp-json\/wp\/v2\/pages\/210","targetHints":{"allow":["GET"]}}],"collection":[{"href":"https:\/\/anuario2021.torrefuerte.bo\/index.php\/wp-json\/wp\/v2\/pages"}],"about":[{"href":"https:\/\/anuario2021.torrefuerte.bo\/index.php\/wp-json\/wp\/v2\/types\/page"}],"author":[{"embeddable":true,"href":"https:\/\/anuario2021.torrefuerte.bo\/index.php\/wp-json\/wp\/v2\/users\/2"}],"replies":[{"embeddable":true,"href":"https:\/\/anuario2021.torrefuerte.bo\/index.php\/wp-json\/wp\/v2\/comments?post=210"}],"version-history":[{"count":7,"href":"https:\/\/anuario2021.torrefuerte.bo\/index.php\/wp-json\/wp\/v2\/pages\/210\/revisions"}],"predecessor-version":[{"id":816,"href":"https:\/\/anuario2021.torrefuerte.bo\/index.php\/wp-json\/wp\/v2\/pages\/210\/revisions\/816"}],"up":[{"embeddable":true,"href":"https:\/\/anuario2021.torrefuerte.bo\/index.php\/wp-json\/wp\/v2\/pages\/196"}],"wp:featuredmedia":[{"embeddable":true,"href":"https:\/\/anuario2021.torrefuerte.bo\/index.php\/wp-json\/wp\/v2\/media\/211"}],"wp:attachment":[{"href":"https:\/\/anuario2021.torrefuerte.bo\/index.php\/wp-json\/wp\/v2\/media?parent=210"}],"curies":[{"name":"wp","href":"https:\/\/api.w.org\/{rel}","templated":true}]}}