{"id":213,"date":"2021-12-03T14:52:10","date_gmt":"2021-12-03T14:52:10","guid":{"rendered":"https:\/\/anuario2021.torrefuerte.bo\/?page_id=213"},"modified":"2021-12-31T15:28:08","modified_gmt":"2021-12-31T15:28:08","slug":"celebrando-santa-cruz","status":"publish","type":"page","link":"https:\/\/anuario2021.torrefuerte.bo\/index.php\/red-de-matrimonios\/celebrando-santa-cruz\/","title":{"rendered":"CELEBRANDO SANTA CRUZ"},"content":{"rendered":"\n<p>La FINAL DEL PREMIO DEL SABER qued\u00f3 pendiente desde 2019. Pero \u00a1LLEG\u00d3 EL D\u00cdA!&nbsp; y en honor a Santa Cruz y con el esfuerzo y organizaci\u00f3n de la Red de Matrimonios junto a todo el equipo de trabajo dedicado al Premio del Saber <strong>\u00a1SE HIZO! <\/strong>&nbsp;<\/p>\n\n\n\n<p>En medio de mucha alegr\u00eda, entusiasmo, nerviosismo y festejo, logramos tener al ganador de la<strong> 2da Versi\u00f3n,<\/strong> que demostrando conocimiento de la Palabra, dominio propio y destreza para responder las preguntas; recibimos en medio de ovaciones, aplausos, m\u00fasica y mucha alegr\u00eda como GANADOR DEL PREMIO DEL SABER a <strong>MARCO ASFURA.<\/strong><\/p>\n\n\n\n<figure class=\"wp-block-image size-full\"><img loading=\"lazy\" decoding=\"async\" width=\"1920\" height=\"1280\" src=\"http:\/\/anuario2021.torrefuerte.bo\/wp-content\/uploads\/2021\/12\/SantaCruz_00.jpg\" alt=\"\" class=\"wp-image-232\" srcset=\"https:\/\/anuario2021.torrefuerte.bo\/wp-content\/uploads\/2021\/12\/SantaCruz_00.jpg 1920w, https:\/\/anuario2021.torrefuerte.bo\/wp-content\/uploads\/2021\/12\/SantaCruz_00-1536x1024.jpg 1536w\" sizes=\"auto, (max-width: 1920px) 100vw, 1920px\" \/><figcaption>Ganador de la Segunda edici\u00f3n de EL PREMIO DEL SABER<\/figcaption><\/figure>\n\n\n\n<p>En medio de tanta alegr\u00eda y festejo, disfrutamos de un baile t\u00edpico cruce\u00f1o de la Red de J\u00f3venes; con su alegr\u00eda y colorido &#8211; la m\u00fasica de esta hermosa tierra- nos puso a bailar a todos. Tambi\u00e9n disfrutamos del grupo de m\u00fasica que nos deleit\u00f3 con una canci\u00f3n muy cruce\u00f1a y un taquirari para alabar a Dios.&nbsp;<\/p>\n\n\n\n<p>Otro n\u00famero especial para celebrar a SANTA CRUZ, fue la POES\u00cdA que estuvo a cargo de Sarah\u00ed Loreto, una ni\u00f1a de 12 a\u00f1os enamorada de esta tierra cruce\u00f1a y de nuestra congregaci\u00f3n.<\/p>\n\n\n\n<p>Concluimos muy emocionados de querer continuar con la celebraci\u00f3n con premios y una rifa, que bendijeron a muchos. El buen humor, los nervios y la m\u00fasica nos hicieron vivir una noche llena de emociones y mucha alegr\u00eda.<\/p>\n\n\n\n<div data-carousel-extra='{\"blog_id\":1,\"permalink\":\"https:\\\/\\\/anuario2021.torrefuerte.bo\\\/index.php\\\/red-de-matrimonios\\\/celebrando-santa-cruz\\\/\"}' id='gallery-1' class='gallery galleryid-213 gallery-columns-3 gallery-size-thumbnail'><figure class='gallery-item'>\n\t\t\t<div class='gallery-icon portrait'>\n\t\t\t\t<a href='https:\/\/anuario2021.torrefuerte.bo\/index.php\/red-de-matrimonios\/celebrando-santa-cruz\/santacruz_01\/'><img loading=\"lazy\" decoding=\"async\" data-attachment-id=\"234\" data-orig-file=\"https:\/\/anuario2021.torrefuerte.bo\/wp-content\/uploads\/2021\/12\/SantaCruz_01.jpg\" data-orig-size=\"949,1199\" data-comments-opened=\"1\" data-image-meta=\"{&quot;aperture&quot;:&quot;0&quot;,&quot;credit&quot;:&quot;&quot;,&quot;camera&quot;:&quot;&quot;,&quot;caption&quot;:&quot;&quot;,&quot;created_timestamp&quot;:&quot;0&quot;,&quot;copyright&quot;:&quot;Telf: 337-0825 Santa Cruz Bolivia&quot;,&quot;focal_length&quot;:&quot;0&quot;,&quot;iso&quot;:&quot;0&quot;,&quot;shutter_speed&quot;:&quot;0&quot;,&quot;title&quot;:&quot;&quot;,&quot;orientation&quot;:&quot;0&quot;}\" data-image-title=\"SantaCruz_01\" data-image-description=\"\" data-medium-file=\"https:\/\/anuario2021.torrefuerte.bo\/wp-content\/uploads\/2021\/12\/SantaCruz_01.jpg\" data-large-file=\"https:\/\/anuario2021.torrefuerte.bo\/wp-content\/uploads\/2021\/12\/SantaCruz_01.jpg\" title=\"SantaCruz_01\" width=\"76\" height=\"96\" src=\"https:\/\/anuario2021.torrefuerte.bo\/wp-content\/uploads\/2021\/12\/SantaCruz_01.jpg\" class=\"attachment-thumbnail size-thumbnail\" alt=\"\" \/><\/a>\n\t\t\t<\/div><\/figure><figure class='gallery-item'>\n\t\t\t<div class='gallery-icon landscape'>\n\t\t\t\t<a href='https:\/\/anuario2021.torrefuerte.bo\/index.php\/red-de-matrimonios\/celebrando-santa-cruz\/santacruz_02\/'><img loading=\"lazy\" decoding=\"async\" data-attachment-id=\"235\" data-orig-file=\"https:\/\/anuario2021.torrefuerte.bo\/wp-content\/uploads\/2021\/12\/SantaCruz_02.jpg\" data-orig-size=\"1516,900\" data-comments-opened=\"1\" data-image-meta=\"{&quot;aperture&quot;:&quot;0&quot;,&quot;credit&quot;:&quot;&quot;,&quot;camera&quot;:&quot;&quot;,&quot;caption&quot;:&quot;&quot;,&quot;created_timestamp&quot;:&quot;0&quot;,&quot;copyright&quot;:&quot;Telf: 337-0825 Santa Cruz Bolivia&quot;,&quot;focal_length&quot;:&quot;0&quot;,&quot;iso&quot;:&quot;0&quot;,&quot;shutter_speed&quot;:&quot;0&quot;,&quot;title&quot;:&quot;&quot;,&quot;orientation&quot;:&quot;0&quot;}\" data-image-title=\"SantaCruz_02\" data-image-description=\"\" data-medium-file=\"https:\/\/anuario2021.torrefuerte.bo\/wp-content\/uploads\/2021\/12\/SantaCruz_02.jpg\" data-large-file=\"https:\/\/anuario2021.torrefuerte.bo\/wp-content\/uploads\/2021\/12\/SantaCruz_02.jpg\" title=\"SantaCruz_02\" width=\"128\" height=\"76\" src=\"https:\/\/anuario2021.torrefuerte.bo\/wp-content\/uploads\/2021\/12\/SantaCruz_02.jpg\" class=\"attachment-thumbnail size-thumbnail\" alt=\"\" \/><\/a>\n\t\t\t<\/div><\/figure><figure class='gallery-item'>\n\t\t\t<div class='gallery-icon portrait'>\n\t\t\t\t<a href='https:\/\/anuario2021.torrefuerte.bo\/index.php\/red-de-matrimonios\/celebrando-santa-cruz\/santacruz_03\/'><img loading=\"lazy\" decoding=\"async\" data-attachment-id=\"236\" data-orig-file=\"https:\/\/anuario2021.torrefuerte.bo\/wp-content\/uploads\/2021\/12\/SantaCruz_03.jpg\" data-orig-size=\"1200,1257\" data-comments-opened=\"1\" data-image-meta=\"{&quot;aperture&quot;:&quot;0&quot;,&quot;credit&quot;:&quot;&quot;,&quot;camera&quot;:&quot;&quot;,&quot;caption&quot;:&quot;&quot;,&quot;created_timestamp&quot;:&quot;0&quot;,&quot;copyright&quot;:&quot;Telf: 337-0825 Santa Cruz Bolivia&quot;,&quot;focal_length&quot;:&quot;0&quot;,&quot;iso&quot;:&quot;0&quot;,&quot;shutter_speed&quot;:&quot;0&quot;,&quot;title&quot;:&quot;&quot;,&quot;orientation&quot;:&quot;0&quot;}\" data-image-title=\"SantaCruz_03\" data-image-description=\"\" data-medium-file=\"https:\/\/anuario2021.torrefuerte.bo\/wp-content\/uploads\/2021\/12\/SantaCruz_03.jpg\" data-large-file=\"https:\/\/anuario2021.torrefuerte.bo\/wp-content\/uploads\/2021\/12\/SantaCruz_03.jpg\" title=\"SantaCruz_03\" width=\"92\" height=\"96\" src=\"https:\/\/anuario2021.torrefuerte.bo\/wp-content\/uploads\/2021\/12\/SantaCruz_03.jpg\" class=\"attachment-thumbnail size-thumbnail\" alt=\"\" \/><\/a>\n\t\t\t<\/div><\/figure><figure class='gallery-item'>\n\t\t\t<div class='gallery-icon landscape'>\n\t\t\t\t<a href='https:\/\/anuario2021.torrefuerte.bo\/index.php\/red-de-matrimonios\/celebrando-santa-cruz\/santacruz_04\/'><img loading=\"lazy\" decoding=\"async\" data-attachment-id=\"237\" data-orig-file=\"https:\/\/anuario2021.torrefuerte.bo\/wp-content\/uploads\/2021\/12\/SantaCruz_04.jpg\" data-orig-size=\"1200,867\" data-comments-opened=\"1\" data-image-meta=\"{&quot;aperture&quot;:&quot;0&quot;,&quot;credit&quot;:&quot;&quot;,&quot;camera&quot;:&quot;&quot;,&quot;caption&quot;:&quot;&quot;,&quot;created_timestamp&quot;:&quot;0&quot;,&quot;copyright&quot;:&quot;Telf: 337-0825 Santa Cruz Bolivia&quot;,&quot;focal_length&quot;:&quot;0&quot;,&quot;iso&quot;:&quot;0&quot;,&quot;shutter_speed&quot;:&quot;0&quot;,&quot;title&quot;:&quot;&quot;,&quot;orientation&quot;:&quot;0&quot;}\" data-image-title=\"SantaCruz_04\" data-image-description=\"\" data-medium-file=\"https:\/\/anuario2021.torrefuerte.bo\/wp-content\/uploads\/2021\/12\/SantaCruz_04.jpg\" data-large-file=\"https:\/\/anuario2021.torrefuerte.bo\/wp-content\/uploads\/2021\/12\/SantaCruz_04.jpg\" title=\"SantaCruz_04\" width=\"128\" height=\"92\" src=\"https:\/\/anuario2021.torrefuerte.bo\/wp-content\/uploads\/2021\/12\/SantaCruz_04.jpg\" class=\"attachment-thumbnail size-thumbnail\" alt=\"\" \/><\/a>\n\t\t\t<\/div><\/figure><figure class='gallery-item'>\n\t\t\t<div class='gallery-icon portrait'>\n\t\t\t\t<a href='https:\/\/anuario2021.torrefuerte.bo\/index.php\/red-de-matrimonios\/celebrando-santa-cruz\/santacruz_05\/'><img loading=\"lazy\" decoding=\"async\" data-attachment-id=\"238\" data-orig-file=\"https:\/\/anuario2021.torrefuerte.bo\/wp-content\/uploads\/2021\/12\/SantaCruz_05.jpg\" data-orig-size=\"1188,1201\" data-comments-opened=\"1\" data-image-meta=\"{&quot;aperture&quot;:&quot;0&quot;,&quot;credit&quot;:&quot;&quot;,&quot;camera&quot;:&quot;&quot;,&quot;caption&quot;:&quot;&quot;,&quot;created_timestamp&quot;:&quot;0&quot;,&quot;copyright&quot;:&quot;Telf: 337-0825 Santa Cruz Bolivia&quot;,&quot;focal_length&quot;:&quot;0&quot;,&quot;iso&quot;:&quot;0&quot;,&quot;shutter_speed&quot;:&quot;0&quot;,&quot;title&quot;:&quot;&quot;,&quot;orientation&quot;:&quot;0&quot;}\" data-image-title=\"SantaCruz_05\" data-image-description=\"\" data-medium-file=\"https:\/\/anuario2021.torrefuerte.bo\/wp-content\/uploads\/2021\/12\/SantaCruz_05.jpg\" data-large-file=\"https:\/\/anuario2021.torrefuerte.bo\/wp-content\/uploads\/2021\/12\/SantaCruz_05.jpg\" title=\"SantaCruz_05\" width=\"95\" height=\"96\" src=\"https:\/\/anuario2021.torrefuerte.bo\/wp-content\/uploads\/2021\/12\/SantaCruz_05.jpg\" class=\"attachment-thumbnail size-thumbnail\" alt=\"\" srcset=\"https:\/\/anuario2021.torrefuerte.bo\/wp-content\/uploads\/2021\/12\/SantaCruz_05.jpg 1188w, https:\/\/anuario2021.torrefuerte.bo\/wp-content\/uploads\/2021\/12\/SantaCruz_05-640x640.jpg 640w, https:\/\/anuario2021.torrefuerte.bo\/wp-content\/uploads\/2021\/12\/SantaCruz_05-533x533.jpg 533w, https:\/\/anuario2021.torrefuerte.bo\/wp-content\/uploads\/2021\/12\/SantaCruz_05-864x864.jpg 864w, https:\/\/anuario2021.torrefuerte.bo\/wp-content\/uploads\/2021\/12\/SantaCruz_05-50x50.jpg 50w\" sizes=\"auto, (max-width: 95px) 100vw, 95px\" \/><\/a>\n\t\t\t<\/div><\/figure><figure class='gallery-item'>\n\t\t\t<div class='gallery-icon landscape'>\n\t\t\t\t<a href='https:\/\/anuario2021.torrefuerte.bo\/index.php\/red-de-matrimonios\/celebrando-santa-cruz\/santacruz_06\/'><img loading=\"lazy\" decoding=\"async\" data-attachment-id=\"239\" data-orig-file=\"https:\/\/anuario2021.torrefuerte.bo\/wp-content\/uploads\/2021\/12\/SantaCruz_06.jpg\" data-orig-size=\"1200,800\" data-comments-opened=\"1\" data-image-meta=\"{&quot;aperture&quot;:&quot;0&quot;,&quot;credit&quot;:&quot;&quot;,&quot;camera&quot;:&quot;&quot;,&quot;caption&quot;:&quot;&quot;,&quot;created_timestamp&quot;:&quot;0&quot;,&quot;copyright&quot;:&quot;Telf: 337-0825 Santa Cruz Bolivia&quot;,&quot;focal_length&quot;:&quot;0&quot;,&quot;iso&quot;:&quot;0&quot;,&quot;shutter_speed&quot;:&quot;0&quot;,&quot;title&quot;:&quot;&quot;,&quot;orientation&quot;:&quot;0&quot;}\" data-image-title=\"SantaCruz_06\" data-image-description=\"\" data-medium-file=\"https:\/\/anuario2021.torrefuerte.bo\/wp-content\/uploads\/2021\/12\/SantaCruz_06.jpg\" data-large-file=\"https:\/\/anuario2021.torrefuerte.bo\/wp-content\/uploads\/2021\/12\/SantaCruz_06.jpg\" title=\"SantaCruz_06\" width=\"128\" height=\"85\" src=\"https:\/\/anuario2021.torrefuerte.bo\/wp-content\/uploads\/2021\/12\/SantaCruz_06.jpg\" class=\"attachment-thumbnail size-thumbnail\" alt=\"\" \/><\/a>\n\t\t\t<\/div><\/figure><figure class='gallery-item'>\n\t\t\t<div class='gallery-icon landscape'>\n\t\t\t\t<a href='https:\/\/anuario2021.torrefuerte.bo\/index.php\/red-de-matrimonios\/celebrando-santa-cruz\/santacruz_07\/'><img loading=\"lazy\" decoding=\"async\" data-attachment-id=\"240\" data-orig-file=\"https:\/\/anuario2021.torrefuerte.bo\/wp-content\/uploads\/2021\/12\/SantaCruz_07.jpg\" data-orig-size=\"1200,719\" data-comments-opened=\"1\" data-image-meta=\"{&quot;aperture&quot;:&quot;0&quot;,&quot;credit&quot;:&quot;&quot;,&quot;camera&quot;:&quot;&quot;,&quot;caption&quot;:&quot;&quot;,&quot;created_timestamp&quot;:&quot;0&quot;,&quot;copyright&quot;:&quot;Telf: 337-0825 Santa Cruz Bolivia&quot;,&quot;focal_length&quot;:&quot;0&quot;,&quot;iso&quot;:&quot;0&quot;,&quot;shutter_speed&quot;:&quot;0&quot;,&quot;title&quot;:&quot;&quot;,&quot;orientation&quot;:&quot;0&quot;}\" data-image-title=\"SantaCruz_07\" data-image-description=\"\" data-medium-file=\"https:\/\/anuario2021.torrefuerte.bo\/wp-content\/uploads\/2021\/12\/SantaCruz_07.jpg\" data-large-file=\"https:\/\/anuario2021.torrefuerte.bo\/wp-content\/uploads\/2021\/12\/SantaCruz_07.jpg\" title=\"SantaCruz_07\" width=\"128\" height=\"77\" src=\"https:\/\/anuario2021.torrefuerte.bo\/wp-content\/uploads\/2021\/12\/SantaCruz_07.jpg\" class=\"attachment-thumbnail size-thumbnail\" alt=\"\" \/><\/a>\n\t\t\t<\/div><\/figure><figure class='gallery-item'>\n\t\t\t<div class='gallery-icon landscape'>\n\t\t\t\t<a href='https:\/\/anuario2021.torrefuerte.bo\/index.php\/red-de-matrimonios\/celebrando-santa-cruz\/santacruz_08\/'><img loading=\"lazy\" decoding=\"async\" data-attachment-id=\"241\" data-orig-file=\"https:\/\/anuario2021.torrefuerte.bo\/wp-content\/uploads\/2021\/12\/SantaCruz_08.jpg\" data-orig-size=\"1200,730\" data-comments-opened=\"1\" data-image-meta=\"{&quot;aperture&quot;:&quot;0&quot;,&quot;credit&quot;:&quot;&quot;,&quot;camera&quot;:&quot;&quot;,&quot;caption&quot;:&quot;&quot;,&quot;created_timestamp&quot;:&quot;0&quot;,&quot;copyright&quot;:&quot;Telf: 337-0825 Santa Cruz Bolivia&quot;,&quot;focal_length&quot;:&quot;0&quot;,&quot;iso&quot;:&quot;0&quot;,&quot;shutter_speed&quot;:&quot;0&quot;,&quot;title&quot;:&quot;&quot;,&quot;orientation&quot;:&quot;0&quot;}\" data-image-title=\"SantaCruz_08\" data-image-description=\"\" data-medium-file=\"https:\/\/anuario2021.torrefuerte.bo\/wp-content\/uploads\/2021\/12\/SantaCruz_08.jpg\" data-large-file=\"https:\/\/anuario2021.torrefuerte.bo\/wp-content\/uploads\/2021\/12\/SantaCruz_08.jpg\" title=\"SantaCruz_08\" width=\"128\" height=\"78\" src=\"https:\/\/anuario2021.torrefuerte.bo\/wp-content\/uploads\/2021\/12\/SantaCruz_08.jpg\" class=\"attachment-thumbnail size-thumbnail\" alt=\"\" \/><\/a>\n\t\t\t<\/div><\/figure><figure class='gallery-item'>\n\t\t\t<div class='gallery-icon landscape'>\n\t\t\t\t<a href='https:\/\/anuario2021.torrefuerte.bo\/index.php\/red-de-matrimonios\/celebrando-santa-cruz\/santacruz_09\/'><img loading=\"lazy\" decoding=\"async\" data-attachment-id=\"242\" data-orig-file=\"https:\/\/anuario2021.torrefuerte.bo\/wp-content\/uploads\/2021\/12\/SantaCruz_09.jpg\" data-orig-size=\"1200,976\" data-comments-opened=\"1\" data-image-meta=\"{&quot;aperture&quot;:&quot;0&quot;,&quot;credit&quot;:&quot;&quot;,&quot;camera&quot;:&quot;&quot;,&quot;caption&quot;:&quot;&quot;,&quot;created_timestamp&quot;:&quot;0&quot;,&quot;copyright&quot;:&quot;Telf: 337-0825 Santa Cruz Bolivia&quot;,&quot;focal_length&quot;:&quot;0&quot;,&quot;iso&quot;:&quot;0&quot;,&quot;shutter_speed&quot;:&quot;0&quot;,&quot;title&quot;:&quot;&quot;,&quot;orientation&quot;:&quot;0&quot;}\" data-image-title=\"SantaCruz_09\" data-image-description=\"\" data-medium-file=\"https:\/\/anuario2021.torrefuerte.bo\/wp-content\/uploads\/2021\/12\/SantaCruz_09.jpg\" data-large-file=\"https:\/\/anuario2021.torrefuerte.bo\/wp-content\/uploads\/2021\/12\/SantaCruz_09.jpg\" title=\"SantaCruz_09\" width=\"118\" height=\"96\" src=\"https:\/\/anuario2021.torrefuerte.bo\/wp-content\/uploads\/2021\/12\/SantaCruz_09.jpg\" class=\"attachment-thumbnail size-thumbnail\" alt=\"\" \/><\/a>\n\t\t\t<\/div><\/figure><figure class='gallery-item'>\n\t\t\t<div class='gallery-icon landscape'>\n\t\t\t\t<a href='https:\/\/anuario2021.torrefuerte.bo\/index.php\/red-de-matrimonios\/celebrando-santa-cruz\/santacruz_10\/'><img loading=\"lazy\" decoding=\"async\" data-attachment-id=\"243\" data-orig-file=\"https:\/\/anuario2021.torrefuerte.bo\/wp-content\/uploads\/2021\/12\/SantaCruz_10.jpg\" data-orig-size=\"1200,758\" data-comments-opened=\"1\" data-image-meta=\"{&quot;aperture&quot;:&quot;0&quot;,&quot;credit&quot;:&quot;&quot;,&quot;camera&quot;:&quot;&quot;,&quot;caption&quot;:&quot;&quot;,&quot;created_timestamp&quot;:&quot;0&quot;,&quot;copyright&quot;:&quot;Telf: 337-0825 Santa Cruz Bolivia&quot;,&quot;focal_length&quot;:&quot;0&quot;,&quot;iso&quot;:&quot;0&quot;,&quot;shutter_speed&quot;:&quot;0&quot;,&quot;title&quot;:&quot;&quot;,&quot;orientation&quot;:&quot;0&quot;}\" data-image-title=\"SantaCruz_10\" data-image-description=\"\" data-medium-file=\"https:\/\/anuario2021.torrefuerte.bo\/wp-content\/uploads\/2021\/12\/SantaCruz_10.jpg\" data-large-file=\"https:\/\/anuario2021.torrefuerte.bo\/wp-content\/uploads\/2021\/12\/SantaCruz_10.jpg\" title=\"SantaCruz_10\" width=\"128\" height=\"81\" src=\"https:\/\/anuario2021.torrefuerte.bo\/wp-content\/uploads\/2021\/12\/SantaCruz_10.jpg\" class=\"attachment-thumbnail size-thumbnail\" alt=\"\" \/><\/a>\n\t\t\t<\/div><\/figure><figure class='gallery-item'>\n\t\t\t<div class='gallery-icon landscape'>\n\t\t\t\t<a href='https:\/\/anuario2021.torrefuerte.bo\/index.php\/red-de-matrimonios\/celebrando-santa-cruz\/premiosaber_v201\/'><img loading=\"lazy\" decoding=\"async\" data-attachment-id=\"667\" data-orig-file=\"https:\/\/anuario2021.torrefuerte.bo\/wp-content\/uploads\/2021\/12\/PremioSaber_v201.jpeg\" data-orig-size=\"960,720\" data-comments-opened=\"1\" data-image-meta=\"{&quot;aperture&quot;:&quot;0&quot;,&quot;credit&quot;:&quot;&quot;,&quot;camera&quot;:&quot;&quot;,&quot;caption&quot;:&quot;&quot;,&quot;created_timestamp&quot;:&quot;0&quot;,&quot;copyright&quot;:&quot;&quot;,&quot;focal_length&quot;:&quot;0&quot;,&quot;iso&quot;:&quot;0&quot;,&quot;shutter_speed&quot;:&quot;0&quot;,&quot;title&quot;:&quot;&quot;,&quot;orientation&quot;:&quot;0&quot;}\" data-image-title=\"PremioSaber_v201\" data-image-description=\"\" data-medium-file=\"https:\/\/anuario2021.torrefuerte.bo\/wp-content\/uploads\/2021\/12\/PremioSaber_v201.jpeg\" data-large-file=\"https:\/\/anuario2021.torrefuerte.bo\/wp-content\/uploads\/2021\/12\/PremioSaber_v201.jpeg\" title=\"PremioSaber_v201\" width=\"128\" height=\"96\" src=\"https:\/\/anuario2021.torrefuerte.bo\/wp-content\/uploads\/2021\/12\/PremioSaber_v201.jpeg\" class=\"attachment-thumbnail size-thumbnail\" alt=\"\" \/><\/a>\n\t\t\t<\/div><\/figure><figure class='gallery-item'>\n\t\t\t<div class='gallery-icon portrait'>\n\t\t\t\t<a href='https:\/\/anuario2021.torrefuerte.bo\/index.php\/red-de-matrimonios\/celebrando-santa-cruz\/premiosaber_v202\/'><img loading=\"lazy\" decoding=\"async\" data-attachment-id=\"668\" data-orig-file=\"https:\/\/anuario2021.torrefuerte.bo\/wp-content\/uploads\/2021\/12\/PremioSaber_v202.jpeg\" data-orig-size=\"1536,2048\" data-comments-opened=\"1\" data-image-meta=\"{&quot;aperture&quot;:&quot;0&quot;,&quot;credit&quot;:&quot;&quot;,&quot;camera&quot;:&quot;&quot;,&quot;caption&quot;:&quot;&quot;,&quot;created_timestamp&quot;:&quot;0&quot;,&quot;copyright&quot;:&quot;&quot;,&quot;focal_length&quot;:&quot;0&quot;,&quot;iso&quot;:&quot;0&quot;,&quot;shutter_speed&quot;:&quot;0&quot;,&quot;title&quot;:&quot;&quot;,&quot;orientation&quot;:&quot;0&quot;}\" data-image-title=\"PremioSaber_v202\" data-image-description=\"\" data-medium-file=\"https:\/\/anuario2021.torrefuerte.bo\/wp-content\/uploads\/2021\/12\/PremioSaber_v202.jpeg\" data-large-file=\"https:\/\/anuario2021.torrefuerte.bo\/wp-content\/uploads\/2021\/12\/PremioSaber_v202.jpeg\" title=\"PremioSaber_v202\" width=\"72\" height=\"96\" src=\"https:\/\/anuario2021.torrefuerte.bo\/wp-content\/uploads\/2021\/12\/PremioSaber_v202.jpeg\" class=\"attachment-thumbnail size-thumbnail\" alt=\"\" srcset=\"https:\/\/anuario2021.torrefuerte.bo\/wp-content\/uploads\/2021\/12\/PremioSaber_v202.jpeg 1536w, https:\/\/anuario2021.torrefuerte.bo\/wp-content\/uploads\/2021\/12\/PremioSaber_v202-1152x1536.jpeg 1152w\" sizes=\"auto, (max-width: 72px) 100vw, 72px\" \/><\/a>\n\t\t\t<\/div><\/figure><figure class='gallery-item'>\n\t\t\t<div class='gallery-icon landscape'>\n\t\t\t\t<a href='https:\/\/anuario2021.torrefuerte.bo\/index.php\/red-de-matrimonios\/celebrando-santa-cruz\/premiosaber_v203\/'><img loading=\"lazy\" decoding=\"async\" data-attachment-id=\"669\" data-orig-file=\"https:\/\/anuario2021.torrefuerte.bo\/wp-content\/uploads\/2021\/12\/PremioSaber_v203.png\" data-orig-size=\"2048,1536\" data-comments-opened=\"1\" data-image-meta=\"{&quot;aperture&quot;:&quot;0&quot;,&quot;credit&quot;:&quot;&quot;,&quot;camera&quot;:&quot;&quot;,&quot;caption&quot;:&quot;&quot;,&quot;created_timestamp&quot;:&quot;0&quot;,&quot;copyright&quot;:&quot;&quot;,&quot;focal_length&quot;:&quot;0&quot;,&quot;iso&quot;:&quot;0&quot;,&quot;shutter_speed&quot;:&quot;0&quot;,&quot;title&quot;:&quot;&quot;,&quot;orientation&quot;:&quot;0&quot;}\" data-image-title=\"PremioSaber_v203\" data-image-description=\"\" data-medium-file=\"https:\/\/anuario2021.torrefuerte.bo\/wp-content\/uploads\/2021\/12\/PremioSaber_v203.png\" data-large-file=\"https:\/\/anuario2021.torrefuerte.bo\/wp-content\/uploads\/2021\/12\/PremioSaber_v203.png\" title=\"PremioSaber_v203\" width=\"128\" height=\"96\" src=\"https:\/\/anuario2021.torrefuerte.bo\/wp-content\/uploads\/2021\/12\/PremioSaber_v203.png\" class=\"attachment-thumbnail size-thumbnail\" alt=\"\" srcset=\"https:\/\/anuario2021.torrefuerte.bo\/wp-content\/uploads\/2021\/12\/PremioSaber_v203.png 2048w, https:\/\/anuario2021.torrefuerte.bo\/wp-content\/uploads\/2021\/12\/PremioSaber_v203-1536x1152.png 1536w\" sizes=\"auto, (max-width: 128px) 100vw, 128px\" \/><\/a>\n\t\t\t<\/div><\/figure>\n\t\t<\/div>\n\n\n\n\n<p class=\"has-text-align-center\"><p class=\"has-text-align-center\"><input type=\"button\" value=\"Volver\" class=\"alg_back_button_input \" style=\"\" onclick=\"window.history.back()\" \/><\/p><\/p>\n","protected":false},"excerpt":{"rendered":"<p>La FINAL DEL PREMIO DEL SABER qued\u00f3 pendiente desde 2019. Pero \u00a1LLEG\u00d3 EL D\u00cdA!&nbsp; y en honor a Santa Cruz y con el esfuerzo y organizaci\u00f3n de la Red de Matrimonios junto a todo el equipo de trabajo dedicado al Premio del Saber \u00a1SE HIZO! &hellip; <a href=\"https:\/\/anuario2021.torrefuerte.bo\/index.php\/red-de-matrimonios\/celebrando-santa-cruz\/\" class=\"more-link\"><span>Seguir leyendo<span class=\"screen-reader-text\">CELEBRANDO SANTA CRUZ<\/span><\/span><\/a><\/p>\n","protected":false},"author":2,"featured_media":214,"parent":196,"menu_order":3,"comment_status":"closed","ping_status":"closed","template":"","meta":{"footnotes":""},"class_list":["post-213","page","type-page","status-publish","has-post-thumbnail","hentry"],"_links":{"self":[{"href":"https:\/\/anuario2021.torrefuerte.bo\/index.php\/wp-json\/wp\/v2\/pages\/213","targetHints":{"allow":["GET"]}}],"collection":[{"href":"https:\/\/anuario2021.torrefuerte.bo\/index.php\/wp-json\/wp\/v2\/pages"}],"about":[{"href":"https:\/\/anuario2021.torrefuerte.bo\/index.php\/wp-json\/wp\/v2\/types\/page"}],"author":[{"embeddable":true,"href":"https:\/\/anuario2021.torrefuerte.bo\/index.php\/wp-json\/wp\/v2\/users\/2"}],"replies":[{"embeddable":true,"href":"https:\/\/anuario2021.torrefuerte.bo\/index.php\/wp-json\/wp\/v2\/comments?post=213"}],"version-history":[{"count":12,"href":"https:\/\/anuario2021.torrefuerte.bo\/index.php\/wp-json\/wp\/v2\/pages\/213\/revisions"}],"predecessor-version":[{"id":817,"href":"https:\/\/anuario2021.torrefuerte.bo\/index.php\/wp-json\/wp\/v2\/pages\/213\/revisions\/817"}],"up":[{"embeddable":true,"href":"https:\/\/anuario2021.torrefuerte.bo\/index.php\/wp-json\/wp\/v2\/pages\/196"}],"wp:featuredmedia":[{"embeddable":true,"href":"https:\/\/anuario2021.torrefuerte.bo\/index.php\/wp-json\/wp\/v2\/media\/214"}],"wp:attachment":[{"href":"https:\/\/anuario2021.torrefuerte.bo\/index.php\/wp-json\/wp\/v2\/media?parent=213"}],"curies":[{"name":"wp","href":"https:\/\/api.w.org\/{rel}","templated":true}]}}