{"id":285,"date":"2021-12-05T14:12:54","date_gmt":"2021-12-05T14:12:54","guid":{"rendered":"https:\/\/anuario2021.torrefuerte.bo\/?page_id=285"},"modified":"2021-12-31T15:25:05","modified_gmt":"2021-12-31T15:25:05","slug":"giveaway","status":"publish","type":"page","link":"https:\/\/anuario2021.torrefuerte.bo\/index.php\/red-de-jovenes-2\/giveaway\/","title":{"rendered":"GIVEAWAY"},"content":{"rendered":"\n<p>Despu\u00e9s de un largo tiempo sin verse por la cuarentena, los j\u00f3venes de nuestra casa se reencontraron en \u201cGiveaway\u201d con el fin de recolectar v\u00edveres y vestimenta para aquellos que estaban en necesidad en tiempos tan dif\u00edciles. Jaguares, Cepes y Caimanes pasaron una tarde llena de juegos, diversi\u00f3n y escucharon hermosos testimonios de j\u00f3venes l\u00edderes de la red.<\/p>\n\n\n<div  id=\"jtg-287\" class=\"modula modula-gallery modula-creative-gallery\" data-config=\"{&quot;height&quot;:800,&quot;tabletHeight&quot;:800,&quot;mobileHeight&quot;:800,&quot;desktopHeight&quot;:800,&quot;enableTwitter&quot;:false,&quot;enableWhatsapp&quot;:false,&quot;enableFacebook&quot;:false,&quot;enablePinterest&quot;:false,&quot;enableLinkedin&quot;:false,&quot;enableEmail&quot;:false,&quot;randomFactor&quot;:0.5,&quot;type&quot;:&quot;creative-gallery&quot;,&quot;columns&quot;:12,&quot;gutter&quot;:10,&quot;mobileGutter&quot;:3,&quot;tabletGutter&quot;:5,&quot;desktopGutter&quot;:10,&quot;enableResponsive&quot;:&quot;0&quot;,&quot;tabletColumns&quot;:&quot;2&quot;,&quot;mobileColumns&quot;:&quot;1&quot;,&quot;lazyLoad&quot;:0,&quot;lightboxOpts&quot;:{&quot;animated&quot;:true,&quot;Thumbs&quot;:{&quot;type&quot;:&quot;modern&quot;,&quot;showOnStart&quot;:false},&quot;Toolbar&quot;:{&quot;display&quot;:{&quot;right&quot;:[&quot;close&quot;]},&quot;enabled&quot;:true},&quot;Carousel&quot;:{&quot;Panzoom&quot;:{&quot;touch&quot;:true},&quot;infinite&quot;:false},&quot;keyboard&quot;:{&quot;Escape&quot;:&quot;close&quot;,&quot;Delete&quot;:&quot;close&quot;,&quot;Backspace&quot;:&quot;close&quot;,&quot;PageUp&quot;:false,&quot;PageDown&quot;:false,&quot;ArrowUp&quot;:false,&quot;ArrowDown&quot;:false,&quot;ArrowRight&quot;:false,&quot;ArrowLeft&quot;:false},&quot;touch&quot;:false,&quot;backdropClick&quot;:false,&quot;l10n&quot;:{&quot;CLOSE&quot;:&quot;Cerrar&quot;,&quot;NEXT&quot;:&quot;Siguiente&quot;,&quot;PREV&quot;:&quot;Anterior&quot;,&quot;Error&quot;:&quot;No se ha podido cargar el contenido solicitado. Por favor, int\\u00e9ntalo de nuevo m\\u00e1s tarde.&quot;,&quot;PLAY_START&quot;:&quot;Empezar la presentaci\\u00f3n&quot;,&quot;PLAY_STOP&quot;:&quot;Pausar la presentaci\\u00f3n&quot;,&quot;FULL_SCREEN&quot;:&quot;Pantalla completa&quot;,&quot;THUMBS&quot;:&quot;Miniaturas&quot;,&quot;DOWNLOAD&quot;:&quot;Descargar&quot;,&quot;SHARE&quot;:&quot;Compartir&quot;,&quot;ZOOM&quot;:&quot;Zoom&quot;,&quot;EMAIL&quot;:&quot;Here is the link to the image : %%image_link%% and this is the link to the gallery : %%gallery_link%%&quot;,&quot;MODAL&quot;:&quot;Puedes cerrar este contenido emergente con la tecla ESC&quot;,&quot;ERROR&quot;:&quot;Algo ha ido mal, pro favor, prueba de nuevo m\\u00e1s tarde&quot;,&quot;IMAGE_ERROR&quot;:&quot;Imagen no encontrada&quot;,&quot;ELEMENT_NOT_FOUND&quot;:&quot;No se ha encontrado el elemento HTML&quot;,&quot;AJAX_NOT_FOUND&quot;:&quot;Error al cargar AJAX: No encontrado&quot;,&quot;AJAX_FORBIDDEN&quot;:&quot;Error al cargar AJAX: Prohibido&quot;,&quot;IFRAME_ERROR&quot;:&quot;Error al cargar la p\\u00e1gina&quot;,&quot;TOGGLE_ZOOM&quot;:&quot;Alternar nivel de ampliar\\\/acercar&quot;,&quot;TOGGLE_THUMBS&quot;:&quot;Alternar miniaturas&quot;,&quot;TOGGLE_SLIDESHOW&quot;:&quot;Alternar diapositiva&quot;,&quot;TOGGLE_FULLSCREEN&quot;:&quot;Cambiar al modo de pantalla completa&quot;},&quot;Images&quot;:{&quot;Panzoom&quot;:{&quot;maxScale&quot;:2}},&quot;mainClass&quot;:&quot;modula-fancybox-container modula-lightbox-jtg-287&quot;,&quot;Html&quot;:{&quot;videoAutoplay&quot;:0,&quot;videoTpl&quot;:&quot;&lt;video class=\\&quot;fancybox__html5video\\&quot; controls muted playsinline controlsList controlsList=\\&quot;nodownload\\&quot; poster=\\&quot;{{poster}}\\&quot; src=\\&quot;{{src}}\\&quot; type=\\&quot;{{format}}\\&quot; &gt;  Sorry, your browser doesn&#039;t support embedded videos, &lt;a href=\\&quot;{{src}}\\&quot;&gt; download &lt;\\\/a&gt; and watch with your favorite video player! &lt;\\\/video&gt;&quot;}},&quot;inView&quot;:false,&quot;email_subject&quot;:&quot;Check out this awesome image !!&quot;,&quot;email_message&quot;:&quot;Here is the link to the image : %%image_link%% and this is the link to the gallery : %%gallery_link%%&quot;,&quot;lightbox&quot;:&quot;fancybox&quot;}\">\n\n\t\n\t<div  class=\"modula-items\">\n\t\t<div class=\"modula-item effect-pufrobo\" >\n\t<div class=\"modula-item-overlay\"><\/div>\n\n\t<div class=\"modula-item-content\">\n\n\t\t<a data-image-id=\"288\" role=\"button\" tabindex=\"0\" rel=\"jtg-287\" data-caption=\"\" aria-label=\"Abrir la imagen en una caja de luz\" class=\"tile-inner modula-item-link\"><\/a><img loading=\"lazy\" decoding=\"async\" class=\"pic wp-image-288\"  data-valign=\"middle\" data-halign=\"center\" alt=\"\" data-full=\"https:\/\/anuario2021.torrefuerte.bo\/wp-content\/uploads\/2021\/12\/giveaway_01.jpg\" title=\"giveaway_01\" crop=\"\" width=\"1920\" height=\"1312\" src=\"https:\/\/anuario2021.torrefuerte.bo\/wp-content\/uploads\/2021\/12\/giveaway_01.jpg\" data-src=\"https:\/\/anuario2021.torrefuerte.bo\/wp-content\/uploads\/2021\/12\/giveaway_01.jpg\" data-caption=\"\" srcset=\"https:\/\/anuario2021.torrefuerte.bo\/wp-content\/uploads\/2021\/12\/giveaway_01.jpg 1920w, https:\/\/anuario2021.torrefuerte.bo\/wp-content\/uploads\/2021\/12\/giveaway_01-1536x1050.jpg 1536w\" sizes=\"auto, (max-width: 1920px) 100vw, 1920px\" \/>\n\t\t<div class=\"figc no-description\">\n\t\t\t<div class=\"figc-inner\">\n\t\t\t\t\t\t\t\t\t\t\t\t\t\t\t<\/div>\n\t\t<\/div>\n\n\t<\/div>\n\n<\/div><div class=\"modula-item effect-pufrobo\" >\n\t<div class=\"modula-item-overlay\"><\/div>\n\n\t<div class=\"modula-item-content\">\n\n\t\t<a data-image-id=\"289\" role=\"button\" tabindex=\"0\" rel=\"jtg-287\" data-caption=\"\" aria-label=\"Abrir la imagen en una caja de luz\" class=\"tile-inner modula-item-link\"><\/a><img loading=\"lazy\" decoding=\"async\" class=\"pic wp-image-289\"  data-valign=\"middle\" data-halign=\"center\" alt=\"\" data-full=\"https:\/\/anuario2021.torrefuerte.bo\/wp-content\/uploads\/2021\/12\/giveaway_02.jpg\" title=\"giveaway_02\" crop=\"\" width=\"1920\" height=\"1463\" src=\"https:\/\/anuario2021.torrefuerte.bo\/wp-content\/uploads\/2021\/12\/giveaway_02.jpg\" data-src=\"https:\/\/anuario2021.torrefuerte.bo\/wp-content\/uploads\/2021\/12\/giveaway_02.jpg\" data-caption=\"\" srcset=\"https:\/\/anuario2021.torrefuerte.bo\/wp-content\/uploads\/2021\/12\/giveaway_02.jpg 1920w, https:\/\/anuario2021.torrefuerte.bo\/wp-content\/uploads\/2021\/12\/giveaway_02-1536x1170.jpg 1536w\" sizes=\"auto, (max-width: 1920px) 100vw, 1920px\" \/>\n\t\t<div class=\"figc no-description\">\n\t\t\t<div class=\"figc-inner\">\n\t\t\t\t\t\t\t\t\t\t\t\t\t\t\t<\/div>\n\t\t<\/div>\n\n\t<\/div>\n\n<\/div><div class=\"modula-item effect-pufrobo\" >\n\t<div class=\"modula-item-overlay\"><\/div>\n\n\t<div class=\"modula-item-content\">\n\n\t\t<a data-image-id=\"290\" role=\"button\" tabindex=\"0\" rel=\"jtg-287\" data-caption=\"\" aria-label=\"Abrir la imagen en una caja de luz\" class=\"tile-inner modula-item-link\"><\/a><img loading=\"lazy\" decoding=\"async\" class=\"pic wp-image-290\"  data-valign=\"middle\" data-halign=\"center\" alt=\"\" data-full=\"https:\/\/anuario2021.torrefuerte.bo\/wp-content\/uploads\/2021\/12\/giveaway_03.jpg\" title=\"giveaway_03\" crop=\"\" width=\"1920\" height=\"1280\" src=\"https:\/\/anuario2021.torrefuerte.bo\/wp-content\/uploads\/2021\/12\/giveaway_03.jpg\" data-src=\"https:\/\/anuario2021.torrefuerte.bo\/wp-content\/uploads\/2021\/12\/giveaway_03.jpg\" data-caption=\"\" srcset=\"https:\/\/anuario2021.torrefuerte.bo\/wp-content\/uploads\/2021\/12\/giveaway_03.jpg 1920w, https:\/\/anuario2021.torrefuerte.bo\/wp-content\/uploads\/2021\/12\/giveaway_03-1536x1024.jpg 1536w\" sizes=\"auto, (max-width: 1920px) 100vw, 1920px\" \/>\n\t\t<div class=\"figc no-description\">\n\t\t\t<div class=\"figc-inner\">\n\t\t\t\t\t\t\t\t\t\t\t\t\t\t\t<\/div>\n\t\t<\/div>\n\n\t<\/div>\n\n<\/div><div class=\"modula-item effect-pufrobo\" >\n\t<div class=\"modula-item-overlay\"><\/div>\n\n\t<div class=\"modula-item-content\">\n\n\t\t<a data-image-id=\"291\" role=\"button\" tabindex=\"0\" rel=\"jtg-287\" data-caption=\"\" aria-label=\"Abrir la imagen en una caja de luz\" class=\"tile-inner modula-item-link\"><\/a><img loading=\"lazy\" decoding=\"async\" class=\"pic wp-image-291\"  data-valign=\"middle\" data-halign=\"center\" alt=\"\" data-full=\"https:\/\/anuario2021.torrefuerte.bo\/wp-content\/uploads\/2021\/12\/giveaway_04.jpg\" title=\"giveaway_04\" crop=\"\" width=\"1620\" height=\"1148\" src=\"https:\/\/anuario2021.torrefuerte.bo\/wp-content\/uploads\/2021\/12\/giveaway_04.jpg\" data-src=\"https:\/\/anuario2021.torrefuerte.bo\/wp-content\/uploads\/2021\/12\/giveaway_04.jpg\" data-caption=\"\" srcset=\"https:\/\/anuario2021.torrefuerte.bo\/wp-content\/uploads\/2021\/12\/giveaway_04.jpg 1620w, https:\/\/anuario2021.torrefuerte.bo\/wp-content\/uploads\/2021\/12\/giveaway_04-1536x1088.jpg 1536w\" sizes=\"auto, (max-width: 1620px) 100vw, 1620px\" \/>\n\t\t<div class=\"figc no-description\">\n\t\t\t<div class=\"figc-inner\">\n\t\t\t\t\t\t\t\t\t\t\t\t\t\t\t<\/div>\n\t\t<\/div>\n\n\t<\/div>\n\n<\/div><div class=\"modula-item effect-pufrobo\" >\n\t<div class=\"modula-item-overlay\"><\/div>\n\n\t<div class=\"modula-item-content\">\n\n\t\t<a data-image-id=\"292\" role=\"button\" tabindex=\"0\" rel=\"jtg-287\" data-caption=\"\" aria-label=\"Abrir la imagen en una caja de luz\" class=\"tile-inner modula-item-link\"><\/a><img loading=\"lazy\" decoding=\"async\" class=\"pic wp-image-292\"  data-valign=\"middle\" data-halign=\"center\" alt=\"\" data-full=\"https:\/\/anuario2021.torrefuerte.bo\/wp-content\/uploads\/2021\/12\/giveaway_05.jpg\" title=\"giveaway_05\" crop=\"\" width=\"1920\" height=\"1093\" src=\"https:\/\/anuario2021.torrefuerte.bo\/wp-content\/uploads\/2021\/12\/giveaway_05.jpg\" data-src=\"https:\/\/anuario2021.torrefuerte.bo\/wp-content\/uploads\/2021\/12\/giveaway_05.jpg\" data-caption=\"\" srcset=\"https:\/\/anuario2021.torrefuerte.bo\/wp-content\/uploads\/2021\/12\/giveaway_05.jpg 1920w, https:\/\/anuario2021.torrefuerte.bo\/wp-content\/uploads\/2021\/12\/giveaway_05-1536x874.jpg 1536w\" sizes=\"auto, (max-width: 1920px) 100vw, 1920px\" \/>\n\t\t<div class=\"figc no-description\">\n\t\t\t<div class=\"figc-inner\">\n\t\t\t\t\t\t\t\t\t\t\t\t\t\t\t<\/div>\n\t\t<\/div>\n\n\t<\/div>\n\n<\/div><div class=\"modula-item effect-pufrobo\" >\n\t<div class=\"modula-item-overlay\"><\/div>\n\n\t<div class=\"modula-item-content\">\n\n\t\t<a data-image-id=\"293\" role=\"button\" tabindex=\"0\" rel=\"jtg-287\" data-caption=\"\" aria-label=\"Abrir la imagen en una caja de luz\" class=\"tile-inner modula-item-link\"><\/a><img loading=\"lazy\" decoding=\"async\" class=\"pic wp-image-293\"  data-valign=\"middle\" data-halign=\"center\" alt=\"\" data-full=\"https:\/\/anuario2021.torrefuerte.bo\/wp-content\/uploads\/2021\/12\/giveaway_06.jpg\" title=\"giveaway_06\" crop=\"\" width=\"1920\" height=\"1429\" src=\"https:\/\/anuario2021.torrefuerte.bo\/wp-content\/uploads\/2021\/12\/giveaway_06.jpg\" data-src=\"https:\/\/anuario2021.torrefuerte.bo\/wp-content\/uploads\/2021\/12\/giveaway_06.jpg\" data-caption=\"\" srcset=\"https:\/\/anuario2021.torrefuerte.bo\/wp-content\/uploads\/2021\/12\/giveaway_06.jpg 1920w, https:\/\/anuario2021.torrefuerte.bo\/wp-content\/uploads\/2021\/12\/giveaway_06-1536x1143.jpg 1536w\" sizes=\"auto, (max-width: 1920px) 100vw, 1920px\" \/>\n\t\t<div class=\"figc no-description\">\n\t\t\t<div class=\"figc-inner\">\n\t\t\t\t\t\t\t\t\t\t\t\t\t\t\t<\/div>\n\t\t<\/div>\n\n\t<\/div>\n\n<\/div><div class=\"modula-item effect-pufrobo\" >\n\t<div class=\"modula-item-overlay\"><\/div>\n\n\t<div class=\"modula-item-content\">\n\n\t\t<a data-image-id=\"294\" role=\"button\" tabindex=\"0\" rel=\"jtg-287\" data-caption=\"\" aria-label=\"Abrir la imagen en una caja de luz\" class=\"tile-inner modula-item-link\"><\/a><img loading=\"lazy\" decoding=\"async\" class=\"pic wp-image-294\"  data-valign=\"middle\" data-halign=\"center\" alt=\"\" data-full=\"https:\/\/anuario2021.torrefuerte.bo\/wp-content\/uploads\/2021\/12\/giveaway_07.jpg\" title=\"giveaway_07\" crop=\"\" width=\"1920\" height=\"1280\" src=\"https:\/\/anuario2021.torrefuerte.bo\/wp-content\/uploads\/2021\/12\/giveaway_07.jpg\" data-src=\"https:\/\/anuario2021.torrefuerte.bo\/wp-content\/uploads\/2021\/12\/giveaway_07.jpg\" data-caption=\"\" srcset=\"https:\/\/anuario2021.torrefuerte.bo\/wp-content\/uploads\/2021\/12\/giveaway_07.jpg 1920w, https:\/\/anuario2021.torrefuerte.bo\/wp-content\/uploads\/2021\/12\/giveaway_07-1536x1024.jpg 1536w\" sizes=\"auto, (max-width: 1920px) 100vw, 1920px\" \/>\n\t\t<div class=\"figc no-description\">\n\t\t\t<div class=\"figc-inner\">\n\t\t\t\t\t\t\t\t\t\t\t\t\t\t\t<\/div>\n\t\t<\/div>\n\n\t<\/div>\n\n<\/div><div class=\"modula-item effect-pufrobo\" >\n\t<div class=\"modula-item-overlay\"><\/div>\n\n\t<div class=\"modula-item-content\">\n\n\t\t<a data-image-id=\"295\" role=\"button\" tabindex=\"0\" rel=\"jtg-287\" data-caption=\"\" aria-label=\"Abrir la imagen en una caja de luz\" class=\"tile-inner modula-item-link\"><\/a><img loading=\"lazy\" decoding=\"async\" class=\"pic wp-image-295\"  data-valign=\"middle\" data-halign=\"center\" alt=\"\" data-full=\"https:\/\/anuario2021.torrefuerte.bo\/wp-content\/uploads\/2021\/12\/giveaway_08.jpg\" title=\"giveaway_08\" crop=\"\" width=\"1920\" height=\"1217\" src=\"https:\/\/anuario2021.torrefuerte.bo\/wp-content\/uploads\/2021\/12\/giveaway_08.jpg\" data-src=\"https:\/\/anuario2021.torrefuerte.bo\/wp-content\/uploads\/2021\/12\/giveaway_08.jpg\" data-caption=\"\" srcset=\"https:\/\/anuario2021.torrefuerte.bo\/wp-content\/uploads\/2021\/12\/giveaway_08.jpg 1920w, https:\/\/anuario2021.torrefuerte.bo\/wp-content\/uploads\/2021\/12\/giveaway_08-1536x974.jpg 1536w\" sizes=\"auto, (max-width: 1920px) 100vw, 1920px\" \/>\n\t\t<div class=\"figc no-description\">\n\t\t\t<div class=\"figc-inner\">\n\t\t\t\t\t\t\t\t\t\t\t\t\t\t\t<\/div>\n\t\t<\/div>\n\n\t<\/div>\n\n<\/div><div class=\"modula-item effect-pufrobo\" >\n\t<div class=\"modula-item-overlay\"><\/div>\n\n\t<div class=\"modula-item-content\">\n\n\t\t<a data-image-id=\"296\" role=\"button\" tabindex=\"0\" rel=\"jtg-287\" data-caption=\"\" aria-label=\"Abrir la imagen en una caja de luz\" class=\"tile-inner modula-item-link\"><\/a><img loading=\"lazy\" decoding=\"async\" class=\"pic wp-image-296\"  data-valign=\"middle\" data-halign=\"center\" alt=\"\" data-full=\"https:\/\/anuario2021.torrefuerte.bo\/wp-content\/uploads\/2021\/12\/giveaway_09.jpg\" title=\"giveaway_09\" crop=\"\" width=\"1920\" height=\"1260\" src=\"https:\/\/anuario2021.torrefuerte.bo\/wp-content\/uploads\/2021\/12\/giveaway_09.jpg\" data-src=\"https:\/\/anuario2021.torrefuerte.bo\/wp-content\/uploads\/2021\/12\/giveaway_09.jpg\" data-caption=\"\" srcset=\"https:\/\/anuario2021.torrefuerte.bo\/wp-content\/uploads\/2021\/12\/giveaway_09.jpg 1920w, https:\/\/anuario2021.torrefuerte.bo\/wp-content\/uploads\/2021\/12\/giveaway_09-1536x1008.jpg 1536w\" sizes=\"auto, (max-width: 1920px) 100vw, 1920px\" \/>\n\t\t<div class=\"figc no-description\">\n\t\t\t<div class=\"figc-inner\">\n\t\t\t\t\t\t\t\t\t\t\t\t\t\t\t<\/div>\n\t\t<\/div>\n\n\t<\/div>\n\n<\/div><div class=\"modula-item effect-pufrobo\" >\n\t<div class=\"modula-item-overlay\"><\/div>\n\n\t<div class=\"modula-item-content\">\n\n\t\t<a data-image-id=\"297\" role=\"button\" tabindex=\"0\" rel=\"jtg-287\" data-caption=\"\" aria-label=\"Abrir la imagen en una caja de luz\" class=\"tile-inner modula-item-link\"><\/a><img loading=\"lazy\" decoding=\"async\" class=\"pic wp-image-297\"  data-valign=\"middle\" data-halign=\"center\" alt=\"\" data-full=\"https:\/\/anuario2021.torrefuerte.bo\/wp-content\/uploads\/2021\/12\/giveaway_10.jpg\" title=\"giveaway_10\" crop=\"\" width=\"1920\" height=\"1280\" src=\"https:\/\/anuario2021.torrefuerte.bo\/wp-content\/uploads\/2021\/12\/giveaway_10.jpg\" data-src=\"https:\/\/anuario2021.torrefuerte.bo\/wp-content\/uploads\/2021\/12\/giveaway_10.jpg\" data-caption=\"\" srcset=\"https:\/\/anuario2021.torrefuerte.bo\/wp-content\/uploads\/2021\/12\/giveaway_10.jpg 1920w, https:\/\/anuario2021.torrefuerte.bo\/wp-content\/uploads\/2021\/12\/giveaway_10-1536x1024.jpg 1536w\" sizes=\"auto, (max-width: 1920px) 100vw, 1920px\" \/>\n\t\t<div class=\"figc no-description\">\n\t\t\t<div class=\"figc-inner\">\n\t\t\t\t\t\t\t\t\t\t\t\t\t\t\t<\/div>\n\t\t<\/div>\n\n\t<\/div>\n\n<\/div><div class=\"modula-item effect-pufrobo\" >\n\t<div class=\"modula-item-overlay\"><\/div>\n\n\t<div class=\"modula-item-content\">\n\n\t\t<a data-image-id=\"298\" role=\"button\" tabindex=\"0\" rel=\"jtg-287\" data-caption=\"\" aria-label=\"Abrir la imagen en una caja de luz\" class=\"tile-inner modula-item-link\"><\/a><img loading=\"lazy\" decoding=\"async\" class=\"pic wp-image-298\"  data-valign=\"middle\" data-halign=\"center\" alt=\"\" data-full=\"https:\/\/anuario2021.torrefuerte.bo\/wp-content\/uploads\/2021\/12\/giveaway_11.jpg\" title=\"giveaway_11\" crop=\"\" width=\"1920\" height=\"1138\" src=\"https:\/\/anuario2021.torrefuerte.bo\/wp-content\/uploads\/2021\/12\/giveaway_11.jpg\" data-src=\"https:\/\/anuario2021.torrefuerte.bo\/wp-content\/uploads\/2021\/12\/giveaway_11.jpg\" data-caption=\"\" srcset=\"https:\/\/anuario2021.torrefuerte.bo\/wp-content\/uploads\/2021\/12\/giveaway_11.jpg 1920w, https:\/\/anuario2021.torrefuerte.bo\/wp-content\/uploads\/2021\/12\/giveaway_11-1536x910.jpg 1536w\" sizes=\"auto, (max-width: 1920px) 100vw, 1920px\" \/>\n\t\t<div class=\"figc no-description\">\n\t\t\t<div class=\"figc-inner\">\n\t\t\t\t\t\t\t\t\t\t\t\t\t\t\t<\/div>\n\t\t<\/div>\n\n\t<\/div>\n\n<\/div><div class=\"modula-item effect-pufrobo\" >\n\t<div class=\"modula-item-overlay\"><\/div>\n\n\t<div class=\"modula-item-content\">\n\n\t\t<a data-image-id=\"299\" role=\"button\" tabindex=\"0\" rel=\"jtg-287\" data-caption=\"\" aria-label=\"Abrir la imagen en una caja de luz\" class=\"tile-inner modula-item-link\"><\/a><img loading=\"lazy\" decoding=\"async\" class=\"pic wp-image-299\"  data-valign=\"middle\" data-halign=\"center\" alt=\"\" data-full=\"https:\/\/anuario2021.torrefuerte.bo\/wp-content\/uploads\/2021\/12\/giveaway_12.jpg\" title=\"giveaway_12\" crop=\"\" width=\"1920\" height=\"1280\" src=\"https:\/\/anuario2021.torrefuerte.bo\/wp-content\/uploads\/2021\/12\/giveaway_12.jpg\" data-src=\"https:\/\/anuario2021.torrefuerte.bo\/wp-content\/uploads\/2021\/12\/giveaway_12.jpg\" data-caption=\"\" srcset=\"https:\/\/anuario2021.torrefuerte.bo\/wp-content\/uploads\/2021\/12\/giveaway_12.jpg 1920w, https:\/\/anuario2021.torrefuerte.bo\/wp-content\/uploads\/2021\/12\/giveaway_12-1536x1024.jpg 1536w\" sizes=\"auto, (max-width: 1920px) 100vw, 1920px\" \/>\n\t\t<div class=\"figc no-description\">\n\t\t\t<div class=\"figc-inner\">\n\t\t\t\t\t\t\t\t\t\t\t\t\t\t\t<\/div>\n\t\t<\/div>\n\n\t<\/div>\n\n<\/div>\t\t\n\t<\/div>\n\n\t\n\t\n\t<script type=\"application\/ld+json\">\n\t{\n\t\t\"@context\": \"http:\/\/schema.org\",\n\t\t\"@type\"   : \"ImageGallery\",\n\t\t\"id\"      : \"https:\/\/anuario2021.torrefuerte.bo\/index.php\/red-de-jovenes-2\/giveaway\/\",\n\t\t\"url\"     : \"https:\/\/anuario2021.torrefuerte.bo\/index.php\/red-de-jovenes-2\/giveaway\/\"\n\t}\n\n\t<\/script>\n\n\t\n<\/div>\n\n\n\n<p class=\"has-text-align-center\"><p class=\"has-text-align-center\"><input type=\"button\" value=\"Volver\" class=\"alg_back_button_input \" style=\"\" onclick=\"window.history.back()\" \/><\/p><\/p>\n","protected":false},"excerpt":{"rendered":"<p>Despu\u00e9s de un largo tiempo sin verse por la cuarentena, los j\u00f3venes de nuestra casa se reencontraron en \u201cGiveaway\u201d con el fin de recolectar v\u00edveres y vestimenta para aquellos que estaban en necesidad en tiempos tan dif\u00edciles. Jaguares, Cepes y Caimanes pasaron una tarde llena &hellip; <a href=\"https:\/\/anuario2021.torrefuerte.bo\/index.php\/red-de-jovenes-2\/giveaway\/\" class=\"more-link\"><span>Seguir leyendo<span class=\"screen-reader-text\">GIVEAWAY<\/span><\/span><\/a><\/p>\n","protected":false},"author":2,"featured_media":330,"parent":280,"menu_order":0,"comment_status":"closed","ping_status":"closed","template":"","meta":{"footnotes":""},"class_list":["post-285","page","type-page","status-publish","has-post-thumbnail","hentry"],"_links":{"self":[{"href":"https:\/\/anuario2021.torrefuerte.bo\/index.php\/wp-json\/wp\/v2\/pages\/285","targetHints":{"allow":["GET"]}}],"collection":[{"href":"https:\/\/anuario2021.torrefuerte.bo\/index.php\/wp-json\/wp\/v2\/pages"}],"about":[{"href":"https:\/\/anuario2021.torrefuerte.bo\/index.php\/wp-json\/wp\/v2\/types\/page"}],"author":[{"embeddable":true,"href":"https:\/\/anuario2021.torrefuerte.bo\/index.php\/wp-json\/wp\/v2\/users\/2"}],"replies":[{"embeddable":true,"href":"https:\/\/anuario2021.torrefuerte.bo\/index.php\/wp-json\/wp\/v2\/comments?post=285"}],"version-history":[{"count":4,"href":"https:\/\/anuario2021.torrefuerte.bo\/index.php\/wp-json\/wp\/v2\/pages\/285\/revisions"}],"predecessor-version":[{"id":811,"href":"https:\/\/anuario2021.torrefuerte.bo\/index.php\/wp-json\/wp\/v2\/pages\/285\/revisions\/811"}],"up":[{"embeddable":true,"href":"https:\/\/anuario2021.torrefuerte.bo\/index.php\/wp-json\/wp\/v2\/pages\/280"}],"wp:featuredmedia":[{"embeddable":true,"href":"https:\/\/anuario2021.torrefuerte.bo\/index.php\/wp-json\/wp\/v2\/media\/330"}],"wp:attachment":[{"href":"https:\/\/anuario2021.torrefuerte.bo\/index.php\/wp-json\/wp\/v2\/media?parent=285"}],"curies":[{"name":"wp","href":"https:\/\/api.w.org\/{rel}","templated":true}]}}