{"id":337,"date":"2021-12-05T19:29:40","date_gmt":"2021-12-05T19:29:40","guid":{"rendered":"https:\/\/anuario2021.torrefuerte.bo\/?page_id=337"},"modified":"2021-12-31T15:29:23","modified_gmt":"2021-12-31T15:29:23","slug":"red-juveniles","status":"publish","type":"page","link":"https:\/\/anuario2021.torrefuerte.bo\/index.php\/red-juveniles\/","title":{"rendered":"RED JUVENILES"},"content":{"rendered":"\n<p>Segunda versi\u00f3n de un evento que habla exclusivamente del amor.<\/p>\n\n\n\n<p>Un evento organizado por &nbsp;la red de Juveniles, y en esta ocasi\u00f3n con el objetivo de ense\u00f1ar acerca del enamoramiento y noviazgo, a trav\u00e9s del testimonios de invitados especiales de diferentes redes, quienes llevaron un noviazgo y su proceso en Dios, y ahora forman familias s\u00f3lidas en nuestra Casa.&nbsp;<\/p>\n\n\n\n<p>Fue un tiempo de bendici\u00f3n para los asistentes conocer el testimonio de personas con experiencias tan distintas, pero con el denominador com\u00fan:<em>&nbsp;guiados por los principios de nuestro Se\u00f1or.<\/em><\/p>\n\n\n\n<figure class=\"wp-block-embed is-type-video is-provider-youtube wp-block-embed-youtube wp-embed-aspect-16-9 wp-has-aspect-ratio\"><div class=\"wp-block-embed__wrapper\">\n<div class=\"epyt-video-wrapper\"><iframe loading=\"lazy\"  id=\"_ytid_41124\"  width=\"1000\" height=\"562\"  data-origwidth=\"1000\" data-origheight=\"562\" src=\"https:\/\/www.youtube.com\/embed\/42WS8aoCYvo?enablejsapi=1&#038;autoplay=0&#038;cc_load_policy=0&#038;cc_lang_pref=&#038;iv_load_policy=1&#038;loop=0&#038;rel=0&#038;fs=1&#038;playsinline=0&#038;autohide=2&#038;theme=dark&#038;color=red&#038;controls=1&#038;disablekb=0&#038;\" class=\"__youtube_prefs__  epyt-is-override  no-lazyload\" title=\"YouTube player\"  allow=\"fullscreen; accelerometer; autoplay; clipboard-write; encrypted-media; gyroscope; picture-in-picture; web-share\" referrerpolicy=\"strict-origin-when-cross-origin\" allowfullscreen data-no-lazy=\"1\" data-skipgform_ajax_framebjll=\"\"><\/iframe><\/div>\n<\/div><\/figure>\n\n\n<div  id=\"jtg-695\" class=\"modula modula-gallery modula-creative-gallery\" data-config=\"{&quot;height&quot;:800,&quot;tabletHeight&quot;:800,&quot;mobileHeight&quot;:800,&quot;desktopHeight&quot;:800,&quot;enableTwitter&quot;:false,&quot;enableWhatsapp&quot;:false,&quot;enableFacebook&quot;:false,&quot;enablePinterest&quot;:false,&quot;enableLinkedin&quot;:false,&quot;enableEmail&quot;:false,&quot;randomFactor&quot;:0.5,&quot;type&quot;:&quot;creative-gallery&quot;,&quot;columns&quot;:12,&quot;gutter&quot;:10,&quot;mobileGutter&quot;:3,&quot;tabletGutter&quot;:5,&quot;desktopGutter&quot;:10,&quot;enableResponsive&quot;:&quot;0&quot;,&quot;tabletColumns&quot;:&quot;2&quot;,&quot;mobileColumns&quot;:&quot;1&quot;,&quot;lazyLoad&quot;:0,&quot;lightboxOpts&quot;:{&quot;animated&quot;:true,&quot;Thumbs&quot;:{&quot;type&quot;:&quot;modern&quot;,&quot;showOnStart&quot;:false},&quot;Toolbar&quot;:{&quot;display&quot;:{&quot;right&quot;:[&quot;close&quot;]},&quot;enabled&quot;:true},&quot;Carousel&quot;:{&quot;Panzoom&quot;:{&quot;touch&quot;:true},&quot;infinite&quot;:false},&quot;keyboard&quot;:{&quot;Escape&quot;:&quot;close&quot;,&quot;Delete&quot;:&quot;close&quot;,&quot;Backspace&quot;:&quot;close&quot;,&quot;PageUp&quot;:false,&quot;PageDown&quot;:false,&quot;ArrowUp&quot;:false,&quot;ArrowDown&quot;:false,&quot;ArrowRight&quot;:false,&quot;ArrowLeft&quot;:false},&quot;touch&quot;:false,&quot;backdropClick&quot;:false,&quot;l10n&quot;:{&quot;CLOSE&quot;:&quot;Cerrar&quot;,&quot;NEXT&quot;:&quot;Siguiente&quot;,&quot;PREV&quot;:&quot;Anterior&quot;,&quot;Error&quot;:&quot;No se ha podido cargar el contenido solicitado. Por favor, int\\u00e9ntalo de nuevo m\\u00e1s tarde.&quot;,&quot;PLAY_START&quot;:&quot;Empezar la presentaci\\u00f3n&quot;,&quot;PLAY_STOP&quot;:&quot;Pausar la presentaci\\u00f3n&quot;,&quot;FULL_SCREEN&quot;:&quot;Pantalla completa&quot;,&quot;THUMBS&quot;:&quot;Miniaturas&quot;,&quot;DOWNLOAD&quot;:&quot;Descargar&quot;,&quot;SHARE&quot;:&quot;Compartir&quot;,&quot;ZOOM&quot;:&quot;Zoom&quot;,&quot;EMAIL&quot;:&quot;Here is the link to the image : %%image_link%% and this is the link to the gallery : %%gallery_link%%&quot;,&quot;MODAL&quot;:&quot;Puedes cerrar este contenido emergente con la tecla ESC&quot;,&quot;ERROR&quot;:&quot;Algo ha ido mal, pro favor, prueba de nuevo m\\u00e1s tarde&quot;,&quot;IMAGE_ERROR&quot;:&quot;Imagen no encontrada&quot;,&quot;ELEMENT_NOT_FOUND&quot;:&quot;No se ha encontrado el elemento HTML&quot;,&quot;AJAX_NOT_FOUND&quot;:&quot;Error al cargar AJAX: No encontrado&quot;,&quot;AJAX_FORBIDDEN&quot;:&quot;Error al cargar AJAX: Prohibido&quot;,&quot;IFRAME_ERROR&quot;:&quot;Error al cargar la p\\u00e1gina&quot;,&quot;TOGGLE_ZOOM&quot;:&quot;Alternar nivel de ampliar\\\/acercar&quot;,&quot;TOGGLE_THUMBS&quot;:&quot;Alternar miniaturas&quot;,&quot;TOGGLE_SLIDESHOW&quot;:&quot;Alternar diapositiva&quot;,&quot;TOGGLE_FULLSCREEN&quot;:&quot;Cambiar al modo de pantalla completa&quot;},&quot;Images&quot;:{&quot;Panzoom&quot;:{&quot;maxScale&quot;:2}},&quot;mainClass&quot;:&quot;modula-fancybox-container modula-lightbox-jtg-695&quot;,&quot;Html&quot;:{&quot;videoAutoplay&quot;:0,&quot;videoTpl&quot;:&quot;&lt;video class=\\&quot;fancybox__html5video\\&quot; controls muted playsinline controlsList controlsList=\\&quot;nodownload\\&quot; poster=\\&quot;{{poster}}\\&quot; src=\\&quot;{{src}}\\&quot; type=\\&quot;{{format}}\\&quot; &gt;  Sorry, your browser doesn&#039;t support embedded videos, &lt;a href=\\&quot;{{src}}\\&quot;&gt; download &lt;\\\/a&gt; and watch with your favorite video player! &lt;\\\/video&gt;&quot;}},&quot;inView&quot;:false,&quot;email_subject&quot;:&quot;Check out this awesome image !!&quot;,&quot;email_message&quot;:&quot;Here is the link to the image : %%image_link%% and this is the link to the gallery : %%gallery_link%%&quot;,&quot;lightbox&quot;:&quot;fancybox&quot;}\">\n\n\t\n\t<div  class=\"modula-items\">\n\t\t<div class=\"modula-item effect-pufrobo\" >\n\t<div class=\"modula-item-overlay\"><\/div>\n\n\t<div class=\"modula-item-content\">\n\n\t\t<a data-image-id=\"696\" role=\"button\" tabindex=\"0\" rel=\"jtg-695\" data-caption=\"\" aria-label=\"Abrir la imagen en una caja de luz\" class=\"tile-inner modula-item-link\"><\/a><img loading=\"lazy\" decoding=\"async\" class=\"pic wp-image-696\"  data-valign=\"middle\" data-halign=\"center\" alt=\"\" data-full=\"https:\/\/anuario2021.torrefuerte.bo\/wp-content\/uploads\/2021\/12\/FB_IMG_1639540639394.jpg\" title=\"FB_IMG_1639540639394\" crop=\"\" width=\"960\" height=\"503\" src=\"https:\/\/anuario2021.torrefuerte.bo\/wp-content\/uploads\/2021\/12\/FB_IMG_1639540639394.jpg\" data-src=\"https:\/\/anuario2021.torrefuerte.bo\/wp-content\/uploads\/2021\/12\/FB_IMG_1639540639394.jpg\" data-caption=\"\"\/>\n\t\t<div class=\"figc no-description\">\n\t\t\t<div class=\"figc-inner\">\n\t\t\t\t\t\t\t\t\t\t\t\t\t\t\t<\/div>\n\t\t<\/div>\n\n\t<\/div>\n\n<\/div><div class=\"modula-item effect-pufrobo\" >\n\t<div class=\"modula-item-overlay\"><\/div>\n\n\t<div class=\"modula-item-content\">\n\n\t\t<a data-image-id=\"697\" role=\"button\" tabindex=\"0\" rel=\"jtg-695\" data-caption=\"\" aria-label=\"Abrir la imagen en una caja de luz\" class=\"tile-inner modula-item-link\"><\/a><img loading=\"lazy\" decoding=\"async\" class=\"pic wp-image-697\"  data-valign=\"middle\" data-halign=\"center\" alt=\"\" data-full=\"https:\/\/anuario2021.torrefuerte.bo\/wp-content\/uploads\/2021\/12\/FB_IMG_1639540642263.jpg\" title=\"FB_IMG_1639540642263\" crop=\"\" width=\"1080\" height=\"810\" src=\"https:\/\/anuario2021.torrefuerte.bo\/wp-content\/uploads\/2021\/12\/FB_IMG_1639540642263.jpg\" data-src=\"https:\/\/anuario2021.torrefuerte.bo\/wp-content\/uploads\/2021\/12\/FB_IMG_1639540642263.jpg\" data-caption=\"\"\/>\n\t\t<div class=\"figc no-description\">\n\t\t\t<div class=\"figc-inner\">\n\t\t\t\t\t\t\t\t\t\t\t\t\t\t\t<\/div>\n\t\t<\/div>\n\n\t<\/div>\n\n<\/div><div class=\"modula-item effect-pufrobo\" >\n\t<div class=\"modula-item-overlay\"><\/div>\n\n\t<div class=\"modula-item-content\">\n\n\t\t<a data-image-id=\"698\" role=\"button\" tabindex=\"0\" rel=\"jtg-695\" data-caption=\"\" aria-label=\"Abrir la imagen en una caja de luz\" class=\"tile-inner modula-item-link\"><\/a><img loading=\"lazy\" decoding=\"async\" class=\"pic wp-image-698\"  data-valign=\"middle\" data-halign=\"center\" alt=\"\" data-full=\"https:\/\/anuario2021.torrefuerte.bo\/wp-content\/uploads\/2021\/12\/FB_IMG_1639540644889.jpg\" title=\"FB_IMG_1639540644889\" crop=\"\" width=\"870\" height=\"663\" src=\"https:\/\/anuario2021.torrefuerte.bo\/wp-content\/uploads\/2021\/12\/FB_IMG_1639540644889.jpg\" data-src=\"https:\/\/anuario2021.torrefuerte.bo\/wp-content\/uploads\/2021\/12\/FB_IMG_1639540644889.jpg\" data-caption=\"\"\/>\n\t\t<div class=\"figc no-description\">\n\t\t\t<div class=\"figc-inner\">\n\t\t\t\t\t\t\t\t\t\t\t\t\t\t\t<\/div>\n\t\t<\/div>\n\n\t<\/div>\n\n<\/div><div class=\"modula-item effect-pufrobo\" >\n\t<div class=\"modula-item-overlay\"><\/div>\n\n\t<div class=\"modula-item-content\">\n\n\t\t<a data-image-id=\"699\" role=\"button\" tabindex=\"0\" rel=\"jtg-695\" data-caption=\"\" aria-label=\"Abrir la imagen en una caja de luz\" class=\"tile-inner modula-item-link\"><\/a><img loading=\"lazy\" decoding=\"async\" class=\"pic wp-image-699\"  data-valign=\"middle\" data-halign=\"center\" alt=\"\" data-full=\"https:\/\/anuario2021.torrefuerte.bo\/wp-content\/uploads\/2021\/12\/FB_IMG_1639540647754.jpg\" title=\"FB_IMG_1639540647754\" crop=\"\" width=\"1080\" height=\"808\" src=\"https:\/\/anuario2021.torrefuerte.bo\/wp-content\/uploads\/2021\/12\/FB_IMG_1639540647754.jpg\" data-src=\"https:\/\/anuario2021.torrefuerte.bo\/wp-content\/uploads\/2021\/12\/FB_IMG_1639540647754.jpg\" data-caption=\"\"\/>\n\t\t<div class=\"figc no-description\">\n\t\t\t<div class=\"figc-inner\">\n\t\t\t\t\t\t\t\t\t\t\t\t\t\t\t<\/div>\n\t\t<\/div>\n\n\t<\/div>\n\n<\/div><div class=\"modula-item effect-pufrobo\" >\n\t<div class=\"modula-item-overlay\"><\/div>\n\n\t<div class=\"modula-item-content\">\n\n\t\t<a data-image-id=\"700\" role=\"button\" tabindex=\"0\" rel=\"jtg-695\" data-caption=\"\" aria-label=\"Abrir la imagen en una caja de luz\" class=\"tile-inner modula-item-link\"><\/a><img loading=\"lazy\" decoding=\"async\" class=\"pic wp-image-700\"  data-valign=\"middle\" data-halign=\"center\" alt=\"\" data-full=\"https:\/\/anuario2021.torrefuerte.bo\/wp-content\/uploads\/2021\/12\/FB_IMG_1639540650605.jpg\" title=\"FB_IMG_1639540650605\" crop=\"\" width=\"870\" height=\"811\" src=\"https:\/\/anuario2021.torrefuerte.bo\/wp-content\/uploads\/2021\/12\/FB_IMG_1639540650605.jpg\" data-src=\"https:\/\/anuario2021.torrefuerte.bo\/wp-content\/uploads\/2021\/12\/FB_IMG_1639540650605.jpg\" data-caption=\"\"\/>\n\t\t<div class=\"figc no-description\">\n\t\t\t<div class=\"figc-inner\">\n\t\t\t\t\t\t\t\t\t\t\t\t\t\t\t<\/div>\n\t\t<\/div>\n\n\t<\/div>\n\n<\/div><div class=\"modula-item effect-pufrobo\" >\n\t<div class=\"modula-item-overlay\"><\/div>\n\n\t<div class=\"modula-item-content\">\n\n\t\t<a data-image-id=\"701\" role=\"button\" tabindex=\"0\" rel=\"jtg-695\" data-caption=\"\" aria-label=\"Abrir la imagen en una caja de luz\" class=\"tile-inner modula-item-link\"><\/a><img loading=\"lazy\" decoding=\"async\" class=\"pic wp-image-701\"  data-valign=\"middle\" data-halign=\"center\" alt=\"\" data-full=\"https:\/\/anuario2021.torrefuerte.bo\/wp-content\/uploads\/2021\/12\/FB_IMG_1639540653009.jpg\" title=\"FB_IMG_1639540653009\" crop=\"\" width=\"934\" height=\"1600\" src=\"https:\/\/anuario2021.torrefuerte.bo\/wp-content\/uploads\/2021\/12\/FB_IMG_1639540653009.jpg\" data-src=\"https:\/\/anuario2021.torrefuerte.bo\/wp-content\/uploads\/2021\/12\/FB_IMG_1639540653009.jpg\" data-caption=\"\" srcset=\"https:\/\/anuario2021.torrefuerte.bo\/wp-content\/uploads\/2021\/12\/FB_IMG_1639540653009.jpg 934w, https:\/\/anuario2021.torrefuerte.bo\/wp-content\/uploads\/2021\/12\/FB_IMG_1639540653009-897x1536.jpg 897w\" sizes=\"auto, (max-width: 934px) 100vw, 934px\" \/>\n\t\t<div class=\"figc no-description\">\n\t\t\t<div class=\"figc-inner\">\n\t\t\t\t\t\t\t\t\t\t\t\t\t\t\t<\/div>\n\t\t<\/div>\n\n\t<\/div>\n\n<\/div><div class=\"modula-item effect-pufrobo\" >\n\t<div class=\"modula-item-overlay\"><\/div>\n\n\t<div class=\"modula-item-content\">\n\n\t\t<a data-image-id=\"702\" role=\"button\" tabindex=\"0\" rel=\"jtg-695\" data-caption=\"\" aria-label=\"Abrir la imagen en una caja de luz\" class=\"tile-inner modula-item-link\"><\/a><img loading=\"lazy\" decoding=\"async\" class=\"pic wp-image-702\"  data-valign=\"middle\" data-halign=\"center\" alt=\"\" data-full=\"https:\/\/anuario2021.torrefuerte.bo\/wp-content\/uploads\/2021\/12\/FB_IMG_1639540657750.jpg\" title=\"FB_IMG_1639540657750\" crop=\"\" width=\"1080\" height=\"709\" src=\"https:\/\/anuario2021.torrefuerte.bo\/wp-content\/uploads\/2021\/12\/FB_IMG_1639540657750.jpg\" data-src=\"https:\/\/anuario2021.torrefuerte.bo\/wp-content\/uploads\/2021\/12\/FB_IMG_1639540657750.jpg\" data-caption=\"\"\/>\n\t\t<div class=\"figc no-description\">\n\t\t\t<div class=\"figc-inner\">\n\t\t\t\t\t\t\t\t\t\t\t\t\t\t\t<\/div>\n\t\t<\/div>\n\n\t<\/div>\n\n<\/div>\t\t\n\t<\/div>\n\n\t\n\t\n\t<script type=\"application\/ld+json\">\n\t{\n\t\t\"@context\": \"http:\/\/schema.org\",\n\t\t\"@type\"   : \"ImageGallery\",\n\t\t\"id\"      : \"https:\/\/anuario2021.torrefuerte.bo\/index.php\/red-juveniles\/\",\n\t\t\"url\"     : \"https:\/\/anuario2021.torrefuerte.bo\/index.php\/red-juveniles\/\"\n\t}\n\n\t<\/script>\n\n\t\n<\/div>\n\n\n\n<p class=\"has-text-align-center\"><p class=\"has-text-align-center\"><input type=\"button\" value=\"Volver\" class=\"alg_back_button_input \" style=\"\" onclick=\"window.history.back()\" \/><\/p><\/p>\n","protected":false},"excerpt":{"rendered":"<p>Segunda versi\u00f3n de un evento que habla exclusivamente del amor. Un evento organizado por &nbsp;la red de Juveniles, y en esta ocasi\u00f3n con el objetivo de ense\u00f1ar acerca del enamoramiento y noviazgo, a trav\u00e9s del testimonios de invitados especiales de diferentes redes, quienes llevaron un &hellip; <a href=\"https:\/\/anuario2021.torrefuerte.bo\/index.php\/red-juveniles\/\" class=\"more-link\"><span>Seguir leyendo<span class=\"screen-reader-text\">RED JUVENILES<\/span><\/span><\/a><\/p>\n","protected":false},"author":2,"featured_media":338,"parent":0,"menu_order":0,"comment_status":"closed","ping_status":"closed","template":"","meta":{"footnotes":""},"class_list":["post-337","page","type-page","status-publish","has-post-thumbnail","hentry"],"_links":{"self":[{"href":"https:\/\/anuario2021.torrefuerte.bo\/index.php\/wp-json\/wp\/v2\/pages\/337","targetHints":{"allow":["GET"]}}],"collection":[{"href":"https:\/\/anuario2021.torrefuerte.bo\/index.php\/wp-json\/wp\/v2\/pages"}],"about":[{"href":"https:\/\/anuario2021.torrefuerte.bo\/index.php\/wp-json\/wp\/v2\/types\/page"}],"author":[{"embeddable":true,"href":"https:\/\/anuario2021.torrefuerte.bo\/index.php\/wp-json\/wp\/v2\/users\/2"}],"replies":[{"embeddable":true,"href":"https:\/\/anuario2021.torrefuerte.bo\/index.php\/wp-json\/wp\/v2\/comments?post=337"}],"version-history":[{"count":6,"href":"https:\/\/anuario2021.torrefuerte.bo\/index.php\/wp-json\/wp\/v2\/pages\/337\/revisions"}],"predecessor-version":[{"id":818,"href":"https:\/\/anuario2021.torrefuerte.bo\/index.php\/wp-json\/wp\/v2\/pages\/337\/revisions\/818"}],"wp:featuredmedia":[{"embeddable":true,"href":"https:\/\/anuario2021.torrefuerte.bo\/index.php\/wp-json\/wp\/v2\/media\/338"}],"wp:attachment":[{"href":"https:\/\/anuario2021.torrefuerte.bo\/index.php\/wp-json\/wp\/v2\/media?parent=337"}],"curies":[{"name":"wp","href":"https:\/\/api.w.org\/{rel}","templated":true}]}}