{"id":344,"date":"2021-12-05T19:56:16","date_gmt":"2021-12-05T19:56:16","guid":{"rendered":"https:\/\/anuario2021.torrefuerte.bo\/?page_id=344"},"modified":"2021-12-31T15:31:19","modified_gmt":"2021-12-31T15:31:19","slug":"seminario-de-consejeria","status":"publish","type":"page","link":"https:\/\/anuario2021.torrefuerte.bo\/index.php\/seminario-de-consejeria\/","title":{"rendered":"SEMINARIO DE CONSEJER\u00cdA"},"content":{"rendered":"\n<p>El Pr. Rafael Vargas junto a su esposa Pra. Rose Mary de Vargas, dictaron el Seminario de Consejer\u00eda, dirigido a los L\u00edderes de GAL-D activos de TORRE FUERTE, con una duraci\u00f3n de nueve semanas. Seminario que fue enriquecido con experiencias de los pastores en los diversos temas de consejer\u00eda que se presentaron en el Seminario.Para este seminario se recopil\u00f3, edit\u00f3 e imprimi\u00f3 un <strong>Manual de Consejer\u00eda, <\/strong>como gu\u00eda pr\u00e1ctica para realizar la delicada tarea de ayudar a nuestro pr\u00f3jimo a ser libre de toda atadura y opresi\u00f3n espiritual.<\/p>\n\n\n\n<figure class=\"wp-block-image size-full\"><img loading=\"lazy\" decoding=\"async\" width=\"997\" height=\"535\" src=\"http:\/\/anuario2021.torrefuerte.bo\/wp-content\/uploads\/2021\/12\/seminario.jpg\" alt=\"\" class=\"wp-image-346\"\/><\/figure>\n\n\n\n<p class=\"has-text-align-center\"><p class=\"has-text-align-center\"><input type=\"button\" value=\"Volver\" class=\"alg_back_button_input \" style=\"\" onclick=\"window.history.back()\" \/><\/p><\/p>\n","protected":false},"excerpt":{"rendered":"<p>El Pr. Rafael Vargas junto a su esposa Pra. Rose Mary de Vargas, dictaron el Seminario de Consejer\u00eda, dirigido a los L\u00edderes de GAL-D activos de TORRE FUERTE, con una duraci\u00f3n de nueve semanas. Seminario que fue enriquecido con experiencias de los pastores en los &hellip; <a href=\"https:\/\/anuario2021.torrefuerte.bo\/index.php\/seminario-de-consejeria\/\" class=\"more-link\"><span>Seguir leyendo<span class=\"screen-reader-text\">SEMINARIO DE CONSEJER\u00cdA<\/span><\/span><\/a><\/p>\n","protected":false},"author":2,"featured_media":345,"parent":0,"menu_order":0,"comment_status":"closed","ping_status":"closed","template":"","meta":{"footnotes":""},"class_list":["post-344","page","type-page","status-publish","has-post-thumbnail","hentry"],"_links":{"self":[{"href":"https:\/\/anuario2021.torrefuerte.bo\/index.php\/wp-json\/wp\/v2\/pages\/344","targetHints":{"allow":["GET"]}}],"collection":[{"href":"https:\/\/anuario2021.torrefuerte.bo\/index.php\/wp-json\/wp\/v2\/pages"}],"about":[{"href":"https:\/\/anuario2021.torrefuerte.bo\/index.php\/wp-json\/wp\/v2\/types\/page"}],"author":[{"embeddable":true,"href":"https:\/\/anuario2021.torrefuerte.bo\/index.php\/wp-json\/wp\/v2\/users\/2"}],"replies":[{"embeddable":true,"href":"https:\/\/anuario2021.torrefuerte.bo\/index.php\/wp-json\/wp\/v2\/comments?post=344"}],"version-history":[{"count":2,"href":"https:\/\/anuario2021.torrefuerte.bo\/index.php\/wp-json\/wp\/v2\/pages\/344\/revisions"}],"predecessor-version":[{"id":821,"href":"https:\/\/anuario2021.torrefuerte.bo\/index.php\/wp-json\/wp\/v2\/pages\/344\/revisions\/821"}],"wp:featuredmedia":[{"embeddable":true,"href":"https:\/\/anuario2021.torrefuerte.bo\/index.php\/wp-json\/wp\/v2\/media\/345"}],"wp:attachment":[{"href":"https:\/\/anuario2021.torrefuerte.bo\/index.php\/wp-json\/wp\/v2\/media?parent=344"}],"curies":[{"name":"wp","href":"https:\/\/api.w.org\/{rel}","templated":true}]}}