{"id":386,"date":"2021-12-06T15:46:19","date_gmt":"2021-12-06T15:46:19","guid":{"rendered":"https:\/\/anuario2021.torrefuerte.bo\/?page_id=386"},"modified":"2021-12-31T15:17:46","modified_gmt":"2021-12-31T15:17:46","slug":"autocongre","status":"publish","type":"page","link":"https:\/\/anuario2021.torrefuerte.bo\/index.php\/entrevista\/autocongre\/","title":{"rendered":"AUTOCONGRE"},"content":{"rendered":"\n<p>La modalidad de congregarse desde el veh\u00edculo, al que llamamos AutoCongre, se mantuvo durante algunos meses del 2021, llegando a llamar la atenci\u00f3n de medios de comunicaci\u00f3n. En este sentido el Pastor Gonzalo Zenteno fue entrevistado por Cadena A al respecto.<\/p>\n\n\n\n<p>Entrevista que resalt\u00f3 el hecho que fuimos los primeros en Bolivia en implementar la hermosa experiencia de congregarte desde la comodidad y seguridad de tu veh\u00edculo, con todos los protocolos de bioseguridad.<\/p>\n\n\n\n<figure class=\"wp-block-embed is-type-video is-provider-youtube wp-block-embed-youtube wp-embed-aspect-16-9 wp-has-aspect-ratio\"><div class=\"wp-block-embed__wrapper\">\n<div class=\"epyt-video-wrapper\"><iframe loading=\"lazy\"  id=\"_ytid_66467\"  width=\"1000\" height=\"562\"  data-origwidth=\"1000\" data-origheight=\"562\" src=\"https:\/\/www.youtube.com\/embed\/Kbx-ysSzbws?enablejsapi=1&#038;autoplay=0&#038;cc_load_policy=0&#038;cc_lang_pref=&#038;iv_load_policy=1&#038;loop=0&#038;rel=0&#038;fs=1&#038;playsinline=0&#038;autohide=2&#038;theme=dark&#038;color=red&#038;controls=1&#038;disablekb=0&#038;\" class=\"__youtube_prefs__  epyt-is-override  no-lazyload\" title=\"YouTube player\"  allow=\"fullscreen; accelerometer; autoplay; clipboard-write; encrypted-media; gyroscope; picture-in-picture; web-share\" referrerpolicy=\"strict-origin-when-cross-origin\" allowfullscreen data-no-lazy=\"1\" data-skipgform_ajax_framebjll=\"\"><\/iframe><\/div>\n<\/div><\/figure>\n\n\n\n<p class=\"has-text-align-center\"><p class=\"has-text-align-center\"><input type=\"button\" value=\"Volver\" class=\"alg_back_button_input \" style=\"\" onclick=\"window.history.back()\" \/><\/p><\/p>\n","protected":false},"excerpt":{"rendered":"<p>La modalidad de congregarse desde el veh\u00edculo, al que llamamos AutoCongre, se mantuvo durante algunos meses del 2021, llegando a llamar la atenci\u00f3n de medios de comunicaci\u00f3n. En este sentido el Pastor Gonzalo Zenteno fue entrevistado por Cadena A al respecto. Entrevista que resalt\u00f3 el &hellip; <a href=\"https:\/\/anuario2021.torrefuerte.bo\/index.php\/entrevista\/autocongre\/\" class=\"more-link\"><span>Seguir leyendo<span class=\"screen-reader-text\">AUTOCONGRE<\/span><\/span><\/a><\/p>\n","protected":false},"author":2,"featured_media":387,"parent":381,"menu_order":0,"comment_status":"closed","ping_status":"closed","template":"","meta":{"footnotes":""},"class_list":["post-386","page","type-page","status-publish","has-post-thumbnail","hentry"],"_links":{"self":[{"href":"https:\/\/anuario2021.torrefuerte.bo\/index.php\/wp-json\/wp\/v2\/pages\/386","targetHints":{"allow":["GET"]}}],"collection":[{"href":"https:\/\/anuario2021.torrefuerte.bo\/index.php\/wp-json\/wp\/v2\/pages"}],"about":[{"href":"https:\/\/anuario2021.torrefuerte.bo\/index.php\/wp-json\/wp\/v2\/types\/page"}],"author":[{"embeddable":true,"href":"https:\/\/anuario2021.torrefuerte.bo\/index.php\/wp-json\/wp\/v2\/users\/2"}],"replies":[{"embeddable":true,"href":"https:\/\/anuario2021.torrefuerte.bo\/index.php\/wp-json\/wp\/v2\/comments?post=386"}],"version-history":[{"count":2,"href":"https:\/\/anuario2021.torrefuerte.bo\/index.php\/wp-json\/wp\/v2\/pages\/386\/revisions"}],"predecessor-version":[{"id":797,"href":"https:\/\/anuario2021.torrefuerte.bo\/index.php\/wp-json\/wp\/v2\/pages\/386\/revisions\/797"}],"up":[{"embeddable":true,"href":"https:\/\/anuario2021.torrefuerte.bo\/index.php\/wp-json\/wp\/v2\/pages\/381"}],"wp:featuredmedia":[{"embeddable":true,"href":"https:\/\/anuario2021.torrefuerte.bo\/index.php\/wp-json\/wp\/v2\/media\/387"}],"wp:attachment":[{"href":"https:\/\/anuario2021.torrefuerte.bo\/index.php\/wp-json\/wp\/v2\/media?parent=386"}],"curies":[{"name":"wp","href":"https:\/\/api.w.org\/{rel}","templated":true}]}}