{"id":390,"date":"2021-12-06T16:08:48","date_gmt":"2021-12-06T16:08:48","guid":{"rendered":"https:\/\/anuario2021.torrefuerte.bo\/?page_id=390"},"modified":"2021-12-31T15:18:37","modified_gmt":"2021-12-31T15:18:37","slug":"dominare-mi-doble-animo","status":"publish","type":"page","link":"https:\/\/anuario2021.torrefuerte.bo\/index.php\/entrevista\/dominare-mi-doble-animo\/","title":{"rendered":"DOMINAR\u00c9 MI DOBLE \u00c1NIMO"},"content":{"rendered":"\n<p>Pr. Gonzalo Zenteno fue invitado por el Canal XTOTV \u2013 Canal 27 de la Ciudad de La Paz, a compartir de manera breve el tema <strong>\u201cDominar\u00e9 mi doble \u00e1nimo\u201d<\/strong> en el programa Punto Vida, que se transmite tambi\u00e9n por radio a trav\u00e9s de El Sonido de la Vida.&nbsp;&nbsp;<\/p>\n\n\n\n<p><strong>TORRE FUERTE<\/strong> es una Iglesia que est\u00e1 impactando a muchas vidas, bendiciendo a la Ciudad y a la Naci\u00f3n con la Palabra de Dios.<\/p>\n\n\n\n<p>Hoy, damos gracias a Dios por el favor y gracia que tiene nuestra Casa Torre Fuerte y nuestros Pastores.<\/p>\n\n\n\n<figure class=\"wp-block-image size-full\"><img loading=\"lazy\" decoding=\"async\" width=\"1080\" height=\"577\" src=\"http:\/\/anuario2021.torrefuerte.bo\/wp-content\/uploads\/2021\/12\/Entrevista.jpg\" alt=\"\" class=\"wp-image-392\"\/><\/figure>\n\n\n\n<p><\/p>\n\n\n\n<p><h3>Definici\u00f3n de doble \u00e1nimo:<\/h3><\/p>\n\n\n\n<p>Es lo que padece una persona inconstante, hoy dice SI y ma\u00f1ana NO.<\/p>\n\n\n\n<p>Hoy cree en Dios porque se encuentra bien y ma\u00f1ana no tanto, porque est\u00e1 enfermo. <\/p>\n\n\n\n<p>Es como una persona que hoy est\u00e1 llena de fe y ma\u00f1ana no, debido a  alguna circunstancia que le ocurri\u00f3. <\/p>\n\n\n\n<p>La Biblia habla sobre ese tema y una de las caracter\u00edsticas es que a veces hay personas que son como las olas del mar, van y vuelven, van y vuelven y esta caracter\u00edstica es de las personas de <strong>doble \u00e1nimo<\/strong>.<\/p>\n\n\n\n<p>A veces es f\u00e1cil de notar y otras veces est\u00e1 algo oculto.<\/p>\n\n\n\n<p>Lo interesante de la Palabra de Dios es que no trata de ocultar las caracter\u00edsticas o los errores de las personas o de los grandes h\u00e9roes de la Biblia. Veamos lo que le pas\u00f3 a Pedro en los \u00faltimos d\u00edas cuando Jes\u00fas estaba aqu\u00ed. <\/p>\n\n\n\n<p>Jes\u00fas dijo <em>se van a escandalizar de m\u00ed, me van a traicionar<\/em>. <\/p>\n\n\n\n<p>Pedro sali\u00f3 y dijo: <em>Yo nunca te dejar\u00e9, morir\u00e9 a tu lado, estar\u00e9 contigo y no me ir\u00e9.<\/em> <\/p>\n\n\n\n<p>Pero pasadas unas horas, Pedro niega <strong>totalmente que lo conoce, que nunca lo vio, entonces uno dice \u00bfqu\u00e9 pas\u00f3?<\/strong><\/p>\n\n\n\n<p>Uno se pregunta d\u00f3nde se fue tanto coraje, tanta valent\u00eda. <\/p>\n\n\n\n<p>Lo peor es que Pedro fue sincero en las dos partes. Fue sincero cuando dijo que nunca lo iba a negar y fue muy sincero cuando lo neg\u00f3. Y esa caracter\u00edstica es de las personas de <strong>doble \u00e1nimo<\/strong>, son muy sinceros cuando dicen S\u00cd y muy sinceros cuando niegan, entonces uno quiere saber qu\u00e9 es lo que pasa. <\/p>\n\n\n\n<p>Pienso que las personas asumen un compromiso, luego se dan cuenta que a veces es dif\u00edcil mantenerlo, dif\u00edcil lograrlo, dif\u00edcil hacerlo y entonces el temor a lo que asumieron es lo que les hace dar la vuelta y ese temor a veces viene por el entorno donde se encuentran. <\/p>\n\n\n\n<p>Pedro, cuando estaba con Jes\u00fas, estaba con los disc\u00edpulos, salieron de la Santa Cena, ten\u00eda un entorno muy cristiano muy de estar con Dios, como nos pasa a muchos en la Iglesia. El domingo estamos muy alegres, muy felices, cantamos, alabamos, podemos tomar el mundo ah\u00ed adentro, decimos <em>\u00abvoy a ir a predicar al&nbsp; mundo\u00bb<\/em>, <em>\u00abenv\u00edame a m\u00ed, yo lo har\u00e9, Se\u00f1or\u00bb<\/em>, <em>\u00abno importa voy ayunar los cuarenta d\u00edas que vienen\u00bb<\/em>, pero saliendo de la Reuni\u00f3n, en la tarde, en la noche, el lunes, uno se pone a pensar y dice: <em>\u00ab\u00bfser\u00e1 tan f\u00e1cil?, creo que no lo voy a lograr, creo que no lo voy hacer\u00bb<\/em>, porque el entorno cambi\u00f3.&nbsp; <\/p>\n\n\n\n<p>Entonces son como la ola del mar, quieren conquistar el mundo y no pueden conquistar siquiera su casa, es el temor y el perder la visi\u00f3n de lo que uno est\u00e1 haciendo, entonces en esa distorsi\u00f3n, necesitan mucho m\u00e1s acompa\u00f1amiento, creado por las personas en un ambiente m\u00e1s adecuado para poder continuar en este ambiente de fe.<\/p>\n\n\n\n<p> &nbsp; &nbsp; &nbsp;<\/p>\n\n\n\n<p class=\"has-text-align-center\"><p class=\"has-text-align-center\"><input type=\"button\" value=\"Volver\" class=\"alg_back_button_input \" style=\"\" onclick=\"window.history.back()\" \/><\/p><\/p>\n","protected":false},"excerpt":{"rendered":"<p>Pr. Gonzalo Zenteno fue invitado por el Canal XTOTV \u2013 Canal 27 de la Ciudad de La Paz, a compartir de manera breve el tema \u201cDominar\u00e9 mi doble \u00e1nimo\u201d en el programa Punto Vida, que se transmite tambi\u00e9n por radio a trav\u00e9s de El Sonido &hellip; <a href=\"https:\/\/anuario2021.torrefuerte.bo\/index.php\/entrevista\/dominare-mi-doble-animo\/\" class=\"more-link\"><span>Seguir leyendo<span class=\"screen-reader-text\">DOMINAR\u00c9 MI DOBLE \u00c1NIMO<\/span><\/span><\/a><\/p>\n","protected":false},"author":2,"featured_media":391,"parent":381,"menu_order":0,"comment_status":"closed","ping_status":"closed","template":"","meta":{"footnotes":""},"class_list":["post-390","page","type-page","status-publish","has-post-thumbnail","hentry"],"_links":{"self":[{"href":"https:\/\/anuario2021.torrefuerte.bo\/index.php\/wp-json\/wp\/v2\/pages\/390","targetHints":{"allow":["GET"]}}],"collection":[{"href":"https:\/\/anuario2021.torrefuerte.bo\/index.php\/wp-json\/wp\/v2\/pages"}],"about":[{"href":"https:\/\/anuario2021.torrefuerte.bo\/index.php\/wp-json\/wp\/v2\/types\/page"}],"author":[{"embeddable":true,"href":"https:\/\/anuario2021.torrefuerte.bo\/index.php\/wp-json\/wp\/v2\/users\/2"}],"replies":[{"embeddable":true,"href":"https:\/\/anuario2021.torrefuerte.bo\/index.php\/wp-json\/wp\/v2\/comments?post=390"}],"version-history":[{"count":4,"href":"https:\/\/anuario2021.torrefuerte.bo\/index.php\/wp-json\/wp\/v2\/pages\/390\/revisions"}],"predecessor-version":[{"id":798,"href":"https:\/\/anuario2021.torrefuerte.bo\/index.php\/wp-json\/wp\/v2\/pages\/390\/revisions\/798"}],"up":[{"embeddable":true,"href":"https:\/\/anuario2021.torrefuerte.bo\/index.php\/wp-json\/wp\/v2\/pages\/381"}],"wp:featuredmedia":[{"embeddable":true,"href":"https:\/\/anuario2021.torrefuerte.bo\/index.php\/wp-json\/wp\/v2\/media\/391"}],"wp:attachment":[{"href":"https:\/\/anuario2021.torrefuerte.bo\/index.php\/wp-json\/wp\/v2\/media?parent=390"}],"curies":[{"name":"wp","href":"https:\/\/api.w.org\/{rel}","templated":true}]}}