{"id":43,"date":"2021-11-23T02:23:40","date_gmt":"2021-11-23T02:23:40","guid":{"rendered":"https:\/\/anuario2021.torrefuerte.bo\/?page_id=43"},"modified":"2021-12-31T15:19:08","modified_gmt":"2021-12-31T15:19:08","slug":"formacion-continua","status":"publish","type":"page","link":"https:\/\/anuario2021.torrefuerte.bo\/index.php\/formacion-continua\/","title":{"rendered":"FORMACI\u00d3N CONT\u00cdNUA"},"content":{"rendered":"\n<p>Semana tras semana el liderazgo de Torre Fuerte se re\u00fane de forma virtual con los pastores Rafael &amp; Rosemary Vargas. Transcurrieron ya 20 meses desde la primera reuni\u00f3n y todas llenas de bendici\u00f3n y aprendizaje.&nbsp;<\/p>\n\n\n\n<p>El objetivo, fortalecer el liderazgo de la Congregaci\u00f3n, fortalecer la fe y crecer espiritualmente, para as\u00ed poder llevar transformaci\u00f3n de vida, familias y sociedades a nuestra ciudad.<\/p>\n\n\n\n<figure class=\"wp-block-image size-full\"><img loading=\"lazy\" decoding=\"async\" width=\"1920\" height=\"1080\" src=\"http:\/\/anuario2021.torrefuerte.bo\/wp-content\/uploads\/2021\/12\/Pastores_FormacionContinua2.png\" alt=\"\" class=\"wp-image-430\" srcset=\"https:\/\/anuario2021.torrefuerte.bo\/wp-content\/uploads\/2021\/12\/Pastores_FormacionContinua2.png 1920w, https:\/\/anuario2021.torrefuerte.bo\/wp-content\/uploads\/2021\/12\/Pastores_FormacionContinua2-1536x864.png 1536w\" sizes=\"auto, (max-width: 1920px) 100vw, 1920px\" \/><\/figure>\n\n\n\n<p class=\"has-text-align-center\"><p class=\"has-text-align-center\"><input type=\"button\" value=\"Volver\" class=\"alg_back_button_input \" style=\"\" onclick=\"window.history.back()\" \/><\/p><\/p>\n","protected":false},"excerpt":{"rendered":"<p>Semana tras semana el liderazgo de Torre Fuerte se re\u00fane de forma virtual con los pastores Rafael &amp; Rosemary Vargas. Transcurrieron ya 20 meses desde la primera reuni\u00f3n y todas llenas de bendici\u00f3n y aprendizaje.&nbsp; El objetivo, fortalecer el liderazgo de la Congregaci\u00f3n, fortalecer la &hellip; <a href=\"https:\/\/anuario2021.torrefuerte.bo\/index.php\/formacion-continua\/\" class=\"more-link\"><span>Seguir leyendo<span class=\"screen-reader-text\">FORMACI\u00d3N CONT\u00cdNUA<\/span><\/span><\/a><\/p>\n","protected":false},"author":2,"featured_media":44,"parent":0,"menu_order":0,"comment_status":"closed","ping_status":"closed","template":"","meta":{"footnotes":""},"class_list":["post-43","page","type-page","status-publish","has-post-thumbnail","hentry"],"_links":{"self":[{"href":"https:\/\/anuario2021.torrefuerte.bo\/index.php\/wp-json\/wp\/v2\/pages\/43","targetHints":{"allow":["GET"]}}],"collection":[{"href":"https:\/\/anuario2021.torrefuerte.bo\/index.php\/wp-json\/wp\/v2\/pages"}],"about":[{"href":"https:\/\/anuario2021.torrefuerte.bo\/index.php\/wp-json\/wp\/v2\/types\/page"}],"author":[{"embeddable":true,"href":"https:\/\/anuario2021.torrefuerte.bo\/index.php\/wp-json\/wp\/v2\/users\/2"}],"replies":[{"embeddable":true,"href":"https:\/\/anuario2021.torrefuerte.bo\/index.php\/wp-json\/wp\/v2\/comments?post=43"}],"version-history":[{"count":3,"href":"https:\/\/anuario2021.torrefuerte.bo\/index.php\/wp-json\/wp\/v2\/pages\/43\/revisions"}],"predecessor-version":[{"id":799,"href":"https:\/\/anuario2021.torrefuerte.bo\/index.php\/wp-json\/wp\/v2\/pages\/43\/revisions\/799"}],"wp:featuredmedia":[{"embeddable":true,"href":"https:\/\/anuario2021.torrefuerte.bo\/index.php\/wp-json\/wp\/v2\/media\/44"}],"wp:attachment":[{"href":"https:\/\/anuario2021.torrefuerte.bo\/index.php\/wp-json\/wp\/v2\/media?parent=43"}],"curies":[{"name":"wp","href":"https:\/\/api.w.org\/{rel}","templated":true}]}}