{"id":51,"date":"2021-11-23T14:41:22","date_gmt":"2021-11-23T14:41:22","guid":{"rendered":"https:\/\/anuario2021.torrefuerte.bo\/?page_id=51"},"modified":"2021-12-31T15:16:27","modified_gmt":"2021-12-31T15:16:27","slug":"encuentros","status":"publish","type":"page","link":"https:\/\/anuario2021.torrefuerte.bo\/index.php\/encuentros\/","title":{"rendered":"ENCUENTROS"},"content":{"rendered":"\n<p><em>Solo basta un Encuentro con Jes\u00fas para cambiar tu vida.<\/em><\/p>\n\n\n\n<p>Solo basta un miembro de una familia para transformar una generaci\u00f3n.&nbsp;<\/p>\n\n\n\n<p>El Modelo de Jes\u00fas de <strong>TORRE FUERTE<\/strong> se encarg\u00f3 de todos los detalles para llevar a cabo los <strong>ENCUENTROS DE VARONES Y MUJERES<\/strong>. Fuimos testigos de la sanidad f\u00edsica y espiritual de hombres y mujeres que decidieron dar un paso de fe y asistir a un <strong>ENCUENTRO CON JES\u00daS, <\/strong>donde el amor y la fidelidad de DIOS se encarg\u00f3 de transformar estas vidas.&nbsp;<\/p>\n\n\n\n<p>Las mujeres y los varones que asistieron al Encuentro este a\u00f1o, pasaron a la siguiente etapa del Modelo de Jes\u00fas \u2013&nbsp;<strong>la Academia de Obreros<\/strong>&nbsp;\u2013 donde inician su proceso de discipulado.<\/p>\n\n\n\n<p>Damos Gracias Dios por la vida de estas personas, que decidieron dar un paso de FE<\/p>\n\n\n<div  id=\"jtg-351\" class=\"modula modula-gallery modula-creative-gallery\" data-config=\"{&quot;height&quot;:800,&quot;tabletHeight&quot;:800,&quot;mobileHeight&quot;:800,&quot;desktopHeight&quot;:800,&quot;enableTwitter&quot;:false,&quot;enableWhatsapp&quot;:false,&quot;enableFacebook&quot;:false,&quot;enablePinterest&quot;:false,&quot;enableLinkedin&quot;:false,&quot;enableEmail&quot;:false,&quot;randomFactor&quot;:0.5,&quot;type&quot;:&quot;creative-gallery&quot;,&quot;columns&quot;:12,&quot;gutter&quot;:10,&quot;mobileGutter&quot;:3,&quot;tabletGutter&quot;:5,&quot;desktopGutter&quot;:10,&quot;enableResponsive&quot;:&quot;0&quot;,&quot;tabletColumns&quot;:&quot;2&quot;,&quot;mobileColumns&quot;:&quot;1&quot;,&quot;lazyLoad&quot;:0,&quot;lightboxOpts&quot;:{&quot;animated&quot;:true,&quot;Thumbs&quot;:{&quot;type&quot;:&quot;modern&quot;,&quot;showOnStart&quot;:false},&quot;Toolbar&quot;:{&quot;display&quot;:{&quot;right&quot;:[&quot;close&quot;]},&quot;enabled&quot;:true},&quot;Carousel&quot;:{&quot;Panzoom&quot;:{&quot;touch&quot;:true},&quot;infinite&quot;:false},&quot;keyboard&quot;:{&quot;Escape&quot;:&quot;close&quot;,&quot;Delete&quot;:&quot;close&quot;,&quot;Backspace&quot;:&quot;close&quot;,&quot;PageUp&quot;:false,&quot;PageDown&quot;:false,&quot;ArrowUp&quot;:false,&quot;ArrowDown&quot;:false,&quot;ArrowRight&quot;:false,&quot;ArrowLeft&quot;:false},&quot;touch&quot;:false,&quot;backdropClick&quot;:false,&quot;l10n&quot;:{&quot;CLOSE&quot;:&quot;Cerrar&quot;,&quot;NEXT&quot;:&quot;Siguiente&quot;,&quot;PREV&quot;:&quot;Anterior&quot;,&quot;Error&quot;:&quot;No se ha podido cargar el contenido solicitado. Por favor, int\\u00e9ntalo de nuevo m\\u00e1s tarde.&quot;,&quot;PLAY_START&quot;:&quot;Empezar la presentaci\\u00f3n&quot;,&quot;PLAY_STOP&quot;:&quot;Pausar la presentaci\\u00f3n&quot;,&quot;FULL_SCREEN&quot;:&quot;Pantalla completa&quot;,&quot;THUMBS&quot;:&quot;Miniaturas&quot;,&quot;DOWNLOAD&quot;:&quot;Descargar&quot;,&quot;SHARE&quot;:&quot;Compartir&quot;,&quot;ZOOM&quot;:&quot;Zoom&quot;,&quot;EMAIL&quot;:&quot;Here is the link to the image : %%image_link%% and this is the link to the gallery : %%gallery_link%%&quot;,&quot;MODAL&quot;:&quot;Puedes cerrar este contenido emergente con la tecla ESC&quot;,&quot;ERROR&quot;:&quot;Algo ha ido mal, pro favor, prueba de nuevo m\\u00e1s tarde&quot;,&quot;IMAGE_ERROR&quot;:&quot;Imagen no encontrada&quot;,&quot;ELEMENT_NOT_FOUND&quot;:&quot;No se ha encontrado el elemento HTML&quot;,&quot;AJAX_NOT_FOUND&quot;:&quot;Error al cargar AJAX: No encontrado&quot;,&quot;AJAX_FORBIDDEN&quot;:&quot;Error al cargar AJAX: Prohibido&quot;,&quot;IFRAME_ERROR&quot;:&quot;Error al cargar la p\\u00e1gina&quot;,&quot;TOGGLE_ZOOM&quot;:&quot;Alternar nivel de ampliar\\\/acercar&quot;,&quot;TOGGLE_THUMBS&quot;:&quot;Alternar miniaturas&quot;,&quot;TOGGLE_SLIDESHOW&quot;:&quot;Alternar diapositiva&quot;,&quot;TOGGLE_FULLSCREEN&quot;:&quot;Cambiar al modo de pantalla completa&quot;},&quot;Images&quot;:{&quot;Panzoom&quot;:{&quot;maxScale&quot;:2}},&quot;mainClass&quot;:&quot;modula-fancybox-container modula-lightbox-jtg-351&quot;,&quot;Html&quot;:{&quot;videoAutoplay&quot;:0,&quot;videoTpl&quot;:&quot;&lt;video class=\\&quot;fancybox__html5video\\&quot; controls muted playsinline controlsList controlsList=\\&quot;nodownload\\&quot; poster=\\&quot;{{poster}}\\&quot; src=\\&quot;{{src}}\\&quot; type=\\&quot;{{format}}\\&quot; &gt;  Sorry, your browser doesn&#039;t support embedded videos, &lt;a href=\\&quot;{{src}}\\&quot;&gt; download &lt;\\\/a&gt; and watch with your favorite video player! &lt;\\\/video&gt;&quot;}},&quot;inView&quot;:false,&quot;email_subject&quot;:&quot;Check out this awesome image !!&quot;,&quot;email_message&quot;:&quot;Here is the link to the image : %%image_link%% and this is the link to the gallery : %%gallery_link%%&quot;,&quot;lightbox&quot;:&quot;fancybox&quot;}\">\n\n\t\n\t<div  class=\"modula-items\">\n\t\t<div class=\"modula-item effect-pufrobo\" >\n\t<div class=\"modula-item-overlay\"><\/div>\n\n\t<div class=\"modula-item-content\">\n\n\t\t<a data-image-id=\"352\" role=\"button\" tabindex=\"0\" rel=\"jtg-351\" data-caption=\"\" aria-label=\"Abrir la imagen en una caja de luz\" class=\"tile-inner modula-item-link\"><\/a><img loading=\"lazy\" decoding=\"async\" class=\"pic wp-image-352\"  data-valign=\"middle\" data-halign=\"center\" alt=\"\" data-full=\"https:\/\/anuario2021.torrefuerte.bo\/wp-content\/uploads\/2021\/12\/EncuentroVar_01.jpg\" title=\"EncuentroVar_01\" crop=\"\" width=\"1920\" height=\"1280\" src=\"https:\/\/anuario2021.torrefuerte.bo\/wp-content\/uploads\/2021\/12\/EncuentroVar_01.jpg\" data-src=\"https:\/\/anuario2021.torrefuerte.bo\/wp-content\/uploads\/2021\/12\/EncuentroVar_01.jpg\" data-caption=\"\" srcset=\"https:\/\/anuario2021.torrefuerte.bo\/wp-content\/uploads\/2021\/12\/EncuentroVar_01.jpg 1920w, https:\/\/anuario2021.torrefuerte.bo\/wp-content\/uploads\/2021\/12\/EncuentroVar_01-1536x1024.jpg 1536w\" sizes=\"auto, (max-width: 1920px) 100vw, 1920px\" \/>\n\t\t<div class=\"figc no-description\">\n\t\t\t<div class=\"figc-inner\">\n\t\t\t\t\t\t\t\t\t\t\t\t\t\t\t<\/div>\n\t\t<\/div>\n\n\t<\/div>\n\n<\/div><div class=\"modula-item effect-pufrobo\" >\n\t<div class=\"modula-item-overlay\"><\/div>\n\n\t<div class=\"modula-item-content\">\n\n\t\t<a data-image-id=\"353\" role=\"button\" tabindex=\"0\" rel=\"jtg-351\" data-caption=\"\" aria-label=\"Abrir la imagen en una caja de luz\" class=\"tile-inner modula-item-link\"><\/a><img loading=\"lazy\" decoding=\"async\" class=\"pic wp-image-353\"  data-valign=\"middle\" data-halign=\"center\" alt=\"\" data-full=\"https:\/\/anuario2021.torrefuerte.bo\/wp-content\/uploads\/2021\/12\/EncuentroVar_02.jpg\" title=\"EncuentroVar_02\" crop=\"\" width=\"1920\" height=\"1151\" src=\"https:\/\/anuario2021.torrefuerte.bo\/wp-content\/uploads\/2021\/12\/EncuentroVar_02.jpg\" data-src=\"https:\/\/anuario2021.torrefuerte.bo\/wp-content\/uploads\/2021\/12\/EncuentroVar_02.jpg\" data-caption=\"\" srcset=\"https:\/\/anuario2021.torrefuerte.bo\/wp-content\/uploads\/2021\/12\/EncuentroVar_02.jpg 1920w, https:\/\/anuario2021.torrefuerte.bo\/wp-content\/uploads\/2021\/12\/EncuentroVar_02-1536x921.jpg 1536w\" sizes=\"auto, (max-width: 1920px) 100vw, 1920px\" \/>\n\t\t<div class=\"figc no-description\">\n\t\t\t<div class=\"figc-inner\">\n\t\t\t\t\t\t\t\t\t\t\t\t\t\t\t<\/div>\n\t\t<\/div>\n\n\t<\/div>\n\n<\/div><div class=\"modula-item effect-pufrobo\" >\n\t<div class=\"modula-item-overlay\"><\/div>\n\n\t<div class=\"modula-item-content\">\n\n\t\t<a data-image-id=\"354\" role=\"button\" tabindex=\"0\" rel=\"jtg-351\" data-caption=\"\" aria-label=\"Abrir la imagen en una caja de luz\" class=\"tile-inner modula-item-link\"><\/a><img loading=\"lazy\" decoding=\"async\" class=\"pic wp-image-354\"  data-valign=\"middle\" data-halign=\"center\" alt=\"\" data-full=\"https:\/\/anuario2021.torrefuerte.bo\/wp-content\/uploads\/2021\/12\/EncuentroVar_03.jpg\" title=\"EncuentroVar_03\" crop=\"\" width=\"1920\" height=\"1280\" src=\"https:\/\/anuario2021.torrefuerte.bo\/wp-content\/uploads\/2021\/12\/EncuentroVar_03.jpg\" data-src=\"https:\/\/anuario2021.torrefuerte.bo\/wp-content\/uploads\/2021\/12\/EncuentroVar_03.jpg\" data-caption=\"\" srcset=\"https:\/\/anuario2021.torrefuerte.bo\/wp-content\/uploads\/2021\/12\/EncuentroVar_03.jpg 1920w, https:\/\/anuario2021.torrefuerte.bo\/wp-content\/uploads\/2021\/12\/EncuentroVar_03-1536x1024.jpg 1536w\" sizes=\"auto, (max-width: 1920px) 100vw, 1920px\" \/>\n\t\t<div class=\"figc no-description\">\n\t\t\t<div class=\"figc-inner\">\n\t\t\t\t\t\t\t\t\t\t\t\t\t\t\t<\/div>\n\t\t<\/div>\n\n\t<\/div>\n\n<\/div><div class=\"modula-item effect-pufrobo\" >\n\t<div class=\"modula-item-overlay\"><\/div>\n\n\t<div class=\"modula-item-content\">\n\n\t\t<a data-image-id=\"355\" role=\"button\" tabindex=\"0\" rel=\"jtg-351\" data-caption=\"\" aria-label=\"Abrir la imagen en una caja de luz\" class=\"tile-inner modula-item-link\"><\/a><img loading=\"lazy\" decoding=\"async\" class=\"pic wp-image-355\"  data-valign=\"middle\" data-halign=\"center\" alt=\"\" data-full=\"https:\/\/anuario2021.torrefuerte.bo\/wp-content\/uploads\/2021\/12\/EncuentroVar_04.jpg\" title=\"EncuentroVar_04\" crop=\"\" width=\"1920\" height=\"1280\" src=\"https:\/\/anuario2021.torrefuerte.bo\/wp-content\/uploads\/2021\/12\/EncuentroVar_04.jpg\" data-src=\"https:\/\/anuario2021.torrefuerte.bo\/wp-content\/uploads\/2021\/12\/EncuentroVar_04.jpg\" data-caption=\"\" srcset=\"https:\/\/anuario2021.torrefuerte.bo\/wp-content\/uploads\/2021\/12\/EncuentroVar_04.jpg 1920w, https:\/\/anuario2021.torrefuerte.bo\/wp-content\/uploads\/2021\/12\/EncuentroVar_04-1536x1024.jpg 1536w\" sizes=\"auto, (max-width: 1920px) 100vw, 1920px\" \/>\n\t\t<div class=\"figc no-description\">\n\t\t\t<div class=\"figc-inner\">\n\t\t\t\t\t\t\t\t\t\t\t\t\t\t\t<\/div>\n\t\t<\/div>\n\n\t<\/div>\n\n<\/div><div class=\"modula-item effect-pufrobo\" >\n\t<div class=\"modula-item-overlay\"><\/div>\n\n\t<div class=\"modula-item-content\">\n\n\t\t<a data-image-id=\"356\" role=\"button\" tabindex=\"0\" rel=\"jtg-351\" data-caption=\"\" aria-label=\"Abrir la imagen en una caja de luz\" class=\"tile-inner modula-item-link\"><\/a><img loading=\"lazy\" decoding=\"async\" class=\"pic wp-image-356\"  data-valign=\"middle\" data-halign=\"center\" alt=\"\" data-full=\"https:\/\/anuario2021.torrefuerte.bo\/wp-content\/uploads\/2021\/12\/EncuentroVar_05.jpg\" title=\"EncuentroVar_05\" crop=\"\" width=\"1920\" height=\"1156\" src=\"https:\/\/anuario2021.torrefuerte.bo\/wp-content\/uploads\/2021\/12\/EncuentroVar_05.jpg\" data-src=\"https:\/\/anuario2021.torrefuerte.bo\/wp-content\/uploads\/2021\/12\/EncuentroVar_05.jpg\" data-caption=\"\" srcset=\"https:\/\/anuario2021.torrefuerte.bo\/wp-content\/uploads\/2021\/12\/EncuentroVar_05.jpg 1920w, https:\/\/anuario2021.torrefuerte.bo\/wp-content\/uploads\/2021\/12\/EncuentroVar_05-1536x925.jpg 1536w\" sizes=\"auto, (max-width: 1920px) 100vw, 1920px\" \/>\n\t\t<div class=\"figc no-description\">\n\t\t\t<div class=\"figc-inner\">\n\t\t\t\t\t\t\t\t\t\t\t\t\t\t\t<\/div>\n\t\t<\/div>\n\n\t<\/div>\n\n<\/div>\t\t\n\t<\/div>\n\n\t\n\t\n\t<script type=\"application\/ld+json\">\n\t{\n\t\t\"@context\": \"http:\/\/schema.org\",\n\t\t\"@type\"   : \"ImageGallery\",\n\t\t\"id\"      : \"https:\/\/anuario2021.torrefuerte.bo\/index.php\/encuentros\/\",\n\t\t\"url\"     : \"https:\/\/anuario2021.torrefuerte.bo\/index.php\/encuentros\/\"\n\t}\n\n\t<\/script>\n\n\t\n<\/div>\n\n\n\n<p><\/p>\n\n\n<div  id=\"jtg-357\" class=\"modula modula-gallery modula-creative-gallery\" data-config=\"{&quot;height&quot;:800,&quot;tabletHeight&quot;:800,&quot;mobileHeight&quot;:800,&quot;desktopHeight&quot;:800,&quot;enableTwitter&quot;:false,&quot;enableWhatsapp&quot;:false,&quot;enableFacebook&quot;:false,&quot;enablePinterest&quot;:false,&quot;enableLinkedin&quot;:false,&quot;enableEmail&quot;:false,&quot;randomFactor&quot;:0.5,&quot;type&quot;:&quot;creative-gallery&quot;,&quot;columns&quot;:12,&quot;gutter&quot;:10,&quot;mobileGutter&quot;:3,&quot;tabletGutter&quot;:5,&quot;desktopGutter&quot;:10,&quot;enableResponsive&quot;:&quot;0&quot;,&quot;tabletColumns&quot;:&quot;2&quot;,&quot;mobileColumns&quot;:&quot;1&quot;,&quot;lazyLoad&quot;:0,&quot;lightboxOpts&quot;:{&quot;animated&quot;:true,&quot;Thumbs&quot;:{&quot;type&quot;:&quot;modern&quot;,&quot;showOnStart&quot;:false},&quot;Toolbar&quot;:{&quot;display&quot;:{&quot;right&quot;:[&quot;close&quot;]},&quot;enabled&quot;:true},&quot;Carousel&quot;:{&quot;Panzoom&quot;:{&quot;touch&quot;:true},&quot;infinite&quot;:false},&quot;keyboard&quot;:{&quot;Escape&quot;:&quot;close&quot;,&quot;Delete&quot;:&quot;close&quot;,&quot;Backspace&quot;:&quot;close&quot;,&quot;PageUp&quot;:false,&quot;PageDown&quot;:false,&quot;ArrowUp&quot;:false,&quot;ArrowDown&quot;:false,&quot;ArrowRight&quot;:false,&quot;ArrowLeft&quot;:false},&quot;touch&quot;:false,&quot;backdropClick&quot;:false,&quot;l10n&quot;:{&quot;CLOSE&quot;:&quot;Cerrar&quot;,&quot;NEXT&quot;:&quot;Siguiente&quot;,&quot;PREV&quot;:&quot;Anterior&quot;,&quot;Error&quot;:&quot;No se ha podido cargar el contenido solicitado. Por favor, int\\u00e9ntalo de nuevo m\\u00e1s tarde.&quot;,&quot;PLAY_START&quot;:&quot;Empezar la presentaci\\u00f3n&quot;,&quot;PLAY_STOP&quot;:&quot;Pausar la presentaci\\u00f3n&quot;,&quot;FULL_SCREEN&quot;:&quot;Pantalla completa&quot;,&quot;THUMBS&quot;:&quot;Miniaturas&quot;,&quot;DOWNLOAD&quot;:&quot;Descargar&quot;,&quot;SHARE&quot;:&quot;Compartir&quot;,&quot;ZOOM&quot;:&quot;Zoom&quot;,&quot;EMAIL&quot;:&quot;Here is the link to the image : %%image_link%% and this is the link to the gallery : %%gallery_link%%&quot;,&quot;MODAL&quot;:&quot;Puedes cerrar este contenido emergente con la tecla ESC&quot;,&quot;ERROR&quot;:&quot;Algo ha ido mal, pro favor, prueba de nuevo m\\u00e1s tarde&quot;,&quot;IMAGE_ERROR&quot;:&quot;Imagen no encontrada&quot;,&quot;ELEMENT_NOT_FOUND&quot;:&quot;No se ha encontrado el elemento HTML&quot;,&quot;AJAX_NOT_FOUND&quot;:&quot;Error al cargar AJAX: No encontrado&quot;,&quot;AJAX_FORBIDDEN&quot;:&quot;Error al cargar AJAX: Prohibido&quot;,&quot;IFRAME_ERROR&quot;:&quot;Error al cargar la p\\u00e1gina&quot;,&quot;TOGGLE_ZOOM&quot;:&quot;Alternar nivel de ampliar\\\/acercar&quot;,&quot;TOGGLE_THUMBS&quot;:&quot;Alternar miniaturas&quot;,&quot;TOGGLE_SLIDESHOW&quot;:&quot;Alternar diapositiva&quot;,&quot;TOGGLE_FULLSCREEN&quot;:&quot;Cambiar al modo de pantalla completa&quot;},&quot;Images&quot;:{&quot;Panzoom&quot;:{&quot;maxScale&quot;:2}},&quot;mainClass&quot;:&quot;modula-fancybox-container modula-lightbox-jtg-357&quot;,&quot;Html&quot;:{&quot;videoAutoplay&quot;:0,&quot;videoTpl&quot;:&quot;&lt;video class=\\&quot;fancybox__html5video\\&quot; controls muted playsinline controlsList controlsList=\\&quot;nodownload\\&quot; poster=\\&quot;{{poster}}\\&quot; src=\\&quot;{{src}}\\&quot; type=\\&quot;{{format}}\\&quot; &gt;  Sorry, your browser doesn&#039;t support embedded videos, &lt;a href=\\&quot;{{src}}\\&quot;&gt; download &lt;\\\/a&gt; and watch with your favorite video player! &lt;\\\/video&gt;&quot;}},&quot;inView&quot;:false,&quot;email_subject&quot;:&quot;Check out this awesome image !!&quot;,&quot;email_message&quot;:&quot;Here is the link to the image : %%image_link%% and this is the link to the gallery : %%gallery_link%%&quot;,&quot;lightbox&quot;:&quot;fancybox&quot;}\">\n\n\t\n\t<div  class=\"modula-items\">\n\t\t<div class=\"modula-item effect-pufrobo\" >\n\t<div class=\"modula-item-overlay\"><\/div>\n\n\t<div class=\"modula-item-content\">\n\n\t\t<a data-image-id=\"358\" role=\"button\" tabindex=\"0\" rel=\"jtg-357\" data-caption=\"\" aria-label=\"Abrir la imagen en una caja de luz\" class=\"tile-inner modula-item-link\"><\/a><img loading=\"lazy\" decoding=\"async\" class=\"pic wp-image-358\"  data-valign=\"middle\" data-halign=\"center\" alt=\"\" data-full=\"https:\/\/anuario2021.torrefuerte.bo\/wp-content\/uploads\/2021\/12\/EncuentroMujeres_01.jpg\" title=\"EncuentroMujeres_01\" crop=\"\" width=\"511\" height=\"701\" src=\"https:\/\/anuario2021.torrefuerte.bo\/wp-content\/uploads\/2021\/12\/EncuentroMujeres_01.jpg\" data-src=\"https:\/\/anuario2021.torrefuerte.bo\/wp-content\/uploads\/2021\/12\/EncuentroMujeres_01.jpg\" data-caption=\"\"\/>\n\t\t<div class=\"figc no-description\">\n\t\t\t<div class=\"figc-inner\">\n\t\t\t\t\t\t\t\t\t\t\t\t\t\t\t<\/div>\n\t\t<\/div>\n\n\t<\/div>\n\n<\/div><div class=\"modula-item effect-pufrobo\" >\n\t<div class=\"modula-item-overlay\"><\/div>\n\n\t<div class=\"modula-item-content\">\n\n\t\t<a data-image-id=\"359\" role=\"button\" tabindex=\"0\" rel=\"jtg-357\" data-caption=\"\" aria-label=\"Abrir la imagen en una caja de luz\" class=\"tile-inner modula-item-link\"><\/a><img loading=\"lazy\" decoding=\"async\" class=\"pic wp-image-359\"  data-valign=\"middle\" data-halign=\"center\" alt=\"\" data-full=\"https:\/\/anuario2021.torrefuerte.bo\/wp-content\/uploads\/2021\/12\/EncuentroMujeres_02.jpg\" title=\"EncuentroMujeres_02\" crop=\"\" width=\"688\" height=\"420\" src=\"https:\/\/anuario2021.torrefuerte.bo\/wp-content\/uploads\/2021\/12\/EncuentroMujeres_02.jpg\" data-src=\"https:\/\/anuario2021.torrefuerte.bo\/wp-content\/uploads\/2021\/12\/EncuentroMujeres_02.jpg\" data-caption=\"\"\/>\n\t\t<div class=\"figc no-description\">\n\t\t\t<div class=\"figc-inner\">\n\t\t\t\t\t\t\t\t\t\t\t\t\t\t\t<\/div>\n\t\t<\/div>\n\n\t<\/div>\n\n<\/div><div class=\"modula-item effect-pufrobo\" >\n\t<div class=\"modula-item-overlay\"><\/div>\n\n\t<div class=\"modula-item-content\">\n\n\t\t<a data-image-id=\"360\" role=\"button\" tabindex=\"0\" rel=\"jtg-357\" data-caption=\"\" aria-label=\"Abrir la imagen en una caja de luz\" class=\"tile-inner modula-item-link\"><\/a><img loading=\"lazy\" decoding=\"async\" class=\"pic wp-image-360\"  data-valign=\"middle\" data-halign=\"center\" alt=\"\" data-full=\"https:\/\/anuario2021.torrefuerte.bo\/wp-content\/uploads\/2021\/12\/EncuentroMujeres_03.jpg\" title=\"EncuentroMujeres_03\" crop=\"\" width=\"548\" height=\"346\" src=\"https:\/\/anuario2021.torrefuerte.bo\/wp-content\/uploads\/2021\/12\/EncuentroMujeres_03.jpg\" data-src=\"https:\/\/anuario2021.torrefuerte.bo\/wp-content\/uploads\/2021\/12\/EncuentroMujeres_03.jpg\" data-caption=\"\"\/>\n\t\t<div class=\"figc no-description\">\n\t\t\t<div class=\"figc-inner\">\n\t\t\t\t\t\t\t\t\t\t\t\t\t\t\t<\/div>\n\t\t<\/div>\n\n\t<\/div>\n\n<\/div>\t\t\n\t<\/div>\n\n\t\n\t\n\t<script type=\"application\/ld+json\">\n\t{\n\t\t\"@context\": \"http:\/\/schema.org\",\n\t\t\"@type\"   : \"ImageGallery\",\n\t\t\"id\"      : \"https:\/\/anuario2021.torrefuerte.bo\/index.php\/encuentros\/\",\n\t\t\"url\"     : \"https:\/\/anuario2021.torrefuerte.bo\/index.php\/encuentros\/\"\n\t}\n\n\t<\/script>\n\n\t\n<\/div>\n\n\n\n<p class=\"has-text-align-center\"><p class=\"has-text-align-center\"><input type=\"button\" value=\"Volver\" class=\"alg_back_button_input \" style=\"\" onclick=\"window.history.back()\" \/><\/p><\/p>\n","protected":false},"excerpt":{"rendered":"<p>Solo basta un Encuentro con Jes\u00fas para cambiar tu vida. Solo basta un miembro de una familia para transformar una generaci\u00f3n.&nbsp; El Modelo de Jes\u00fas de TORRE FUERTE se encarg\u00f3 de todos los detalles para llevar a cabo los ENCUENTROS DE VARONES Y MUJERES. Fuimos &hellip; <a href=\"https:\/\/anuario2021.torrefuerte.bo\/index.php\/encuentros\/\" class=\"more-link\"><span>Seguir leyendo<span class=\"screen-reader-text\">ENCUENTROS<\/span><\/span><\/a><\/p>\n","protected":false},"author":2,"featured_media":52,"parent":0,"menu_order":0,"comment_status":"closed","ping_status":"closed","template":"","meta":{"footnotes":""},"class_list":["post-51","page","type-page","status-publish","has-post-thumbnail","hentry"],"_links":{"self":[{"href":"https:\/\/anuario2021.torrefuerte.bo\/index.php\/wp-json\/wp\/v2\/pages\/51","targetHints":{"allow":["GET"]}}],"collection":[{"href":"https:\/\/anuario2021.torrefuerte.bo\/index.php\/wp-json\/wp\/v2\/pages"}],"about":[{"href":"https:\/\/anuario2021.torrefuerte.bo\/index.php\/wp-json\/wp\/v2\/types\/page"}],"author":[{"embeddable":true,"href":"https:\/\/anuario2021.torrefuerte.bo\/index.php\/wp-json\/wp\/v2\/users\/2"}],"replies":[{"embeddable":true,"href":"https:\/\/anuario2021.torrefuerte.bo\/index.php\/wp-json\/wp\/v2\/comments?post=51"}],"version-history":[{"count":6,"href":"https:\/\/anuario2021.torrefuerte.bo\/index.php\/wp-json\/wp\/v2\/pages\/51\/revisions"}],"predecessor-version":[{"id":795,"href":"https:\/\/anuario2021.torrefuerte.bo\/index.php\/wp-json\/wp\/v2\/pages\/51\/revisions\/795"}],"wp:featuredmedia":[{"embeddable":true,"href":"https:\/\/anuario2021.torrefuerte.bo\/index.php\/wp-json\/wp\/v2\/media\/52"}],"wp:attachment":[{"href":"https:\/\/anuario2021.torrefuerte.bo\/index.php\/wp-json\/wp\/v2\/media?parent=51"}],"curies":[{"name":"wp","href":"https:\/\/api.w.org\/{rel}","templated":true}]}}