{"id":56,"date":"2021-11-23T15:33:55","date_gmt":"2021-11-23T15:33:55","guid":{"rendered":"https:\/\/anuario2021.torrefuerte.bo\/?page_id=56"},"modified":"2021-12-31T15:21:21","modified_gmt":"2021-12-31T15:21:21","slug":"mensaje","status":"publish","type":"page","link":"https:\/\/anuario2021.torrefuerte.bo\/index.php\/mensaje\/","title":{"rendered":"MENSAJE"},"content":{"rendered":"\n<p>El 2021 fue un a\u00f1o dif\u00edcil en t\u00e9rminos generales. Hubo de todo, fue un a\u00f1o de interrogantes sin responder; de cambio permanente y retos en lo emocional, en lo financiero y porqu\u00e9 no decirlo en el campo espiritual tambi\u00e9n.&nbsp;<\/p>\n\n\n\n<p>Cada a\u00f1o a trav\u00e9s de estas l\u00edneas pretendo resumir lo m\u00e1s destacable del a\u00f1o que termina.<\/p>\n\n\n\n<p>A inicios del a\u00f1o, y en particular con el cambio de autoridades locales, las decisiones acerca de las restricciones de circulaci\u00f3n debido a la pandemia hicieron que los horarios de nuestras reuniones generales sufrieran permanentes cambios.<\/p>\n\n\n\n<p>Nos dimos modos para ajustarnos y suplir la necesidad de nuestros congregados, as\u00ed fue que tuvimos una Santa Cena por medios virtuales el 3 de Enero, mantuvimos activo hasta julio el servicio de TF -Delivery, de igual manera lo hicimos con Auto-Congre, una modalidad de congregarse en la seguridad de su propio veh\u00edculo. Esta actividad llam\u00f3 la atenci\u00f3n de Cadena A, quienes dieron cobertura al tema a nivel nacional en su noticiero principal.<\/p>\n\n\n\n<p>El equipo de TorreChicos, puso a disposici\u00f3n de los ni\u00f1os dos horarios para congregarse a trav\u00e9s de una plataforma digital cada semana, y de igual manera crearon grupos de comunicaci\u00f3n con los padres de familia haciendo uso de medios tecnol\u00f3gicos.<\/p>\n\n\n\n<p>Un punto aparte merece la menci\u00f3n de la actividad a trav\u00e9s de redes en nuestro Canal Torreflix. A lo largo del a\u00f1o y con regularidad, se estuvieron exponiendo los programas \u201cConflictos y Verdades\u201d as\u00ed como \u201cAroma de Mujer\u201d; siendo este \u00faltimo requerido para ser emitido por televisi\u00f3n abierta a trav\u00e9s de XtoTV.&nbsp; Estrenamos el programa de testimonios \u201cSublime Gracia\u201d con mucho gozo y excelente acogida.<\/p>\n\n\n\n<p>Un evento de gran bendici\u00f3n fue aquel que decidimos llamar \u201cPalabra Din\u00e1mica\u201d donde 12 l\u00edderes predicaron mensajes breves&nbsp; por 3 semanas seguidas. Hermosas habilidades fueron expuestas ante la congregaci\u00f3n en general, la cual se deleit\u00f3 con las intervenciones de nuestros amados herma@s.<\/p>\n\n\n\n<p>No podemos dejar de lado las actividades de la Red de J\u00f3venes, quienes llevaron adelante sendos eventos como \u201cGive Away\u201d \u2013 2 noches de arte y ministraci\u00f3n para recaudar art\u00edculos para los hermanos en necesidad, la cosecha fue de&nbsp; 1.5 toneladas de productos. Otro evento fue \u201cSpring Run\u201d \u2013 180 j\u00f3venes participaron de las carreras de obst\u00e1culos y tuvieron un tiempo de sana convivencia. Y \u201cMovie Fest\u201d congreg\u00f3 a poco m\u00e1s de 200 j\u00f3venes con una proyecci\u00f3n de pel\u00edcula cristiana.<\/p>\n\n\n\n<p>La Red de Matrimonios pudo finalmente concretar la finalizaci\u00f3n del Premio del Saber, el que fue interrumpido por la pandemia. Marco Asfura fue el feliz ganador. Tambi\u00e9n tuvieron un Seminario exitoso referido a proteger los hogares, este se denomin\u00f3 \u201cBlindando tu hogar al enemigo\u201d. Punto alto para esta red fue el Ayuno de 4 d\u00edas, en los cuales estuvieron intercediendo por los hijos.<\/p>\n\n\n\n<p>En lo estrictamente ministerial podemos mencionar las reuniones semanales de l\u00edderes a trav\u00e9s de medios electr\u00f3nicos. Tuvimos nueve semanas de entrenamiento en el Seminario de Consejer\u00eda, a m\u00e1s de la publicaci\u00f3n del Manual de Consejer\u00eda, una gu\u00eda b\u00e1sica para ministrar en este aspecto.<\/p>\n\n\n\n<p>Tanto la Academia de Obreros, as\u00ed como&nbsp; el CLEM mantuvieron sus actividades regulares de equipamiento de los hermanos. Llevamos a cabo tambi\u00e9n Encuentros de varones y mujeres, as\u00ed como tambi\u00e9n el lanzamiento de 47 nuevos l\u00edderes en dos eventos.<\/p>\n\n\n\n<p>En cuanto a la oraci\u00f3n, tenemos grupos activos los d\u00edas Martes a S\u00e1bado quienes con regularidad se re\u00fanen generalmente por las ma\u00f1anas. Hoy en d\u00eda tambi\u00e9n est\u00e1n a disposici\u00f3n de los hermanos los res\u00famenes de las pr\u00e9dicas de Reuniones Generales en formato digital en la p\u00e1gina web de la Iglesia.<\/p>\n\n\n\n<p>La iglesia en Montero estuvo activa con diferentes actividades. Llevaron a cabo un evento de Honrar a los Padres, el cual fue muy positivo en materia de reconciliaci\u00f3n y acercamiento entre padres e hijos.<\/p>\n\n\n\n<p>En cuanto al grupo de hermanos de Warnes, podemos resaltar los 5 d\u00edas de predicaci\u00f3n que tuvieron en diferentes comunidades proyectando una pel\u00edcula y que trajo una cosecha de 139 conversiones y algunas sanidades.<\/p>\n\n\n\n<p>Este a\u00f1o que termina fuimos testigos de la partida de algunos hermanos a la presencia del Se\u00f1or.&nbsp; La sorpresiva partida de Nancy de Guzm\u00e1n y de John Ruiz fueron hechos realmente dif\u00edciles de asimilar. Hoy estamos seguros que ellos se gozan all\u00ed en la Presencia del Se\u00f1or.&nbsp;<\/p>\n\n\n\n<p>Los entendidos en materia econ\u00f3mica y pol\u00edtica avizoran d\u00edas muy dif\u00edciles para Bolivia en el 2022. Pero nosotros sabemos que quien tiene la \u00faltima palabra en todo es nuestro Se\u00f1or. En \u00c9L depositamos nuestra fe y confianza. \u00c9L es nuestro puerto seguro. A \u00c9L sea la gloria.<\/p>\n\n\n\n<p>Perm\u00edtanme bendecir sus vidas, hogares, trabajo, su salud y sus finanzas, pero por sobre todas las cosas es mi deseo que cada d\u00eda los miembros de <strong>TORRE FUERTE<\/strong> tengamos una relaci\u00f3n de comuni\u00f3n \u00edntima con nuestro todopoderoso amigo fiel, el Esp\u00edritu Santo.<\/p>\n\n\n\n<p><strong>\u00a1Tengan un muy feliz y bendecido 2022!<\/strong><\/p>\n\n\n\n<p><span class=\"has-inline-color has-black-color\">Rafael F. Vargas S.<\/span> <br>Ministro del Evangelio<\/p>\n\n\n\n<p>Santa Cruz de la Sierra, 31 de Diciembre de 2021<\/p>\n\n\n\n<figure class=\"wp-block-image size-full\"><img loading=\"lazy\" decoding=\"async\" width=\"1980\" height=\"1298\" src=\"http:\/\/anuario2021.torrefuerte.bo\/wp-content\/uploads\/2021\/12\/Pastores.jpg\" alt=\"\" class=\"wp-image-656\" srcset=\"https:\/\/anuario2021.torrefuerte.bo\/wp-content\/uploads\/2021\/12\/Pastores.jpg 1980w, https:\/\/anuario2021.torrefuerte.bo\/wp-content\/uploads\/2021\/12\/Pastores-1536x1007.jpg 1536w\" sizes=\"auto, (max-width: 1980px) 100vw, 1980px\" \/><\/figure>\n\n\n\n<p class=\"has-text-align-center\"><p class=\"has-text-align-center\"><input type=\"button\" value=\"Volver\" class=\"alg_back_button_input \" style=\"\" onclick=\"window.history.back()\" \/><\/p><\/p>\n","protected":false},"excerpt":{"rendered":"<p>El 2021 fue un a\u00f1o dif\u00edcil en t\u00e9rminos generales. Hubo de todo, fue un a\u00f1o de interrogantes sin responder; de cambio permanente y retos en lo emocional, en lo financiero y porqu\u00e9 no decirlo en el campo espiritual tambi\u00e9n.&nbsp; Cada a\u00f1o a trav\u00e9s de estas &hellip; <a href=\"https:\/\/anuario2021.torrefuerte.bo\/index.php\/mensaje\/\" class=\"more-link\"><span>Seguir leyendo<span class=\"screen-reader-text\">MENSAJE<\/span><\/span><\/a><\/p>\n","protected":false},"author":2,"featured_media":721,"parent":0,"menu_order":0,"comment_status":"closed","ping_status":"closed","template":"","meta":{"footnotes":""},"class_list":["post-56","page","type-page","status-publish","has-post-thumbnail","hentry"],"_links":{"self":[{"href":"https:\/\/anuario2021.torrefuerte.bo\/index.php\/wp-json\/wp\/v2\/pages\/56","targetHints":{"allow":["GET"]}}],"collection":[{"href":"https:\/\/anuario2021.torrefuerte.bo\/index.php\/wp-json\/wp\/v2\/pages"}],"about":[{"href":"https:\/\/anuario2021.torrefuerte.bo\/index.php\/wp-json\/wp\/v2\/types\/page"}],"author":[{"embeddable":true,"href":"https:\/\/anuario2021.torrefuerte.bo\/index.php\/wp-json\/wp\/v2\/users\/2"}],"replies":[{"embeddable":true,"href":"https:\/\/anuario2021.torrefuerte.bo\/index.php\/wp-json\/wp\/v2\/comments?post=56"}],"version-history":[{"count":7,"href":"https:\/\/anuario2021.torrefuerte.bo\/index.php\/wp-json\/wp\/v2\/pages\/56\/revisions"}],"predecessor-version":[{"id":802,"href":"https:\/\/anuario2021.torrefuerte.bo\/index.php\/wp-json\/wp\/v2\/pages\/56\/revisions\/802"}],"wp:featuredmedia":[{"embeddable":true,"href":"https:\/\/anuario2021.torrefuerte.bo\/index.php\/wp-json\/wp\/v2\/media\/721"}],"wp:attachment":[{"href":"https:\/\/anuario2021.torrefuerte.bo\/index.php\/wp-json\/wp\/v2\/media?parent=56"}],"curies":[{"name":"wp","href":"https:\/\/api.w.org\/{rel}","templated":true}]}}