{"id":60,"date":"2021-11-23T16:29:09","date_gmt":"2021-11-23T16:29:09","guid":{"rendered":"https:\/\/anuario2021.torrefuerte.bo\/?page_id=60"},"modified":"2021-12-31T15:11:15","modified_gmt":"2021-12-31T15:11:15","slug":"academia-de-obreros","status":"publish","type":"page","link":"https:\/\/anuario2021.torrefuerte.bo\/index.php\/academia-de-obreros\/","title":{"rendered":"ACADEMIA DE OBREROS"},"content":{"rendered":"\n<p>Tercera etapa del Modelo de Jes\u00fas, en la que, luego de asistir a un Encuentro, se nos da la oportunidad de seguir creciendo, ofreci\u00e9ndonos alimento espiritual que nos ayuda a mantenernos en la decisi\u00f3n de seguir a Cristo, fortaleciendo nuestra vida y brind\u00e1ndonos herramientas para poner en pr\u00e1ctica en nuestro diario vivir.&nbsp;<\/p>\n\n\n\n<p>Este 2021 seguimos con la Academia de Obreros en sus cuatro m\u00f3dulos, de forma virtual y tuvimos dos ciclos de academia, en los que cada semana los facilitadores se reunieron de forma virtual con los alumnos para reforzar los temas vistos en la semana, disipar dudas y compartir lo aprendido.&nbsp;<\/p>\n\n\n\n<figure class=\"wp-block-image size-full\"><img loading=\"lazy\" decoding=\"async\" width=\"1920\" height=\"1103\" src=\"http:\/\/anuario2021.torrefuerte.bo\/wp-content\/uploads\/2021\/11\/05_Folleto.jpg\" alt=\"\" class=\"wp-image-62\" srcset=\"https:\/\/anuario2021.torrefuerte.bo\/wp-content\/uploads\/2021\/11\/05_Folleto.jpg 1920w, https:\/\/anuario2021.torrefuerte.bo\/wp-content\/uploads\/2021\/11\/05_Folleto-1536x882.jpg 1536w\" sizes=\"auto, (max-width: 1920px) 100vw, 1920px\" \/><\/figure>\n\n\n\n<p class=\"has-text-align-center\"><p class=\"has-text-align-center\"><input type=\"button\" value=\"Volver\" class=\"alg_back_button_input \" style=\"\" onclick=\"window.history.back()\" \/><\/p><\/p>\n","protected":false},"excerpt":{"rendered":"<p>Tercera etapa del Modelo de Jes\u00fas, en la que, luego de asistir a un Encuentro, se nos da la oportunidad de seguir creciendo, ofreci\u00e9ndonos alimento espiritual que nos ayuda a mantenernos en la decisi\u00f3n de seguir a Cristo, fortaleciendo nuestra vida y brind\u00e1ndonos herramientas para &hellip; <a href=\"https:\/\/anuario2021.torrefuerte.bo\/index.php\/academia-de-obreros\/\" class=\"more-link\"><span>Seguir leyendo<span class=\"screen-reader-text\">ACADEMIA DE OBREROS<\/span><\/span><\/a><\/p>\n","protected":false},"author":2,"featured_media":442,"parent":0,"menu_order":0,"comment_status":"closed","ping_status":"closed","template":"","meta":{"footnotes":""},"class_list":["post-60","page","type-page","status-publish","has-post-thumbnail","hentry"],"_links":{"self":[{"href":"https:\/\/anuario2021.torrefuerte.bo\/index.php\/wp-json\/wp\/v2\/pages\/60","targetHints":{"allow":["GET"]}}],"collection":[{"href":"https:\/\/anuario2021.torrefuerte.bo\/index.php\/wp-json\/wp\/v2\/pages"}],"about":[{"href":"https:\/\/anuario2021.torrefuerte.bo\/index.php\/wp-json\/wp\/v2\/types\/page"}],"author":[{"embeddable":true,"href":"https:\/\/anuario2021.torrefuerte.bo\/index.php\/wp-json\/wp\/v2\/users\/2"}],"replies":[{"embeddable":true,"href":"https:\/\/anuario2021.torrefuerte.bo\/index.php\/wp-json\/wp\/v2\/comments?post=60"}],"version-history":[{"count":8,"href":"https:\/\/anuario2021.torrefuerte.bo\/index.php\/wp-json\/wp\/v2\/pages\/60\/revisions"}],"predecessor-version":[{"id":791,"href":"https:\/\/anuario2021.torrefuerte.bo\/index.php\/wp-json\/wp\/v2\/pages\/60\/revisions\/791"}],"wp:featuredmedia":[{"embeddable":true,"href":"https:\/\/anuario2021.torrefuerte.bo\/index.php\/wp-json\/wp\/v2\/media\/442"}],"wp:attachment":[{"href":"https:\/\/anuario2021.torrefuerte.bo\/index.php\/wp-json\/wp\/v2\/media?parent=60"}],"curies":[{"name":"wp","href":"https:\/\/api.w.org\/{rel}","templated":true}]}}