{"id":65,"date":"2021-11-23T20:51:19","date_gmt":"2021-11-23T20:51:19","guid":{"rendered":"https:\/\/anuario2021.torrefuerte.bo\/?page_id=65"},"modified":"2021-12-31T15:19:45","modified_gmt":"2021-12-31T15:19:45","slug":"lanzamiento","status":"publish","type":"page","link":"https:\/\/anuario2021.torrefuerte.bo\/index.php\/lanzamiento\/","title":{"rendered":"LANZAMIENTO"},"content":{"rendered":"\n<p>Cuarta etapa del Modelo de Jes\u00fas, en la que ya estamos listos para ser enviados y dar fruto. En el Lanzamiento somos empoderados para poder ser l\u00edderes de Grupos de Alcance y poder extender el Reino de Dios en nuestra ciudad.&nbsp;<\/p>\n\n\n\n<p>En este a\u00f1o tuvimos dos lanzamientos, combinando lo virtual y lo presencial, siempre con la presencia de Dios en las vidas y en el lugar de Lanzamiento.&nbsp;<\/p>\n\n\n\n<figure class=\"wp-block-image size-full\"><img loading=\"lazy\" decoding=\"async\" width=\"946\" height=\"654\" src=\"http:\/\/anuario2021.torrefuerte.bo\/wp-content\/uploads\/2021\/12\/1er-Lanzamiento_OK-1.jpg\" alt=\"\" class=\"wp-image-782\"\/><\/figure>\n\n\n\n<figure class=\"wp-block-image size-full\"><img loading=\"lazy\" decoding=\"async\" width=\"1083\" height=\"624\" src=\"http:\/\/anuario2021.torrefuerte.bo\/wp-content\/uploads\/2021\/12\/2do-Lanzameitno_Ok.jpg\" alt=\"\" class=\"wp-image-783\"\/><\/figure>\n\n\n\n<figure class=\"wp-block-image size-full\"><img loading=\"lazy\" decoding=\"async\" width=\"1920\" height=\"1080\" src=\"http:\/\/anuario2021.torrefuerte.bo\/wp-content\/uploads\/2021\/11\/06_Lanzamiento_2.jpg\" alt=\"\" class=\"wp-image-66\" srcset=\"https:\/\/anuario2021.torrefuerte.bo\/wp-content\/uploads\/2021\/11\/06_Lanzamiento_2.jpg 1920w, https:\/\/anuario2021.torrefuerte.bo\/wp-content\/uploads\/2021\/11\/06_Lanzamiento_2-1536x864.jpg 1536w\" sizes=\"auto, (max-width: 1920px) 100vw, 1920px\" \/><\/figure>\n\n\n\n<p class=\"has-text-align-center\"><p class=\"has-text-align-center\"><input type=\"button\" value=\"Volver\" class=\"alg_back_button_input \" style=\"\" onclick=\"window.history.back()\" \/><\/p><\/p>\n","protected":false},"excerpt":{"rendered":"<p>Cuarta etapa del Modelo de Jes\u00fas, en la que ya estamos listos para ser enviados y dar fruto. En el Lanzamiento somos empoderados para poder ser l\u00edderes de Grupos de Alcance y poder extender el Reino de Dios en nuestra ciudad.&nbsp; En este a\u00f1o tuvimos &hellip; <a href=\"https:\/\/anuario2021.torrefuerte.bo\/index.php\/lanzamiento\/\" class=\"more-link\"><span>Seguir leyendo<span class=\"screen-reader-text\">LANZAMIENTO<\/span><\/span><\/a><\/p>\n","protected":false},"author":2,"featured_media":70,"parent":0,"menu_order":0,"comment_status":"closed","ping_status":"closed","template":"","meta":{"footnotes":""},"class_list":["post-65","page","type-page","status-publish","has-post-thumbnail","hentry"],"_links":{"self":[{"href":"https:\/\/anuario2021.torrefuerte.bo\/index.php\/wp-json\/wp\/v2\/pages\/65","targetHints":{"allow":["GET"]}}],"collection":[{"href":"https:\/\/anuario2021.torrefuerte.bo\/index.php\/wp-json\/wp\/v2\/pages"}],"about":[{"href":"https:\/\/anuario2021.torrefuerte.bo\/index.php\/wp-json\/wp\/v2\/types\/page"}],"author":[{"embeddable":true,"href":"https:\/\/anuario2021.torrefuerte.bo\/index.php\/wp-json\/wp\/v2\/users\/2"}],"replies":[{"embeddable":true,"href":"https:\/\/anuario2021.torrefuerte.bo\/index.php\/wp-json\/wp\/v2\/comments?post=65"}],"version-history":[{"count":5,"href":"https:\/\/anuario2021.torrefuerte.bo\/index.php\/wp-json\/wp\/v2\/pages\/65\/revisions"}],"predecessor-version":[{"id":800,"href":"https:\/\/anuario2021.torrefuerte.bo\/index.php\/wp-json\/wp\/v2\/pages\/65\/revisions\/800"}],"wp:featuredmedia":[{"embeddable":true,"href":"https:\/\/anuario2021.torrefuerte.bo\/index.php\/wp-json\/wp\/v2\/media\/70"}],"wp:attachment":[{"href":"https:\/\/anuario2021.torrefuerte.bo\/index.php\/wp-json\/wp\/v2\/media?parent=65"}],"curies":[{"name":"wp","href":"https:\/\/api.w.org\/{rel}","templated":true}]}}