{"id":72,"date":"2021-11-29T22:47:55","date_gmt":"2021-11-29T22:47:55","guid":{"rendered":"https:\/\/anuario2021.torrefuerte.bo\/?page_id=72"},"modified":"2021-12-31T15:13:29","modified_gmt":"2021-12-31T15:13:29","slug":"clem","status":"publish","type":"page","link":"https:\/\/anuario2021.torrefuerte.bo\/index.php\/clem\/","title":{"rendered":"CLEM"},"content":{"rendered":"\n<p>Form\u00e1ndonos continuamente, es lo que nos ofrece el <strong>CLEM<\/strong> <em>(Centro de Liderazgo y Entrenamiento Ministerial)<\/em>, brind\u00e1ndonos la oportunidad de seguir creciendo y aprendiendo para poder servir de mejor manera a nuestro pr\u00f3jimo.&nbsp;<\/p>\n\n\n\n<p>En el Clem encontramos una formaci\u00f3n m\u00e1s profunda que la recibida en la Academia de Obreros, con materias que nos ayudan a adquirir principios y valores acordes a la Palabra de Dios que nos equipan a vivir una vida de excelencia.&nbsp;<\/p>\n\n\n\n<p>Esta gesti\u00f3n el CLEM abri\u00f3 sus puertas en los dos semestres, ambos realizados mediante video conferencias al vivo, lo que permite la interacci\u00f3n de los alumnos con los profesores.&nbsp;<\/p>\n\n\n\n<p><\/p>\n\n\n\n<p><\/p>\n\n\n\n<p class=\"has-text-align-center\"><p class=\"has-text-align-center\"><input type=\"button\" value=\"Volver\" class=\"alg_back_button_input \" style=\"\" onclick=\"window.history.back()\" \/><\/p><\/p>\n","protected":false},"excerpt":{"rendered":"<p>Form\u00e1ndonos continuamente, es lo que nos ofrece el CLEM (Centro de Liderazgo y Entrenamiento Ministerial), brind\u00e1ndonos la oportunidad de seguir creciendo y aprendiendo para poder servir de mejor manera a nuestro pr\u00f3jimo.&nbsp; En el Clem encontramos una formaci\u00f3n m\u00e1s profunda que la recibida en la &hellip; <a href=\"https:\/\/anuario2021.torrefuerte.bo\/index.php\/clem\/\" class=\"more-link\"><span>Seguir leyendo<span class=\"screen-reader-text\">CLEM<\/span><\/span><\/a><\/p>\n","protected":false},"author":2,"featured_media":75,"parent":0,"menu_order":0,"comment_status":"closed","ping_status":"closed","template":"","meta":{"footnotes":""},"class_list":["post-72","page","type-page","status-publish","has-post-thumbnail","hentry"],"_links":{"self":[{"href":"https:\/\/anuario2021.torrefuerte.bo\/index.php\/wp-json\/wp\/v2\/pages\/72","targetHints":{"allow":["GET"]}}],"collection":[{"href":"https:\/\/anuario2021.torrefuerte.bo\/index.php\/wp-json\/wp\/v2\/pages"}],"about":[{"href":"https:\/\/anuario2021.torrefuerte.bo\/index.php\/wp-json\/wp\/v2\/types\/page"}],"author":[{"embeddable":true,"href":"https:\/\/anuario2021.torrefuerte.bo\/index.php\/wp-json\/wp\/v2\/users\/2"}],"replies":[{"embeddable":true,"href":"https:\/\/anuario2021.torrefuerte.bo\/index.php\/wp-json\/wp\/v2\/comments?post=72"}],"version-history":[{"count":4,"href":"https:\/\/anuario2021.torrefuerte.bo\/index.php\/wp-json\/wp\/v2\/pages\/72\/revisions"}],"predecessor-version":[{"id":793,"href":"https:\/\/anuario2021.torrefuerte.bo\/index.php\/wp-json\/wp\/v2\/pages\/72\/revisions\/793"}],"wp:featuredmedia":[{"embeddable":true,"href":"https:\/\/anuario2021.torrefuerte.bo\/index.php\/wp-json\/wp\/v2\/media\/75"}],"wp:attachment":[{"href":"https:\/\/anuario2021.torrefuerte.bo\/index.php\/wp-json\/wp\/v2\/media?parent=72"}],"curies":[{"name":"wp","href":"https:\/\/api.w.org\/{rel}","templated":true}]}}