{"id":79,"date":"2021-11-30T15:25:00","date_gmt":"2021-11-30T15:25:00","guid":{"rendered":"https:\/\/anuario2021.torrefuerte.bo\/?page_id=79"},"modified":"2021-12-31T15:22:06","modified_gmt":"2021-12-31T15:22:06","slug":"oracion-de-madrugada","status":"publish","type":"page","link":"https:\/\/anuario2021.torrefuerte.bo\/index.php\/oracion-de-madrugada\/","title":{"rendered":"ORACI\u00d3N DE MADRUGADA"},"content":{"rendered":"\n<p class=\"has-text-align-center\"><strong>\u201c<em>Por la ma\u00f1ana busco tu presencia en oraci\u00f3n\u201d<\/em><\/strong>\n<br><em>Salmo 88:13<\/em><\/p>\n\n\n\n<p>Si bien vivimos en una \u00e9poca en que el distanciamiento f\u00edsico es necesario, eso no fue impedimento para buscar juntos a Dios y clamar por nuestras vidas, nuestras familias, autoridades espirituales, civiles, y por nuestra Bolivia. La tecnolog\u00eda hizo posible que formemos un ej\u00e9rcito de personas que en distintos d\u00edas nos reunimos para orar.<\/p>\n\n\n\n<p>Es as\u00ed que se implementaron 5 d\u00edas de Oraci\u00f3n de Madrugada utilizando diferentes plataformas online y dirigidas por l\u00edderes de diferentes redes de la congregaci\u00f3n.<\/p>\n\n\n<div  id=\"jtg-447\" class=\"modula modula-gallery modula-creative-gallery\" data-config=\"{&quot;height&quot;:800,&quot;tabletHeight&quot;:800,&quot;mobileHeight&quot;:800,&quot;desktopHeight&quot;:800,&quot;enableTwitter&quot;:false,&quot;enableWhatsapp&quot;:false,&quot;enableFacebook&quot;:false,&quot;enablePinterest&quot;:false,&quot;enableLinkedin&quot;:false,&quot;enableEmail&quot;:false,&quot;randomFactor&quot;:0.5,&quot;type&quot;:&quot;creative-gallery&quot;,&quot;columns&quot;:12,&quot;gutter&quot;:10,&quot;mobileGutter&quot;:3,&quot;tabletGutter&quot;:5,&quot;desktopGutter&quot;:10,&quot;enableResponsive&quot;:&quot;0&quot;,&quot;tabletColumns&quot;:&quot;2&quot;,&quot;mobileColumns&quot;:&quot;1&quot;,&quot;lazyLoad&quot;:0,&quot;lightboxOpts&quot;:{&quot;animated&quot;:true,&quot;Thumbs&quot;:{&quot;type&quot;:&quot;modern&quot;,&quot;showOnStart&quot;:false},&quot;Toolbar&quot;:{&quot;display&quot;:{&quot;right&quot;:[&quot;close&quot;]},&quot;enabled&quot;:true},&quot;Carousel&quot;:{&quot;Panzoom&quot;:{&quot;touch&quot;:true},&quot;infinite&quot;:false},&quot;keyboard&quot;:{&quot;Escape&quot;:&quot;close&quot;,&quot;Delete&quot;:&quot;close&quot;,&quot;Backspace&quot;:&quot;close&quot;,&quot;PageUp&quot;:false,&quot;PageDown&quot;:false,&quot;ArrowUp&quot;:false,&quot;ArrowDown&quot;:false,&quot;ArrowRight&quot;:false,&quot;ArrowLeft&quot;:false},&quot;touch&quot;:false,&quot;backdropClick&quot;:false,&quot;l10n&quot;:{&quot;CLOSE&quot;:&quot;Cerrar&quot;,&quot;NEXT&quot;:&quot;Siguiente&quot;,&quot;PREV&quot;:&quot;Anterior&quot;,&quot;Error&quot;:&quot;No se ha podido cargar el contenido solicitado. Por favor, int\\u00e9ntalo de nuevo m\\u00e1s tarde.&quot;,&quot;PLAY_START&quot;:&quot;Empezar la presentaci\\u00f3n&quot;,&quot;PLAY_STOP&quot;:&quot;Pausar la presentaci\\u00f3n&quot;,&quot;FULL_SCREEN&quot;:&quot;Pantalla completa&quot;,&quot;THUMBS&quot;:&quot;Miniaturas&quot;,&quot;DOWNLOAD&quot;:&quot;Descargar&quot;,&quot;SHARE&quot;:&quot;Compartir&quot;,&quot;ZOOM&quot;:&quot;Zoom&quot;,&quot;EMAIL&quot;:&quot;Here is the link to the image : %%image_link%% and this is the link to the gallery : %%gallery_link%%&quot;,&quot;MODAL&quot;:&quot;Puedes cerrar este contenido emergente con la tecla ESC&quot;,&quot;ERROR&quot;:&quot;Algo ha ido mal, pro favor, prueba de nuevo m\\u00e1s tarde&quot;,&quot;IMAGE_ERROR&quot;:&quot;Imagen no encontrada&quot;,&quot;ELEMENT_NOT_FOUND&quot;:&quot;No se ha encontrado el elemento HTML&quot;,&quot;AJAX_NOT_FOUND&quot;:&quot;Error al cargar AJAX: No encontrado&quot;,&quot;AJAX_FORBIDDEN&quot;:&quot;Error al cargar AJAX: Prohibido&quot;,&quot;IFRAME_ERROR&quot;:&quot;Error al cargar la p\\u00e1gina&quot;,&quot;TOGGLE_ZOOM&quot;:&quot;Alternar nivel de ampliar\\\/acercar&quot;,&quot;TOGGLE_THUMBS&quot;:&quot;Alternar miniaturas&quot;,&quot;TOGGLE_SLIDESHOW&quot;:&quot;Alternar diapositiva&quot;,&quot;TOGGLE_FULLSCREEN&quot;:&quot;Cambiar al modo de pantalla completa&quot;},&quot;Images&quot;:{&quot;Panzoom&quot;:{&quot;maxScale&quot;:2}},&quot;mainClass&quot;:&quot;modula-fancybox-container modula-lightbox-jtg-447&quot;,&quot;Html&quot;:{&quot;videoAutoplay&quot;:0,&quot;videoTpl&quot;:&quot;&lt;video class=\\&quot;fancybox__html5video\\&quot; controls muted playsinline controlsList controlsList=\\&quot;nodownload\\&quot; poster=\\&quot;{{poster}}\\&quot; src=\\&quot;{{src}}\\&quot; type=\\&quot;{{format}}\\&quot; &gt;  Sorry, your browser doesn&#039;t support embedded videos, &lt;a href=\\&quot;{{src}}\\&quot;&gt; download &lt;\\\/a&gt; and watch with your favorite video player! &lt;\\\/video&gt;&quot;}},&quot;inView&quot;:false,&quot;email_subject&quot;:&quot;Check out this awesome image !!&quot;,&quot;email_message&quot;:&quot;Here is the link to the image : %%image_link%% and this is the link to the gallery : %%gallery_link%%&quot;,&quot;lightbox&quot;:&quot;fancybox&quot;}\">\n\n\t\n\t<div  class=\"modula-items\">\n\t\t<div class=\"modula-item effect-pufrobo\" >\n\t<div class=\"modula-item-overlay\"><\/div>\n\n\t<div class=\"modula-item-content\">\n\n\t\t<a data-image-id=\"448\" role=\"button\" tabindex=\"0\" rel=\"jtg-447\" data-caption=\"\" aria-label=\"Abrir la imagen en una caja de luz\" class=\"tile-inner modula-item-link\"><\/a><img loading=\"lazy\" decoding=\"async\" class=\"pic wp-image-448\"  data-valign=\"middle\" data-halign=\"center\" alt=\"\" data-full=\"https:\/\/anuario2021.torrefuerte.bo\/wp-content\/uploads\/2021\/12\/WhatsApp-Image-2021-12-08-at-14.12.38-1.jpeg\" title=\"WhatsApp Image 2021-12-08 at 14.12.38 (1)\" crop=\"\" width=\"1280\" height=\"619\" src=\"https:\/\/anuario2021.torrefuerte.bo\/wp-content\/uploads\/2021\/12\/WhatsApp-Image-2021-12-08-at-14.12.38-1.jpeg\" data-src=\"https:\/\/anuario2021.torrefuerte.bo\/wp-content\/uploads\/2021\/12\/WhatsApp-Image-2021-12-08-at-14.12.38-1.jpeg\" data-caption=\"\"\/>\n\t\t<div class=\"figc no-description\">\n\t\t\t<div class=\"figc-inner\">\n\t\t\t\t\t\t\t\t\t\t\t\t\t\t\t<\/div>\n\t\t<\/div>\n\n\t<\/div>\n\n<\/div><div class=\"modula-item effect-pufrobo\" >\n\t<div class=\"modula-item-overlay\"><\/div>\n\n\t<div class=\"modula-item-content\">\n\n\t\t<a data-image-id=\"449\" role=\"button\" tabindex=\"0\" rel=\"jtg-447\" data-caption=\"\" aria-label=\"Abrir la imagen en una caja de luz\" class=\"tile-inner modula-item-link\"><\/a><img loading=\"lazy\" decoding=\"async\" class=\"pic wp-image-449\"  data-valign=\"middle\" data-halign=\"center\" alt=\"\" data-full=\"https:\/\/anuario2021.torrefuerte.bo\/wp-content\/uploads\/2021\/12\/WhatsApp-Image-2021-12-08-at-14.12.38.jpeg\" title=\"WhatsApp Image 2021-12-08 at 14.12.38\" crop=\"\" width=\"558\" height=\"422\" src=\"https:\/\/anuario2021.torrefuerte.bo\/wp-content\/uploads\/2021\/12\/WhatsApp-Image-2021-12-08-at-14.12.38.jpeg\" data-src=\"https:\/\/anuario2021.torrefuerte.bo\/wp-content\/uploads\/2021\/12\/WhatsApp-Image-2021-12-08-at-14.12.38.jpeg\" data-caption=\"\"\/>\n\t\t<div class=\"figc no-description\">\n\t\t\t<div class=\"figc-inner\">\n\t\t\t\t\t\t\t\t\t\t\t\t\t\t\t<\/div>\n\t\t<\/div>\n\n\t<\/div>\n\n<\/div><div class=\"modula-item effect-pufrobo\" >\n\t<div class=\"modula-item-overlay\"><\/div>\n\n\t<div class=\"modula-item-content\">\n\n\t\t<a data-image-id=\"450\" role=\"button\" tabindex=\"0\" rel=\"jtg-447\" data-caption=\"\" aria-label=\"Abrir la imagen en una caja de luz\" class=\"tile-inner modula-item-link\"><\/a><img loading=\"lazy\" decoding=\"async\" class=\"pic wp-image-450\"  data-valign=\"middle\" data-halign=\"center\" alt=\"\" data-full=\"https:\/\/anuario2021.torrefuerte.bo\/wp-content\/uploads\/2021\/12\/WhatsApp-Image-2021-12-08-at-14.12.39-1.jpeg\" title=\"WhatsApp Image 2021-12-08 at 14.12.39 (1)\" crop=\"\" width=\"1280\" height=\"694\" src=\"https:\/\/anuario2021.torrefuerte.bo\/wp-content\/uploads\/2021\/12\/WhatsApp-Image-2021-12-08-at-14.12.39-1.jpeg\" data-src=\"https:\/\/anuario2021.torrefuerte.bo\/wp-content\/uploads\/2021\/12\/WhatsApp-Image-2021-12-08-at-14.12.39-1.jpeg\" data-caption=\"\"\/>\n\t\t<div class=\"figc no-description\">\n\t\t\t<div class=\"figc-inner\">\n\t\t\t\t\t\t\t\t\t\t\t\t\t\t\t<\/div>\n\t\t<\/div>\n\n\t<\/div>\n\n<\/div><div class=\"modula-item effect-pufrobo\" >\n\t<div class=\"modula-item-overlay\"><\/div>\n\n\t<div class=\"modula-item-content\">\n\n\t\t<a data-image-id=\"451\" role=\"button\" tabindex=\"0\" rel=\"jtg-447\" data-caption=\"\" aria-label=\"Abrir la imagen en una caja de luz\" class=\"tile-inner modula-item-link\"><\/a><img loading=\"lazy\" decoding=\"async\" class=\"pic wp-image-451\"  data-valign=\"middle\" data-halign=\"center\" alt=\"\" data-full=\"https:\/\/anuario2021.torrefuerte.bo\/wp-content\/uploads\/2021\/12\/WhatsApp-Image-2021-12-08-at-14.12.39-2.jpeg\" title=\"WhatsApp Image 2021-12-08 at 14.12.39 (2)\" crop=\"\" width=\"1280\" height=\"584\" src=\"https:\/\/anuario2021.torrefuerte.bo\/wp-content\/uploads\/2021\/12\/WhatsApp-Image-2021-12-08-at-14.12.39-2.jpeg\" data-src=\"https:\/\/anuario2021.torrefuerte.bo\/wp-content\/uploads\/2021\/12\/WhatsApp-Image-2021-12-08-at-14.12.39-2.jpeg\" data-caption=\"\"\/>\n\t\t<div class=\"figc no-description\">\n\t\t\t<div class=\"figc-inner\">\n\t\t\t\t\t\t\t\t\t\t\t\t\t\t\t<\/div>\n\t\t<\/div>\n\n\t<\/div>\n\n<\/div><div class=\"modula-item effect-pufrobo\" >\n\t<div class=\"modula-item-overlay\"><\/div>\n\n\t<div class=\"modula-item-content\">\n\n\t\t<a data-image-id=\"452\" role=\"button\" tabindex=\"0\" rel=\"jtg-447\" data-caption=\"\" aria-label=\"Abrir la imagen en una caja de luz\" class=\"tile-inner modula-item-link\"><\/a><img loading=\"lazy\" decoding=\"async\" class=\"pic wp-image-452\"  data-valign=\"middle\" data-halign=\"center\" alt=\"\" data-full=\"https:\/\/anuario2021.torrefuerte.bo\/wp-content\/uploads\/2021\/12\/WhatsApp-Image-2021-12-08-at-14.12.39.jpeg\" title=\"WhatsApp Image 2021-12-08 at 14.12.39\" crop=\"\" width=\"1080\" height=\"617\" src=\"https:\/\/anuario2021.torrefuerte.bo\/wp-content\/uploads\/2021\/12\/WhatsApp-Image-2021-12-08-at-14.12.39.jpeg\" data-src=\"https:\/\/anuario2021.torrefuerte.bo\/wp-content\/uploads\/2021\/12\/WhatsApp-Image-2021-12-08-at-14.12.39.jpeg\" data-caption=\"\"\/>\n\t\t<div class=\"figc no-description\">\n\t\t\t<div class=\"figc-inner\">\n\t\t\t\t\t\t\t\t\t\t\t\t\t\t\t<\/div>\n\t\t<\/div>\n\n\t<\/div>\n\n<\/div><div class=\"modula-item effect-pufrobo\" >\n\t<div class=\"modula-item-overlay\"><\/div>\n\n\t<div class=\"modula-item-content\">\n\n\t\t<a data-image-id=\"453\" role=\"button\" tabindex=\"0\" rel=\"jtg-447\" data-caption=\"\" aria-label=\"Abrir la imagen en una caja de luz\" class=\"tile-inner modula-item-link\"><\/a><img loading=\"lazy\" decoding=\"async\" class=\"pic wp-image-453\"  data-valign=\"middle\" data-halign=\"center\" alt=\"\" data-full=\"https:\/\/anuario2021.torrefuerte.bo\/wp-content\/uploads\/2021\/12\/WhatsApp-Image-2021-12-08-at-14.12.40-1.jpeg\" title=\"WhatsApp Image 2021-12-08 at 14.12.40 (1)\" crop=\"\" width=\"1024\" height=\"498\" src=\"https:\/\/anuario2021.torrefuerte.bo\/wp-content\/uploads\/2021\/12\/WhatsApp-Image-2021-12-08-at-14.12.40-1.jpeg\" data-src=\"https:\/\/anuario2021.torrefuerte.bo\/wp-content\/uploads\/2021\/12\/WhatsApp-Image-2021-12-08-at-14.12.40-1.jpeg\" data-caption=\"\"\/>\n\t\t<div class=\"figc no-description\">\n\t\t\t<div class=\"figc-inner\">\n\t\t\t\t\t\t\t\t\t\t\t\t\t\t\t<\/div>\n\t\t<\/div>\n\n\t<\/div>\n\n<\/div><div class=\"modula-item effect-pufrobo\" >\n\t<div class=\"modula-item-overlay\"><\/div>\n\n\t<div class=\"modula-item-content\">\n\n\t\t<a data-image-id=\"454\" role=\"button\" tabindex=\"0\" rel=\"jtg-447\" data-caption=\"\" aria-label=\"Abrir la imagen en una caja de luz\" class=\"tile-inner modula-item-link\"><\/a><img loading=\"lazy\" decoding=\"async\" class=\"pic wp-image-454\"  data-valign=\"middle\" data-halign=\"center\" alt=\"\" data-full=\"https:\/\/anuario2021.torrefuerte.bo\/wp-content\/uploads\/2021\/12\/WhatsApp-Image-2021-12-08-at-14.12.40-2.jpeg\" title=\"WhatsApp Image 2021-12-08 at 14.12.40 (2)\" crop=\"\" width=\"1024\" height=\"568\" src=\"https:\/\/anuario2021.torrefuerte.bo\/wp-content\/uploads\/2021\/12\/WhatsApp-Image-2021-12-08-at-14.12.40-2.jpeg\" data-src=\"https:\/\/anuario2021.torrefuerte.bo\/wp-content\/uploads\/2021\/12\/WhatsApp-Image-2021-12-08-at-14.12.40-2.jpeg\" data-caption=\"\"\/>\n\t\t<div class=\"figc no-description\">\n\t\t\t<div class=\"figc-inner\">\n\t\t\t\t\t\t\t\t\t\t\t\t\t\t\t<\/div>\n\t\t<\/div>\n\n\t<\/div>\n\n<\/div><div class=\"modula-item effect-pufrobo\" >\n\t<div class=\"modula-item-overlay\"><\/div>\n\n\t<div class=\"modula-item-content\">\n\n\t\t<a data-image-id=\"455\" role=\"button\" tabindex=\"0\" rel=\"jtg-447\" data-caption=\"\" aria-label=\"Abrir la imagen en una caja de luz\" class=\"tile-inner modula-item-link\"><\/a><img loading=\"lazy\" decoding=\"async\" class=\"pic wp-image-455\"  data-valign=\"middle\" data-halign=\"center\" alt=\"\" data-full=\"https:\/\/anuario2021.torrefuerte.bo\/wp-content\/uploads\/2021\/12\/WhatsApp-Image-2021-12-08-at-14.12.40.jpeg\" title=\"WhatsApp Image 2021-12-08 at 14.12.40\" crop=\"\" width=\"1280\" height=\"659\" src=\"https:\/\/anuario2021.torrefuerte.bo\/wp-content\/uploads\/2021\/12\/WhatsApp-Image-2021-12-08-at-14.12.40.jpeg\" data-src=\"https:\/\/anuario2021.torrefuerte.bo\/wp-content\/uploads\/2021\/12\/WhatsApp-Image-2021-12-08-at-14.12.40.jpeg\" data-caption=\"\"\/>\n\t\t<div class=\"figc no-description\">\n\t\t\t<div class=\"figc-inner\">\n\t\t\t\t\t\t\t\t\t\t\t\t\t\t\t<\/div>\n\t\t<\/div>\n\n\t<\/div>\n\n<\/div><div class=\"modula-item effect-pufrobo\" >\n\t<div class=\"modula-item-overlay\"><\/div>\n\n\t<div class=\"modula-item-content\">\n\n\t\t<a data-image-id=\"456\" role=\"button\" tabindex=\"0\" rel=\"jtg-447\" data-caption=\"\" aria-label=\"Abrir la imagen en una caja de luz\" class=\"tile-inner modula-item-link\"><\/a><img loading=\"lazy\" decoding=\"async\" class=\"pic wp-image-456\"  data-valign=\"middle\" data-halign=\"center\" alt=\"\" data-full=\"https:\/\/anuario2021.torrefuerte.bo\/wp-content\/uploads\/2021\/12\/WhatsApp-Image-2021-12-08-at-14.12.41-1.jpeg\" title=\"WhatsApp Image 2021-12-08 at 14.12.41 (1)\" crop=\"\" width=\"1600\" height=\"903\" src=\"https:\/\/anuario2021.torrefuerte.bo\/wp-content\/uploads\/2021\/12\/WhatsApp-Image-2021-12-08-at-14.12.41-1.jpeg\" data-src=\"https:\/\/anuario2021.torrefuerte.bo\/wp-content\/uploads\/2021\/12\/WhatsApp-Image-2021-12-08-at-14.12.41-1.jpeg\" data-caption=\"\" srcset=\"https:\/\/anuario2021.torrefuerte.bo\/wp-content\/uploads\/2021\/12\/WhatsApp-Image-2021-12-08-at-14.12.41-1.jpeg 1600w, https:\/\/anuario2021.torrefuerte.bo\/wp-content\/uploads\/2021\/12\/WhatsApp-Image-2021-12-08-at-14.12.41-1-1536x867.jpeg 1536w\" sizes=\"auto, (max-width: 1600px) 100vw, 1600px\" \/>\n\t\t<div class=\"figc no-description\">\n\t\t\t<div class=\"figc-inner\">\n\t\t\t\t\t\t\t\t\t\t\t\t\t\t\t<\/div>\n\t\t<\/div>\n\n\t<\/div>\n\n<\/div><div class=\"modula-item effect-pufrobo\" >\n\t<div class=\"modula-item-overlay\"><\/div>\n\n\t<div class=\"modula-item-content\">\n\n\t\t<a data-image-id=\"457\" role=\"button\" tabindex=\"0\" rel=\"jtg-447\" data-caption=\"\" aria-label=\"Abrir la imagen en una caja de luz\" class=\"tile-inner modula-item-link\"><\/a><img loading=\"lazy\" decoding=\"async\" class=\"pic wp-image-457\"  data-valign=\"middle\" data-halign=\"center\" alt=\"\" data-full=\"https:\/\/anuario2021.torrefuerte.bo\/wp-content\/uploads\/2021\/12\/WhatsApp-Image-2021-12-08-at-14.12.41-2.jpeg\" title=\"WhatsApp Image 2021-12-08 at 14.12.41 (2)\" crop=\"\" width=\"957\" height=\"555\" src=\"https:\/\/anuario2021.torrefuerte.bo\/wp-content\/uploads\/2021\/12\/WhatsApp-Image-2021-12-08-at-14.12.41-2.jpeg\" data-src=\"https:\/\/anuario2021.torrefuerte.bo\/wp-content\/uploads\/2021\/12\/WhatsApp-Image-2021-12-08-at-14.12.41-2.jpeg\" data-caption=\"\"\/>\n\t\t<div class=\"figc no-description\">\n\t\t\t<div class=\"figc-inner\">\n\t\t\t\t\t\t\t\t\t\t\t\t\t\t\t<\/div>\n\t\t<\/div>\n\n\t<\/div>\n\n<\/div><div class=\"modula-item effect-pufrobo\" >\n\t<div class=\"modula-item-overlay\"><\/div>\n\n\t<div class=\"modula-item-content\">\n\n\t\t<a data-image-id=\"458\" role=\"button\" tabindex=\"0\" rel=\"jtg-447\" data-caption=\"\" aria-label=\"Abrir la imagen en una caja de luz\" class=\"tile-inner modula-item-link\"><\/a><img loading=\"lazy\" decoding=\"async\" class=\"pic wp-image-458\"  data-valign=\"middle\" data-halign=\"center\" alt=\"\" data-full=\"https:\/\/anuario2021.torrefuerte.bo\/wp-content\/uploads\/2021\/12\/WhatsApp-Image-2021-12-08-at-14.12.41-3.jpeg\" title=\"WhatsApp Image 2021-12-08 at 14.12.41 (3)\" crop=\"\" width=\"1280\" height=\"616\" src=\"https:\/\/anuario2021.torrefuerte.bo\/wp-content\/uploads\/2021\/12\/WhatsApp-Image-2021-12-08-at-14.12.41-3.jpeg\" data-src=\"https:\/\/anuario2021.torrefuerte.bo\/wp-content\/uploads\/2021\/12\/WhatsApp-Image-2021-12-08-at-14.12.41-3.jpeg\" data-caption=\"\"\/>\n\t\t<div class=\"figc no-description\">\n\t\t\t<div class=\"figc-inner\">\n\t\t\t\t\t\t\t\t\t\t\t\t\t\t\t<\/div>\n\t\t<\/div>\n\n\t<\/div>\n\n<\/div><div class=\"modula-item effect-pufrobo\" >\n\t<div class=\"modula-item-overlay\"><\/div>\n\n\t<div class=\"modula-item-content\">\n\n\t\t<a data-image-id=\"459\" role=\"button\" tabindex=\"0\" rel=\"jtg-447\" data-caption=\"\" aria-label=\"Abrir la imagen en una caja de luz\" class=\"tile-inner modula-item-link\"><\/a><img loading=\"lazy\" decoding=\"async\" class=\"pic wp-image-459\"  data-valign=\"middle\" data-halign=\"center\" alt=\"\" data-full=\"https:\/\/anuario2021.torrefuerte.bo\/wp-content\/uploads\/2021\/12\/WhatsApp-Image-2021-12-08-at-14.12.41.jpeg\" title=\"WhatsApp Image 2021-12-08 at 14.12.41\" crop=\"\" width=\"1080\" height=\"606\" src=\"https:\/\/anuario2021.torrefuerte.bo\/wp-content\/uploads\/2021\/12\/WhatsApp-Image-2021-12-08-at-14.12.41.jpeg\" data-src=\"https:\/\/anuario2021.torrefuerte.bo\/wp-content\/uploads\/2021\/12\/WhatsApp-Image-2021-12-08-at-14.12.41.jpeg\" data-caption=\"\"\/>\n\t\t<div class=\"figc no-description\">\n\t\t\t<div class=\"figc-inner\">\n\t\t\t\t\t\t\t\t\t\t\t\t\t\t\t<\/div>\n\t\t<\/div>\n\n\t<\/div>\n\n<\/div><div class=\"modula-item effect-pufrobo\" >\n\t<div class=\"modula-item-overlay\"><\/div>\n\n\t<div class=\"modula-item-content\">\n\n\t\t<a data-image-id=\"460\" role=\"button\" tabindex=\"0\" rel=\"jtg-447\" data-caption=\"\" aria-label=\"Abrir la imagen en una caja de luz\" class=\"tile-inner modula-item-link\"><\/a><img loading=\"lazy\" decoding=\"async\" class=\"pic wp-image-460\"  data-valign=\"middle\" data-halign=\"center\" alt=\"\" data-full=\"https:\/\/anuario2021.torrefuerte.bo\/wp-content\/uploads\/2021\/12\/WhatsApp-Image-2021-12-08-at-14.12.42-1.jpeg\" title=\"WhatsApp Image 2021-12-08 at 14.12.42 (1)\" crop=\"\" width=\"1080\" height=\"606\" src=\"https:\/\/anuario2021.torrefuerte.bo\/wp-content\/uploads\/2021\/12\/WhatsApp-Image-2021-12-08-at-14.12.42-1.jpeg\" data-src=\"https:\/\/anuario2021.torrefuerte.bo\/wp-content\/uploads\/2021\/12\/WhatsApp-Image-2021-12-08-at-14.12.42-1.jpeg\" data-caption=\"\"\/>\n\t\t<div class=\"figc no-description\">\n\t\t\t<div class=\"figc-inner\">\n\t\t\t\t\t\t\t\t\t\t\t\t\t\t\t<\/div>\n\t\t<\/div>\n\n\t<\/div>\n\n<\/div><div class=\"modula-item effect-pufrobo\" >\n\t<div class=\"modula-item-overlay\"><\/div>\n\n\t<div class=\"modula-item-content\">\n\n\t\t<a data-image-id=\"461\" role=\"button\" tabindex=\"0\" rel=\"jtg-447\" data-caption=\"\" aria-label=\"Abrir la imagen en una caja de luz\" class=\"tile-inner modula-item-link\"><\/a><img loading=\"lazy\" decoding=\"async\" class=\"pic wp-image-461\"  data-valign=\"middle\" data-halign=\"center\" alt=\"\" data-full=\"https:\/\/anuario2021.torrefuerte.bo\/wp-content\/uploads\/2021\/12\/WhatsApp-Image-2021-12-08-at-14.12.42.jpeg\" title=\"WhatsApp Image 2021-12-08 at 14.12.42\" crop=\"\" width=\"835\" height=\"553\" src=\"https:\/\/anuario2021.torrefuerte.bo\/wp-content\/uploads\/2021\/12\/WhatsApp-Image-2021-12-08-at-14.12.42.jpeg\" data-src=\"https:\/\/anuario2021.torrefuerte.bo\/wp-content\/uploads\/2021\/12\/WhatsApp-Image-2021-12-08-at-14.12.42.jpeg\" data-caption=\"\"\/>\n\t\t<div class=\"figc no-description\">\n\t\t\t<div class=\"figc-inner\">\n\t\t\t\t\t\t\t\t\t\t\t\t\t\t\t<\/div>\n\t\t<\/div>\n\n\t<\/div>\n\n<\/div>\t\t\n\t<\/div>\n\n\t\n\t\n\t<script type=\"application\/ld+json\">\n\t{\n\t\t\"@context\": \"http:\/\/schema.org\",\n\t\t\"@type\"   : \"ImageGallery\",\n\t\t\"id\"      : \"https:\/\/anuario2021.torrefuerte.bo\/index.php\/oracion-de-madrugada\/\",\n\t\t\"url\"     : \"https:\/\/anuario2021.torrefuerte.bo\/index.php\/oracion-de-madrugada\/\"\n\t}\n\n\t<\/script>\n\n\t\n<\/div>\n\n\n\n<p><\/p>\n\n\n\n<figure class=\"wp-block-image size-full\"><img loading=\"lazy\" decoding=\"async\" width=\"1920\" height=\"1080\" src=\"http:\/\/anuario2021.torrefuerte.bo\/wp-content\/uploads\/2021\/11\/08_Oracion_B.jpg\" alt=\"\" class=\"wp-image-80\" srcset=\"https:\/\/anuario2021.torrefuerte.bo\/wp-content\/uploads\/2021\/11\/08_Oracion_B.jpg 1920w, https:\/\/anuario2021.torrefuerte.bo\/wp-content\/uploads\/2021\/11\/08_Oracion_B-1536x864.jpg 1536w\" sizes=\"auto, (max-width: 1920px) 100vw, 1920px\" \/><\/figure>\n\n\n\n<p class=\"has-text-align-center\"><p class=\"has-text-align-center\"><input type=\"button\" value=\"Volver\" class=\"alg_back_button_input \" style=\"\" onclick=\"window.history.back()\" \/><\/p><\/p>\n","protected":false},"excerpt":{"rendered":"<p>\u201cPor la ma\u00f1ana busco tu presencia en oraci\u00f3n\u201d Salmo 88:13 Si bien vivimos en una \u00e9poca en que el distanciamiento f\u00edsico es necesario, eso no fue impedimento para buscar juntos a Dios y clamar por nuestras vidas, nuestras familias, autoridades espirituales, civiles, y por nuestra &hellip; <a href=\"https:\/\/anuario2021.torrefuerte.bo\/index.php\/oracion-de-madrugada\/\" class=\"more-link\"><span>Seguir leyendo<span class=\"screen-reader-text\">ORACI\u00d3N DE MADRUGADA<\/span><\/span><\/a><\/p>\n","protected":false},"author":2,"featured_media":81,"parent":0,"menu_order":0,"comment_status":"closed","ping_status":"closed","template":"","meta":{"footnotes":""},"class_list":["post-79","page","type-page","status-publish","has-post-thumbnail","hentry"],"_links":{"self":[{"href":"https:\/\/anuario2021.torrefuerte.bo\/index.php\/wp-json\/wp\/v2\/pages\/79","targetHints":{"allow":["GET"]}}],"collection":[{"href":"https:\/\/anuario2021.torrefuerte.bo\/index.php\/wp-json\/wp\/v2\/pages"}],"about":[{"href":"https:\/\/anuario2021.torrefuerte.bo\/index.php\/wp-json\/wp\/v2\/types\/page"}],"author":[{"embeddable":true,"href":"https:\/\/anuario2021.torrefuerte.bo\/index.php\/wp-json\/wp\/v2\/users\/2"}],"replies":[{"embeddable":true,"href":"https:\/\/anuario2021.torrefuerte.bo\/index.php\/wp-json\/wp\/v2\/comments?post=79"}],"version-history":[{"count":5,"href":"https:\/\/anuario2021.torrefuerte.bo\/index.php\/wp-json\/wp\/v2\/pages\/79\/revisions"}],"predecessor-version":[{"id":804,"href":"https:\/\/anuario2021.torrefuerte.bo\/index.php\/wp-json\/wp\/v2\/pages\/79\/revisions\/804"}],"wp:featuredmedia":[{"embeddable":true,"href":"https:\/\/anuario2021.torrefuerte.bo\/index.php\/wp-json\/wp\/v2\/media\/81"}],"wp:attachment":[{"href":"https:\/\/anuario2021.torrefuerte.bo\/index.php\/wp-json\/wp\/v2\/media?parent=79"}],"curies":[{"name":"wp","href":"https:\/\/api.w.org\/{rel}","templated":true}]}}